{"id":288602,"date":"2025-03-05T08:00:39","date_gmt":"2025-03-26T18:00:48","guid":{"rendered":"https:\/\/staging.nbg.eu\/prodcut\/magpul-prs-gen3-precision-adjustable-stock\/"},"modified":"2025-03-26T18:03:23","modified_gmt":"2025-03-26T18:03:23","slug":"magpul-prs-gen3-precizno-nastavljiva-kopita","status":"publish","type":"product","link":"https:\/\/staging.nbg.eu\/sl\/izdelek\/magpul-prs-gen3-precizno-nastavljiva-kopita\/","title":{"rendered":"Magpul &#8211; PRS\u00ae GEN3 Precizno Nastavljiva Kopita"},"content":{"rendered":"<div class=\"product-description\">\n<h2>Magpul &#8211; PRS\u00ae GEN3 nastavljiva kopita<\/h2>\n<p>PRS GEN3 je kopito za platforme AR15\/M16 in AR10\/SR25, ki omogo\u010da nastavitev dol\u017eine potega in vi\u0161ine li\u010dnice brez orodja. Zasnovano je za polavtomatske ostrostrelske pu\u0161ke ali pu\u0161ke za lov na \u0161kodljivce, zagotavlja stabilno vmesje in skoraj univerzalno prileganje.<\/p>\n<ul>\n<li>Optimizirano za podalj\u0161ke sprejemnika pu\u0161kine dol\u017eine<\/li>\n<li>Zdru\u017eljivo s \u0161tevilnimi Mil-Spec karabinskimi in A5-dol\u017einskimi cevmi<\/li>\n<li>Gumijasta podloga za kopito z nastavljivo vi\u0161ino\/nagibom<\/li>\n<li>Rotacijsko omejene skodelice za hitro snemljivo zanko<\/li>\n<li>M-LOK\u00ae re\u017ee za namestitev zadnjega monopoda<\/li>\n<li>Izdelano v ZDA<\/li>\n<\/ul>\n<p>PRS GEN3 ima strojno obdelane aluminijaste gumbe za nastavitev, jeklene osi s Melonite\u00ae zaklju\u010dkom in ve\u010d mo\u017enosti za namestitev zanke, kar zagotavlja trpe\u017enost in vsestranskost na terenu.<\/p>\n<\/div>\n","protected":false},"excerpt":{"rendered":"<p>Natan\u010den AR kopito z brezorodno nastavitvijo dol\u017eine potega in vi\u0161ine lica.<\/p>\n","protected":false},"featured_media":238370,"template":"","meta":{"_acf_changed":false},"product_brand":[11542],"product_cat":[13443,13432,13483],"product_tag":[],"class_list":{"0":"post-288602","1":"product","2":"type-product","3":"status-publish","4":"has-post-thumbnail","6":"product_brand-magpul","7":"product_cat-kopita-puske","8":"product_cat-nastavitve-puske","9":"product_cat-puska","11":"first","12":"instock","13":"taxable","14":"shipping-taxable","15":"purchasable","16":"product-type-variable","17":"wvs-archive-product-wrapper"},"acf":[],"_links":{"self":[{"href":"https:\/\/staging.nbg.eu\/sl\/wp-json\/wp\/v2\/product\/288602","targetHints":{"allow":["GET"]}}],"collection":[{"href":"https:\/\/staging.nbg.eu\/sl\/wp-json\/wp\/v2\/product"}],"about":[{"href":"https:\/\/staging.nbg.eu\/sl\/wp-json\/wp\/v2\/types\/product"}],"wp:featuredmedia":[{"embeddable":true,"href":"https:\/\/staging.nbg.eu\/sl\/wp-json\/wp\/v2\/media\/238370"}],"wp:attachment":[{"href":"https:\/\/staging.nbg.eu\/sl\/wp-json\/wp\/v2\/media?parent=288602"}],"wp:term":[{"taxonomy":"product_brand","embeddable":true,"href":"https:\/\/staging.nbg.eu\/sl\/wp-json\/wp\/v2\/product_brand?post=288602"},{"taxonomy":"product_cat","embeddable":true,"href":"https:\/\/staging.nbg.eu\/sl\/wp-json\/wp\/v2\/product_cat?post=288602"},{"taxonomy":"product_tag","embeddable":true,"href":"https:\/\/staging.nbg.eu\/sl\/wp-json\/wp\/v2\/product_tag?post=288602"}],"curies":[{"name":"wp","href":"https:\/\/api.w.org\/{rel}","templated":true}]}}