{"id":287749,"date":"2025-03-06T20:23:37","date_gmt":"2025-03-06T20:23:37","guid":{"rendered":"https:\/\/staging.nbg.eu\/prodcut\/clawgear-ak47-short-slick-handguard-m-lok\/"},"modified":"2025-03-26T12:40:28","modified_gmt":"2025-03-26T12:40:28","slug":"clawgear-ak47-kratko-gladko-sprednje-drzalo-m-lok","status":"publish","type":"product","link":"https:\/\/staging.nbg.eu\/sl\/izdelek\/clawgear-ak47-kratko-gladko-sprednje-drzalo-m-lok\/","title":{"rendered":"Clawgear &#8211; AK47 kratko gladko sprednje drzalo M-LOK"},"content":{"rendered":"<h2>Clawgear &#8211; AK47 kratko prednje kopito M-LOK<\/h2>\n<p>Zna\u010dilnosti prednjega kopita za AK47:<\/p>\n<ul>\n<li>M-LOK sistem za pritrditev dodatkov<\/li>\n<li>Matirana \u010drna povr\u0161ina za zmanj\u0161anje odsevov<\/li>\n<li>QD pritrdilna to\u010dka za jermen na zadnjem delu<\/li>\n<li>Zdru\u017eljivo s kovanimi in rezkani sprejemniki<\/li>\n<li>Izdelano iz 6061 aluminija<\/li>\n<li>MIL-SPEC Type III anodiziran zaklju\u010dek<\/li>\n<\/ul>\n<p>Dimenzije: 16,4 cm (D) x 4,5 cm (\u0160) x 4 cm (V)<\/p>\n<p>Te\u017ea: 0,16 kg<\/p>\n<p>Prednje kopito za AK47.<\/p>\n","protected":false},"excerpt":{"rendered":"<p>Lahka M-LOK ro\u010dica za AK47. QD to\u010dka za jermen. Ustreza razli\u010dnim sprejemnikom.<\/p>\n","protected":false},"featured_media":245172,"template":"","meta":{"_acf_changed":false},"product_brand":[],"product_cat":[13417,13432,13483],"product_tag":[],"class_list":{"0":"post-287749","1":"product","2":"type-product","3":"status-publish","4":"has-post-thumbnail","6":"product_cat-ak-nastavitve","7":"product_cat-nastavitve-puske","8":"product_cat-puska","10":"first","11":"instock","12":"taxable","13":"shipping-taxable","14":"purchasable","15":"product-type-simple"},"acf":[],"_links":{"self":[{"href":"https:\/\/staging.nbg.eu\/sl\/wp-json\/wp\/v2\/product\/287749","targetHints":{"allow":["GET"]}}],"collection":[{"href":"https:\/\/staging.nbg.eu\/sl\/wp-json\/wp\/v2\/product"}],"about":[{"href":"https:\/\/staging.nbg.eu\/sl\/wp-json\/wp\/v2\/types\/product"}],"wp:featuredmedia":[{"embeddable":true,"href":"https:\/\/staging.nbg.eu\/sl\/wp-json\/wp\/v2\/media\/245172"}],"wp:attachment":[{"href":"https:\/\/staging.nbg.eu\/sl\/wp-json\/wp\/v2\/media?parent=287749"}],"wp:term":[{"taxonomy":"product_brand","embeddable":true,"href":"https:\/\/staging.nbg.eu\/sl\/wp-json\/wp\/v2\/product_brand?post=287749"},{"taxonomy":"product_cat","embeddable":true,"href":"https:\/\/staging.nbg.eu\/sl\/wp-json\/wp\/v2\/product_cat?post=287749"},{"taxonomy":"product_tag","embeddable":true,"href":"https:\/\/staging.nbg.eu\/sl\/wp-json\/wp\/v2\/product_tag?post=287749"}],"curies":[{"name":"wp","href":"https:\/\/api.w.org\/{rel}","templated":true}]}}