{"id":285532,"date":"2025-03-04T19:02:48","date_gmt":"2025-03-25T14:28:52","guid":{"rendered":"https:\/\/staging.nbg.eu\/product\/magpul-ctr-moe-cheek-riser-0-75\/"},"modified":"2025-03-25T14:31:02","modified_gmt":"2025-03-25T14:31:02","slug":"magpul-ctr-moe-dvigalo-za-lice-075","status":"publish","type":"product","link":"https:\/\/staging.nbg.eu\/sl\/izdelek\/magpul-ctr-moe-dvigalo-za-lice-075\/","title":{"rendered":"Magpul &#8211; CTR \/ MOE dvigalo za lice &#8211; 0.75&#8243;"},"content":{"rendered":"<div class=\"product-description\">\n<h2>Magpul &#8211; CTR \/ MOE Li\u010dna Opora &#8211; 0,75&#8243;<\/h2>\n<p>Magpul CTR \/ MOE li\u010dna opora je dodatek, ki se pripne in dvigne polo\u017eaj lica za 1,9 cm, kar izbolj\u0161a udobje in poravnavo pogleda pri razli\u010dnih strelnih oro\u017ejih.<\/p>\n<ul>\n<li>Zdru\u017eljivo s CTR, MOE\u00ae, DT in PR kopiti za karabinke<\/li>\n<li>Primerno za sisteme, ki niso AR15\/M4, kot so predelave kopita karabinke M14<\/li>\n<li>Enostavna namestitev s pripenjanjem<\/li>\n<li>Izdelano v ZDA<\/li>\n<li>NSN: MAG327-BLK 1005-01-591-6041<\/li>\n<\/ul>\n<p><strong>Opomba:<\/strong> Lahko ovira delovanje ro\u010dice za polnjenje na platformah AR15\/M4, razen \u010de je kopito popolnoma iztegnjeno.<\/p>\n<\/div>\n","protected":false},"excerpt":{"rendered":"<p>&#8220;Nastavek za lice z zaponko 0,75&#8221; za ve\u010dje udobje in natan\u010dnost.&#8221;<\/p>\n","protected":false},"featured_media":237161,"template":"","meta":{"_acf_changed":false},"product_brand":[11542],"product_cat":[13443,13432,13483],"product_tag":[],"class_list":{"0":"post-285532","1":"product","2":"type-product","3":"status-publish","4":"has-post-thumbnail","6":"product_brand-magpul","7":"product_cat-kopita-puske","8":"product_cat-nastavitve-puske","9":"product_cat-puska","11":"first","12":"instock","13":"taxable","14":"shipping-taxable","15":"purchasable","16":"product-type-variable","17":"wvs-archive-product-wrapper"},"acf":[],"_links":{"self":[{"href":"https:\/\/staging.nbg.eu\/sl\/wp-json\/wp\/v2\/product\/285532","targetHints":{"allow":["GET"]}}],"collection":[{"href":"https:\/\/staging.nbg.eu\/sl\/wp-json\/wp\/v2\/product"}],"about":[{"href":"https:\/\/staging.nbg.eu\/sl\/wp-json\/wp\/v2\/types\/product"}],"wp:featuredmedia":[{"embeddable":true,"href":"https:\/\/staging.nbg.eu\/sl\/wp-json\/wp\/v2\/media\/237161"}],"wp:attachment":[{"href":"https:\/\/staging.nbg.eu\/sl\/wp-json\/wp\/v2\/media?parent=285532"}],"wp:term":[{"taxonomy":"product_brand","embeddable":true,"href":"https:\/\/staging.nbg.eu\/sl\/wp-json\/wp\/v2\/product_brand?post=285532"},{"taxonomy":"product_cat","embeddable":true,"href":"https:\/\/staging.nbg.eu\/sl\/wp-json\/wp\/v2\/product_cat?post=285532"},{"taxonomy":"product_tag","embeddable":true,"href":"https:\/\/staging.nbg.eu\/sl\/wp-json\/wp\/v2\/product_tag?post=285532"}],"curies":[{"name":"wp","href":"https:\/\/api.w.org\/{rel}","templated":true}]}}