{"id":285485,"date":"2025-03-04T19:02:27","date_gmt":"2025-03-25T14:28:23","guid":{"rendered":"https:\/\/staging.nbg.eu\/product\/magpul-ctr-moe-cheek-riser-0-5\/"},"modified":"2025-03-25T14:30:32","modified_gmt":"2025-03-25T14:30:32","slug":"magpul-ctr-moe-dvigalo-za-lice-05","status":"publish","type":"product","link":"https:\/\/staging.nbg.eu\/sl\/izdelek\/magpul-ctr-moe-dvigalo-za-lice-05\/","title":{"rendered":"Magpul &#8211; CTR \/ MOE dvigalo za lice &#8211; 0.5&#8243;"},"content":{"rendered":"<div class=\"product-description\">\n<h2>Magpul &#8211; CTR \/ MOE Li\u010dna Opora &#8211; 0,5&#8243;<\/h2>\n<p>Magpul CTR \/ MOE li\u010dna opora. Ta priponka je namenjena za CTR, MOE\u00ae, DT in PR kopita karabin.<\/p>\n<ul>\n<li>Dvigne li\u010dno oporo za 1\/2 in\u010da<\/li>\n<li>Primerno za uporabo pri oro\u017eju, ki ni AR15\/M4<\/li>\n<li>Primerno za predelave kopit M14 karabin<\/li>\n<li>Izdelano v ZDA<\/li>\n<li>NSN: MAG326-BLK 1005-01-591-6035<\/li>\n<\/ul>\n<p><strong>Opomba:<\/strong> Lahko ovira delovanje ro\u010dice za napenjanje na platformah AR15\/M4, razen \u010de je kopito popolnoma iztegnjeno.<\/p>\n<p>Li\u010dna opora Magpul za izbolj\u0161anje ergonomije pu\u0161ke in doseganje bolj dosledne slike pogleda.<\/p>\n<\/div>\n","protected":false},"excerpt":{"rendered":"<p>Priponska li\u010dna opora za kopita, ki niso AR15\/M4. Dvigne nastavek za 1,27 cm.<\/p>\n","protected":false},"featured_media":237045,"template":"","meta":{"_acf_changed":false},"product_brand":[11542],"product_cat":[13443,13432,13483],"product_tag":[],"class_list":{"0":"post-285485","1":"product","2":"type-product","3":"status-publish","4":"has-post-thumbnail","6":"product_brand-magpul","7":"product_cat-kopita-puske","8":"product_cat-nastavitve-puske","9":"product_cat-puska","11":"first","12":"instock","13":"taxable","14":"shipping-taxable","15":"purchasable","16":"product-type-variable","17":"wvs-archive-product-wrapper"},"acf":[],"_links":{"self":[{"href":"https:\/\/staging.nbg.eu\/sl\/wp-json\/wp\/v2\/product\/285485","targetHints":{"allow":["GET"]}}],"collection":[{"href":"https:\/\/staging.nbg.eu\/sl\/wp-json\/wp\/v2\/product"}],"about":[{"href":"https:\/\/staging.nbg.eu\/sl\/wp-json\/wp\/v2\/types\/product"}],"wp:featuredmedia":[{"embeddable":true,"href":"https:\/\/staging.nbg.eu\/sl\/wp-json\/wp\/v2\/media\/237045"}],"wp:attachment":[{"href":"https:\/\/staging.nbg.eu\/sl\/wp-json\/wp\/v2\/media?parent=285485"}],"wp:term":[{"taxonomy":"product_brand","embeddable":true,"href":"https:\/\/staging.nbg.eu\/sl\/wp-json\/wp\/v2\/product_brand?post=285485"},{"taxonomy":"product_cat","embeddable":true,"href":"https:\/\/staging.nbg.eu\/sl\/wp-json\/wp\/v2\/product_cat?post=285485"},{"taxonomy":"product_tag","embeddable":true,"href":"https:\/\/staging.nbg.eu\/sl\/wp-json\/wp\/v2\/product_tag?post=285485"}],"curies":[{"name":"wp","href":"https:\/\/api.w.org\/{rel}","templated":true}]}}