{"id":285300,"date":"2025-03-04T18:44:51","date_gmt":"2025-03-25T14:26:42","guid":{"rendered":"https:\/\/staging.nbg.eu\/product\/magpul-ctr-moe-cheek-riser-0-25\/"},"modified":"2025-03-25T14:28:53","modified_gmt":"2025-03-25T14:28:53","slug":"magpul-ctr-moe-dvigalo-za-lice-025","status":"publish","type":"product","link":"https:\/\/staging.nbg.eu\/sl\/izdelek\/magpul-ctr-moe-dvigalo-za-lice-025\/","title":{"rendered":"Magpul &#8211; CTR \/ MOE dvigalo za lice &#8211; 0.25&#8221;"},"content":{"rendered":"<div class=\"product-description\">\n<h2>Magpul &#8211; CTR \/ MOE Li\u010dna Podpora &#8211; 0,25&#8243;<\/h2>\n<p>Magpul CTR \/ MOE li\u010dna podpora je priponski dodatek, zasnovan za dvig li\u010dne opore za 6,35 mm, ki zagotavlja udobje in natan\u010dnost za aplikacije, ki niso AR15\/M4.<\/p>\n<ul>\n<li>Zdru\u017eljiv s CTR, MOE\u00ae, DT in PR kopiti za karabinke<\/li>\n<li>Primeren za predelave kopit karabink M14<\/li>\n<li>Izdelano v ZDA<\/li>\n<li>NSN: MAG325-BLK 1005-01-591-6018<\/li>\n<\/ul>\n<p><strong>Opomba:<\/strong> Ta podpora lahko ovira delovanje ro\u010dice za polnjenje na platformah AR15\/M4, razen \u010de je kopito popolnoma iztegnjeno.<\/p>\n<\/div>\n","protected":false},"excerpt":{"rendered":"<p>Li\u010dna opora za kopita, ki niso AR15\/M4. Dvigne nastavek za 0,25 palca. Izdelano v ZDA.<\/p>\n","protected":false},"featured_media":236947,"template":"","meta":{"_acf_changed":false},"product_brand":[11542],"product_cat":[13443,13432,13483],"product_tag":[],"class_list":{"0":"post-285300","1":"product","2":"type-product","3":"status-publish","4":"has-post-thumbnail","6":"product_brand-magpul","7":"product_cat-kopita-puske","8":"product_cat-nastavitve-puske","9":"product_cat-puska","11":"first","12":"instock","13":"taxable","14":"shipping-taxable","15":"purchasable","16":"product-type-variable","17":"wvs-archive-product-wrapper"},"acf":[],"_links":{"self":[{"href":"https:\/\/staging.nbg.eu\/sl\/wp-json\/wp\/v2\/product\/285300","targetHints":{"allow":["GET"]}}],"collection":[{"href":"https:\/\/staging.nbg.eu\/sl\/wp-json\/wp\/v2\/product"}],"about":[{"href":"https:\/\/staging.nbg.eu\/sl\/wp-json\/wp\/v2\/types\/product"}],"wp:featuredmedia":[{"embeddable":true,"href":"https:\/\/staging.nbg.eu\/sl\/wp-json\/wp\/v2\/media\/236947"}],"wp:attachment":[{"href":"https:\/\/staging.nbg.eu\/sl\/wp-json\/wp\/v2\/media?parent=285300"}],"wp:term":[{"taxonomy":"product_brand","embeddable":true,"href":"https:\/\/staging.nbg.eu\/sl\/wp-json\/wp\/v2\/product_brand?post=285300"},{"taxonomy":"product_cat","embeddable":true,"href":"https:\/\/staging.nbg.eu\/sl\/wp-json\/wp\/v2\/product_cat?post=285300"},{"taxonomy":"product_tag","embeddable":true,"href":"https:\/\/staging.nbg.eu\/sl\/wp-json\/wp\/v2\/product_tag?post=285300"}],"curies":[{"name":"wp","href":"https:\/\/api.w.org\/{rel}","templated":true}]}}