{"id":285110,"date":"2025-03-02T07:13:28","date_gmt":"2025-03-25T14:11:07","guid":{"rendered":"https:\/\/staging.nbg.eu\/product\/the-railchanger-from-area-419-armageddon-gear-and-reasor-precision\/"},"modified":"2025-03-25T14:13:06","modified_gmt":"2025-03-25T14:13:06","slug":"railchanger-od-area-419-armageddon-gear-in-reasor-precision","status":"publish","type":"product","link":"https:\/\/staging.nbg.eu\/sl\/izdelek\/railchanger-od-area-419-armageddon-gear-in-reasor-precision\/","title":{"rendered":"RailChanger \u2013 od Area 419, Armageddon Gear in Reasor Precision"},"content":{"rendered":"<div class=\"product-description\">\n<h2>RailChanger: GripChanger izdaja<\/h2>\n<p>Predstavljamo najnovej\u0161i dodatek k na\u0161i liniji RailChanger: GripChanger. Ta kompaktna, ve\u010dnamenska torba je primerna za hitro postavitev polo\u017eaja in uporabo v majhnih odprtinah.<\/p>\n<h2>Lastnosti:<\/h2>\n<ul>\n<li>Majhna, oprijemljiva in gosto polnjena<\/li>\n<li>Tehta pribli\u017eno 0,45 kg<\/li>\n<li>Se prime na katerokoli povr\u0161ino<\/li>\n<li>Zagotavlja stabilno platformo za hitro namestitev<\/li>\n<\/ul>\n<h2>Komplet vklju\u010duje:<\/h2>\n<ul>\n<li>1 Area 419 GripChanger torba po meri<\/li>\n<li>1 ARCALOCK objemka<\/li>\n<li>1 Area 419 Rail Changer roka<\/li>\n<\/ul>\n<h2>Specifikacije:<\/h2>\n<ul>\n<li>Te\u017ea: 0,45 kg<\/li>\n<li>Dimenzije: 25,4 \u00d7 7,6 \u00d7 5,1 cm<\/li>\n<li>Proizvajalec: Armageddon Gear<\/li>\n<\/ul>\n<p>GripChanger je rezultat sodelovanja med Area 419, Armageddon Gear in Reasor Precision.<\/p>\n<\/div>\n","protected":false},"excerpt":{"rendered":"<p>Vsestranska, oprijemljiva torba za hitre in stabilne strelske polo\u017eaje.<\/p>\n","protected":false},"featured_media":233711,"template":"","meta":{"_acf_changed":false},"product_brand":[11052],"product_cat":[13483],"product_tag":[],"class_list":{"0":"post-285110","1":"product","2":"type-product","3":"status-publish","4":"has-post-thumbnail","6":"product_brand-area-419","7":"product_cat-puska","9":"first","10":"instock","11":"taxable","12":"shipping-taxable","13":"purchasable","14":"product-type-variable","15":"wvs-archive-product-wrapper"},"acf":[],"_links":{"self":[{"href":"https:\/\/staging.nbg.eu\/sl\/wp-json\/wp\/v2\/product\/285110","targetHints":{"allow":["GET"]}}],"collection":[{"href":"https:\/\/staging.nbg.eu\/sl\/wp-json\/wp\/v2\/product"}],"about":[{"href":"https:\/\/staging.nbg.eu\/sl\/wp-json\/wp\/v2\/types\/product"}],"wp:featuredmedia":[{"embeddable":true,"href":"https:\/\/staging.nbg.eu\/sl\/wp-json\/wp\/v2\/media\/233711"}],"wp:attachment":[{"href":"https:\/\/staging.nbg.eu\/sl\/wp-json\/wp\/v2\/media?parent=285110"}],"wp:term":[{"taxonomy":"product_brand","embeddable":true,"href":"https:\/\/staging.nbg.eu\/sl\/wp-json\/wp\/v2\/product_brand?post=285110"},{"taxonomy":"product_cat","embeddable":true,"href":"https:\/\/staging.nbg.eu\/sl\/wp-json\/wp\/v2\/product_cat?post=285110"},{"taxonomy":"product_tag","embeddable":true,"href":"https:\/\/staging.nbg.eu\/sl\/wp-json\/wp\/v2\/product_tag?post=285110"}],"curies":[{"name":"wp","href":"https:\/\/api.w.org\/{rel}","templated":true}]}}