{"id":284210,"date":"2025-03-05T08:21:40","date_gmt":"2025-03-25T10:49:19","guid":{"rendered":"https:\/\/staging.nbg.eu\/product\/magpul-moe-sl-enhanced-rubber-butt-pad-0-70\/"},"modified":"2025-03-25T10:51:34","modified_gmt":"2025-03-25T10:51:34","slug":"magpul-moe-sl-ojacana-gumijasta-blazinica-za-kopito-070","status":"publish","type":"product","link":"https:\/\/staging.nbg.eu\/sl\/izdelek\/magpul-moe-sl-ojacana-gumijasta-blazinica-za-kopito-070\/","title":{"rendered":"Magpul &#8211; MOE SL ojacana gumijasta blazinica za kopito, 0.70"},"content":{"rendered":"<h2>Magpul &#8211; MOE SL\u00ae Izbolj\u0161ana gumijasta plo\u0161\u010dica za kopito, 0,70 palca<\/h2>\n<p>Nadgradite svoje Magpul kopito z MOE SL\u00ae izbolj\u0161ano gumijasto plo\u0161\u010dico, 0,70&#8243;. Ta neposredna nadomestna plo\u0161\u010dica nudi izbolj\u0161ano udobje in funkcionalnost za va\u0161e strelno oro\u017eje.<\/p>\n<h3>Klju\u010dne lastnosti:<\/h3>\n<ul>\n<li>Zdru\u017eljiva s kopiti DT Carbine, MOE SL\u00ae, MOE\u00ae SL-S\u2122, UBR\u00ae GEN2, MOE\u00ae AK, Zhukov-S\u00ae, X-22 Backpacker in PC Backpacker<\/li>\n<li>Nedrsljiva rebrasta tekstura za varno rokovanje<\/li>\n<li>Debelej\u0161a, prezra\u010devana zasnova za ve\u010dje udobje<\/li>\n<li>Doda pribli\u017eno 3\/8 palca dol\u017eine potega<\/li>\n<li>Tehta manj kot 1 un\u010do<\/li>\n<li>Nagnjen, nazob\u010dan spodnji del za la\u017ejo namestitev<\/li>\n<li>Ukrivljen zgornji del za udobno namestitev na ramo<\/li>\n<\/ul>\n<p>Izdelana v ZDA, ta plo\u0161\u010dica za kopito zdru\u017euje trpe\u017enost z izbolj\u0161ano zasnovo. Enostavno se namesti z obstoje\u010do opremo in nudi takoj\u0161njo nadgradnjo va\u0161ega Magpul kopita.<\/p>\n<p><strong>Izbolj\u0161ajte svojo strelsko izku\u0161njo z Magpul MOE SL\u00ae izbolj\u0161ano gumijasto plo\u0161\u010dico za kopito.<\/strong><\/p>\n","protected":false},"excerpt":{"rendered":"<p>Udobna, nedrse\u010da 1,78 cm gumijasta podloga za kopito za Magpul nabojnike.<\/p>\n","protected":false},"featured_media":238703,"template":"","meta":{"_acf_changed":false},"product_brand":[11542],"product_cat":[13443,13432,13483],"product_tag":[],"class_list":{"0":"post-284210","1":"product","2":"type-product","3":"status-publish","4":"has-post-thumbnail","6":"product_brand-magpul","7":"product_cat-kopita-puske","8":"product_cat-nastavitve-puske","9":"product_cat-puska","11":"first","12":"instock","13":"taxable","14":"shipping-taxable","15":"purchasable","16":"product-type-simple"},"acf":[],"_links":{"self":[{"href":"https:\/\/staging.nbg.eu\/sl\/wp-json\/wp\/v2\/product\/284210","targetHints":{"allow":["GET"]}}],"collection":[{"href":"https:\/\/staging.nbg.eu\/sl\/wp-json\/wp\/v2\/product"}],"about":[{"href":"https:\/\/staging.nbg.eu\/sl\/wp-json\/wp\/v2\/types\/product"}],"wp:featuredmedia":[{"embeddable":true,"href":"https:\/\/staging.nbg.eu\/sl\/wp-json\/wp\/v2\/media\/238703"}],"wp:attachment":[{"href":"https:\/\/staging.nbg.eu\/sl\/wp-json\/wp\/v2\/media?parent=284210"}],"wp:term":[{"taxonomy":"product_brand","embeddable":true,"href":"https:\/\/staging.nbg.eu\/sl\/wp-json\/wp\/v2\/product_brand?post=284210"},{"taxonomy":"product_cat","embeddable":true,"href":"https:\/\/staging.nbg.eu\/sl\/wp-json\/wp\/v2\/product_cat?post=284210"},{"taxonomy":"product_tag","embeddable":true,"href":"https:\/\/staging.nbg.eu\/sl\/wp-json\/wp\/v2\/product_tag?post=284210"}],"curies":[{"name":"wp","href":"https:\/\/api.w.org\/{rel}","templated":true}]}}