{"id":284089,"date":"2025-03-05T07:25:38","date_gmt":"2025-03-25T10:19:06","guid":{"rendered":"https:\/\/staging.nbg.eu\/product\/magpul-daka-window-pouch-large\/"},"modified":"2025-03-25T10:21:07","modified_gmt":"2025-03-25T10:21:07","slug":"magpul-daka-torbica-z-oknom-velika","status":"publish","type":"product","link":"https:\/\/staging.nbg.eu\/sl\/izdelek\/magpul-daka-torbica-z-oknom-velika\/","title":{"rendered":"Magpul &#8211; DAKA torbica z oknom, velika"},"content":{"rendered":"<div class=\"product-description\">\n<h2>Magpul &#8211; DAKA\u00ae Torbica z oknom, velika<\/h2>\n<p>Magpul DAKA\u00ae torbica z oknom. Ta velika, vzdr\u017eljiva torbica je namenjena organizaciji v zahtevnih okoljih.<\/p>\n<ul>\n<li>Konstrukcija iz tekstila, okrepljenega s polimerom, z RF-varjenimi \u0161ivi<\/li>\n<li>YKK\u00ae vodoodporna zadrga za za\u0161\u010dito<\/li>\n<li>Prozorno okno za prepoznavanje vsebine<\/li>\n<li>Protizdrsna tekstura in oja\u010dana tkanina za ve\u010djo trpe\u017enost<\/li>\n<li>Pritrdilne to\u010dke za karabiner za razli\u010dne mo\u017enosti no\u0161enja<\/li>\n<li>550 paracord poteg zadrge s toplotno skr\u010dljivo cevko za bolj\u0161i oprijem<\/li>\n<li>Matri\u010dna mre\u017ea za ozna\u010devanje s flomastrom<\/li>\n<\/ul>\n<p>Dimenzije: 22,9 cm x 33 cm z dol\u017eino zadrge 25,4 cm. Za shranjevanje orodja, streliva ali elektronskih dodatkov v zahtevnih zunanjih pogojih.<\/p>\n<\/div>\n","protected":false},"excerpt":{"rendered":"<p>Trpe\u017ena, vodoodporna torbica z okencem za enostavno organizacijo.<\/p>\n","protected":false},"featured_media":237671,"template":"","meta":{"_acf_changed":false},"product_brand":[11542],"product_cat":[13450,13441],"product_tag":[],"class_list":{"0":"post-284089","1":"product","2":"type-product","3":"status-publish","4":"has-post-thumbnail","6":"product_brand-magpul","7":"product_cat-oprema","8":"product_cat-torbice","10":"first","11":"instock","12":"taxable","13":"shipping-taxable","14":"purchasable","15":"product-type-simple"},"acf":[],"_links":{"self":[{"href":"https:\/\/staging.nbg.eu\/sl\/wp-json\/wp\/v2\/product\/284089","targetHints":{"allow":["GET"]}}],"collection":[{"href":"https:\/\/staging.nbg.eu\/sl\/wp-json\/wp\/v2\/product"}],"about":[{"href":"https:\/\/staging.nbg.eu\/sl\/wp-json\/wp\/v2\/types\/product"}],"wp:featuredmedia":[{"embeddable":true,"href":"https:\/\/staging.nbg.eu\/sl\/wp-json\/wp\/v2\/media\/237671"}],"wp:attachment":[{"href":"https:\/\/staging.nbg.eu\/sl\/wp-json\/wp\/v2\/media?parent=284089"}],"wp:term":[{"taxonomy":"product_brand","embeddable":true,"href":"https:\/\/staging.nbg.eu\/sl\/wp-json\/wp\/v2\/product_brand?post=284089"},{"taxonomy":"product_cat","embeddable":true,"href":"https:\/\/staging.nbg.eu\/sl\/wp-json\/wp\/v2\/product_cat?post=284089"},{"taxonomy":"product_tag","embeddable":true,"href":"https:\/\/staging.nbg.eu\/sl\/wp-json\/wp\/v2\/product_tag?post=284089"}],"curies":[{"name":"wp","href":"https:\/\/api.w.org\/{rel}","templated":true}]}}