{"id":283974,"date":"2025-03-05T07:31:40","date_gmt":"2025-03-05T07:31:40","guid":{"rendered":"https:\/\/staging.nbg.eu\/product\/magpul-daka-window-pouch-medium\/"},"modified":"2025-03-25T09:55:57","modified_gmt":"2025-03-25T09:55:57","slug":"magpul-daka-torbica-z-oknom-srednja","status":"publish","type":"product","link":"https:\/\/staging.nbg.eu\/sl\/izdelek\/magpul-daka-torbica-z-oknom-srednja\/","title":{"rendered":"Magpul &#8211; DAKA torbica z oknom, srednja"},"content":{"rendered":"<h2>Magpul &#8211; DAKA\u00ae prozorna torbica, srednja<\/h2>\n<p>Za\u0161\u010ditite svoje predmete s torbico Magpul DAKA\u00ae. Ta srednje velika torbica vklju\u010duje:<\/p>\n<ul>\n<li>IPX7 ocenjene stranske zadrge za popolno vodoodpornost<\/li>\n<li>Trpe\u017ene 550 paracord vle\u010dke za zadrge s toplotno skr\u010dljivo cevko<\/li>\n<li>Prozorno okence za enostavno prepoznavanje vsebine<\/li>\n<li>Dve veliki odprtini za karabine za prilagodljivo pritrditev<\/li>\n<li>Mo\u010dna RF varjena konstrukcija z neprepustnimi tesnili<\/li>\n<li>Material z dodanim polimerom za dodatno za\u0161\u010dito<\/li>\n<\/ul>\n<p>Dimenzije: 17,8 cm x 30,5 cm (zunanje), 17,1 cm x 29,8 cm (notranje)<\/p>\n<p>DAKA\u00ae vodoodporna prozorna torbica je uporabna, ko obstaja mo\u017enost potopitve. Njena zasnova in zna\u010dilnosti so primerne za za\u0161\u010dito predmetov v razli\u010dnih okoljih.<\/p>\n","protected":false},"excerpt":{"rendered":"<p>Vodoodporna torbica z okencem za enostavno identifikacijo. Trpe\u017ena, potopljiva.<\/p>\n","protected":false},"featured_media":237811,"template":"","meta":{"_acf_changed":false},"product_brand":[11542],"product_cat":[13450,13441],"product_tag":[],"class_list":{"0":"post-283974","1":"product","2":"type-product","3":"status-publish","4":"has-post-thumbnail","6":"product_brand-magpul","7":"product_cat-oprema","8":"product_cat-torbice","10":"first","11":"instock","12":"taxable","13":"shipping-taxable","14":"purchasable","15":"product-type-simple"},"acf":[],"_links":{"self":[{"href":"https:\/\/staging.nbg.eu\/sl\/wp-json\/wp\/v2\/product\/283974","targetHints":{"allow":["GET"]}}],"collection":[{"href":"https:\/\/staging.nbg.eu\/sl\/wp-json\/wp\/v2\/product"}],"about":[{"href":"https:\/\/staging.nbg.eu\/sl\/wp-json\/wp\/v2\/types\/product"}],"wp:featuredmedia":[{"embeddable":true,"href":"https:\/\/staging.nbg.eu\/sl\/wp-json\/wp\/v2\/media\/237811"}],"wp:attachment":[{"href":"https:\/\/staging.nbg.eu\/sl\/wp-json\/wp\/v2\/media?parent=283974"}],"wp:term":[{"taxonomy":"product_brand","embeddable":true,"href":"https:\/\/staging.nbg.eu\/sl\/wp-json\/wp\/v2\/product_brand?post=283974"},{"taxonomy":"product_cat","embeddable":true,"href":"https:\/\/staging.nbg.eu\/sl\/wp-json\/wp\/v2\/product_cat?post=283974"},{"taxonomy":"product_tag","embeddable":true,"href":"https:\/\/staging.nbg.eu\/sl\/wp-json\/wp\/v2\/product_tag?post=283974"}],"curies":[{"name":"wp","href":"https:\/\/api.w.org\/{rel}","templated":true}]}}