{"id":283857,"date":"2025-03-06T09:57:41","date_gmt":"2025-03-25T09:36:22","guid":{"rendered":"https:\/\/staging.nbg.eu\/product\/clawgear-ar15-gasblock-0-750\/"},"modified":"2025-03-25T09:38:30","modified_gmt":"2025-03-25T09:38:30","slug":"clawgear-ar15-plinski-blok-0750","status":"publish","type":"product","link":"https:\/\/staging.nbg.eu\/sl\/izdelek\/clawgear-ar15-plinski-blok-0750\/","title":{"rendered":"Clawgear AR15 plinski blok 0.750"},"content":{"rendered":"<h2>Clawgear AR15 plinski blok 0.750<\/h2>\n<p>Clawgear AR15 plinski blok 0.750 ima nizek profil in krta\u010deno povr\u0161ino. Ustreza ve\u010dini prosto plavajo\u010dih ro\u010dajev.<\/p>\n<h2>Klju\u010dne lastnosti:<\/h2>\n<ul>\n<li>Enodelna jeklena konstrukcija<\/li>\n<li>Natan\u010dno obdelan za zmanj\u0161anje uhajanja plina<\/li>\n<li>Zasnovan za 0.750&#8243; zunanji premer cevi pri plinskem priklju\u010dku<\/li>\n<li>Odporen na vro\u010de pline<\/li>\n<\/ul>\n<h2>Specifikacije:<\/h2>\n<ul>\n<li>Dimenzije: 2.8 x 2.8 x 2.4 cm<\/li>\n<li>Te\u017ea: 0.05 kg<\/li>\n<\/ul>\n<p>Clawgear AR15 plinski blok 0.750 za AR15.<\/p>\n","protected":false},"excerpt":{"rendered":"<p>Nizkoprofilni plinski blok AR15, primeren za cevi premera 0,750&#8243;. Trpe\u017ena jeklena konstrukcija.<\/p>\n","protected":false},"featured_media":240398,"template":"","meta":{"_acf_changed":false},"product_brand":[11233],"product_cat":[13432,13482,13483],"product_tag":[],"class_list":{"0":"post-283857","1":"product","2":"type-product","3":"status-publish","4":"has-post-thumbnail","6":"product_brand-clawgear","7":"product_cat-nastavitve-puske","8":"product_cat-plinski-bloki","9":"product_cat-puska","11":"first","12":"instock","13":"taxable","14":"shipping-taxable","15":"purchasable","16":"product-type-simple"},"acf":[],"_links":{"self":[{"href":"https:\/\/staging.nbg.eu\/sl\/wp-json\/wp\/v2\/product\/283857","targetHints":{"allow":["GET"]}}],"collection":[{"href":"https:\/\/staging.nbg.eu\/sl\/wp-json\/wp\/v2\/product"}],"about":[{"href":"https:\/\/staging.nbg.eu\/sl\/wp-json\/wp\/v2\/types\/product"}],"wp:featuredmedia":[{"embeddable":true,"href":"https:\/\/staging.nbg.eu\/sl\/wp-json\/wp\/v2\/media\/240398"}],"wp:attachment":[{"href":"https:\/\/staging.nbg.eu\/sl\/wp-json\/wp\/v2\/media?parent=283857"}],"wp:term":[{"taxonomy":"product_brand","embeddable":true,"href":"https:\/\/staging.nbg.eu\/sl\/wp-json\/wp\/v2\/product_brand?post=283857"},{"taxonomy":"product_cat","embeddable":true,"href":"https:\/\/staging.nbg.eu\/sl\/wp-json\/wp\/v2\/product_cat?post=283857"},{"taxonomy":"product_tag","embeddable":true,"href":"https:\/\/staging.nbg.eu\/sl\/wp-json\/wp\/v2\/product_tag?post=283857"}],"curies":[{"name":"wp","href":"https:\/\/api.w.org\/{rel}","templated":true}]}}