{"id":282259,"date":"2025-03-06T10:40:18","date_gmt":"2025-03-06T10:40:18","guid":{"rendered":"https:\/\/staging.nbg.eu\/product\/ftcs-rear-sights-mounting-for-optics-ak-pmk-2-0-picatinny\/"},"modified":"2025-03-24T13:25:18","modified_gmt":"2025-03-24T13:25:18","slug":"ftcs-zadnji-merki-za-montrazo-optike-ak-pmk-20-picatinny","status":"publish","type":"product","link":"https:\/\/staging.nbg.eu\/sl\/izdelek\/ftcs-zadnji-merki-za-montrazo-optike-ak-pmk-20-picatinny\/","title":{"rendered":"FTCS &#8211; zadnji merki za montrazo optike AK, PMK 2.0 Picatinny"},"content":{"rendered":"<div class=\"product-description\">\n<h2>FTCS &#8211; Zadnji merek za monta\u017eo optike AK, PMK 2.0 Picatinny<\/h2>\n<p>Nadgradite va\u0161o pu\u0161ko dru\u017eine AK z nosilcem FTCS PMK 2.0 Picatinny. Ta adapter omogo\u010da monta\u017eo sodobne optike brez spreminjanja ergonomije in ravnote\u017eja oro\u017eja.<\/p>\n<ul>\n<li>Zdru\u017eljiv z AK\/AKS, AKM\/AKMS, AK-74\/AKS-74 in drugimi<\/li>\n<li>Standardna tirnica Picatinny\/RIS (dol\u017eina 70 mm, 7 utorov)<\/li>\n<li>Aluminijasta konstrukcija s prevleko Cerakote H-146 Graphite Black<\/li>\n<li>Ohranja funkcionalnost tovarni\u0161kih odprtih merkov<\/li>\n<li>Sistem monta\u017ee s tremi vijaki<\/li>\n<li>Te\u017ea 34 g<\/li>\n<\/ul>\n<p>PMK 2.0 je alternativa tirnicam na pokrovu plinske cevi ali integriranim sistemom. Njegova sredi\u0161\u010dna poravnava ohranja ravnote\u017eje oro\u017eja. FTCS zdru\u017euje tradicionalne in sodobne opti\u010dne re\u0161itve.<\/p>\n<\/div>\n","protected":false},"excerpt":{"rendered":"<p>Monta\u017ea zadnjega merka za optiko AK. Picatinny vodilo, trpe\u017een aluminij, Cerakote premaz.<\/p>\n","protected":false},"featured_media":241494,"template":"","meta":{"_acf_changed":false},"product_brand":[11326],"product_cat":[13417,13432,13483],"product_tag":[],"class_list":{"0":"post-282259","1":"product","2":"type-product","3":"status-publish","4":"has-post-thumbnail","6":"product_brand-ftcs","7":"product_cat-ak-nastavitve","8":"product_cat-nastavitve-puske","9":"product_cat-puska","11":"first","12":"instock","13":"taxable","14":"shipping-taxable","15":"purchasable","16":"product-type-simple"},"acf":[],"_links":{"self":[{"href":"https:\/\/staging.nbg.eu\/sl\/wp-json\/wp\/v2\/product\/282259","targetHints":{"allow":["GET"]}}],"collection":[{"href":"https:\/\/staging.nbg.eu\/sl\/wp-json\/wp\/v2\/product"}],"about":[{"href":"https:\/\/staging.nbg.eu\/sl\/wp-json\/wp\/v2\/types\/product"}],"wp:featuredmedia":[{"embeddable":true,"href":"https:\/\/staging.nbg.eu\/sl\/wp-json\/wp\/v2\/media\/241494"}],"wp:attachment":[{"href":"https:\/\/staging.nbg.eu\/sl\/wp-json\/wp\/v2\/media?parent=282259"}],"wp:term":[{"taxonomy":"product_brand","embeddable":true,"href":"https:\/\/staging.nbg.eu\/sl\/wp-json\/wp\/v2\/product_brand?post=282259"},{"taxonomy":"product_cat","embeddable":true,"href":"https:\/\/staging.nbg.eu\/sl\/wp-json\/wp\/v2\/product_cat?post=282259"},{"taxonomy":"product_tag","embeddable":true,"href":"https:\/\/staging.nbg.eu\/sl\/wp-json\/wp\/v2\/product_tag?post=282259"}],"curies":[{"name":"wp","href":"https:\/\/api.w.org\/{rel}","templated":true}]}}