{"id":279298,"date":"2025-03-03T19:53:03","date_gmt":"2025-03-21T12:34:00","guid":{"rendered":"https:\/\/staging.nbg.eu\/product\/daa-x-ray-aluminum-pouch\/"},"modified":"2025-03-21T12:36:12","modified_gmt":"2025-03-21T12:36:12","slug":"daa-x-ray-aluminijasta-torbica","status":"publish","type":"product","link":"https:\/\/staging.nbg.eu\/sl\/izdelek\/daa-x-ray-aluminijasta-torbica\/","title":{"rendered":"DAA X-Ray aluminijasta torbica"},"content":{"rendered":"<h2>DAA X-Ray aluminijasti \u017eep<\/h2>\n<p>DAA X-Ray aluminijasti \u017eep za nabojnike temelji na modelih Xi in XIP in ponuja:<\/p>\n<ul>\n<li>Optimiziran zgornji rob za la\u017eje vstavljanje nabojnika<\/li>\n<li>Dodaten vijak za prepre\u010devanje nenamernega odklepanja<\/li>\n<li>Pove\u010dan 13 mm krogli\u010dni sklep za bolj\u0161o stabilnost<\/li>\n<li>Prozoren dizajn z izrezi za zmanj\u0161anje te\u017ee<\/li>\n<li>Osem to\u010dk za pritrditev za uporabo z obema rokama<\/li>\n<li>Aluminijast krogli\u010dni sklep za pas z nastavljivimi koti<\/li>\n<li>Trije kompleti distan\u010dnikov za \u0161iroko zdru\u017eljivost z nabojniki<\/li>\n<li>Nastavljive vi\u0161inske pozicije za jekleni zati\u010d<\/li>\n<li>Nastavitev napetosti brez orodja<\/li>\n<\/ul>\n<p>Na voljo v modri, rde\u010di, \u010drni in srebrni anodizirani barvi.<\/p>\n","protected":false},"excerpt":{"rendered":"<p>DAA X-Ray aluminijasta torbica: Inovativna, lahka, prozorna zasnova za tekmovalne strelce.<\/p>\n","protected":false},"featured_media":236031,"template":"","meta":{"_acf_changed":false},"product_brand":[11274,11280],"product_cat":[13426,13450,13441],"product_tag":[],"class_list":{"0":"post-279298","1":"product","2":"type-product","3":"status-publish","4":"has-post-thumbnail","6":"product_brand-doublealpha","8":"product_cat-drzala-za-nabojnike","9":"product_cat-oprema","10":"product_cat-torbice","12":"first","13":"outofstock","14":"taxable","15":"shipping-taxable","16":"purchasable","17":"product-type-variable","18":"wvs-archive-product-wrapper"},"acf":[],"_links":{"self":[{"href":"https:\/\/staging.nbg.eu\/sl\/wp-json\/wp\/v2\/product\/279298","targetHints":{"allow":["GET"]}}],"collection":[{"href":"https:\/\/staging.nbg.eu\/sl\/wp-json\/wp\/v2\/product"}],"about":[{"href":"https:\/\/staging.nbg.eu\/sl\/wp-json\/wp\/v2\/types\/product"}],"wp:featuredmedia":[{"embeddable":true,"href":"https:\/\/staging.nbg.eu\/sl\/wp-json\/wp\/v2\/media\/236031"}],"wp:attachment":[{"href":"https:\/\/staging.nbg.eu\/sl\/wp-json\/wp\/v2\/media?parent=279298"}],"wp:term":[{"taxonomy":"product_brand","embeddable":true,"href":"https:\/\/staging.nbg.eu\/sl\/wp-json\/wp\/v2\/product_brand?post=279298"},{"taxonomy":"product_cat","embeddable":true,"href":"https:\/\/staging.nbg.eu\/sl\/wp-json\/wp\/v2\/product_cat?post=279298"},{"taxonomy":"product_tag","embeddable":true,"href":"https:\/\/staging.nbg.eu\/sl\/wp-json\/wp\/v2\/product_tag?post=279298"}],"curies":[{"name":"wp","href":"https:\/\/api.w.org\/{rel}","templated":true}]}}