{"id":278334,"date":"2025-03-07T17:59:41","date_gmt":"2025-03-21T10:05:23","guid":{"rendered":"https:\/\/staging.nbg.eu\/product\/sellier-bellot-40sw-fmj-11-7g-180gr\/"},"modified":"2025-03-21T10:07:31","modified_gmt":"2025-03-21T10:07:31","slug":"sellier-bellot-40sw-fmj-117g-180gr","status":"publish","type":"product","link":"https:\/\/staging.nbg.eu\/sl\/izdelek\/sellier-bellot-40sw-fmj-117g-180gr\/","title":{"rendered":"Sellier &#038; Bellot &#8211; 40S&#038;W FMJ &#8211; 11.7g \/ 180gr"},"content":{"rendered":"<p>Strelivo Sellier &amp; Bellot 40S&amp;W Full Metal Jacket je primerno za vadbo streljanja v tar\u010do. Vsak naboj ima 180-gransko FMJ kroglo, ki zagotavlja dosledno delovanje in zanesljivo podajanje v va\u0161o .40 S&amp;W pi\u0161tolo.<\/p>\n<ul>\n<li>Kaliber: .40 S&amp;W<\/li>\n<li>Te\u017ea krogle: 180 granov (11,7g)<\/li>\n<li>Tip krogle: Full Metal Jacket (FMJ)<\/li>\n<li>Hitrost na ustju cevi: 968 \u010devljev na sekundo<\/li>\n<li>Energija na ustju cevi: 400 funtov-\u010devljev<\/li>\n<li>Tulec: Medenina<\/li>\n<\/ul>\n<p>To strelivo prihaja v \u0161katlah po 50 nabojev, s po 20 \u0161katlami v zaboju. Medeninast tulec omogo\u010da gladko delovanje in mo\u017enost ponovnega polnjenja. S hitrostjo 940 \u010devljev na sekundo ti naboji zagotavljajo zanesljivo delovanje za streljanje v tar\u010do in vadbo na streli\u0161\u010du. Sellier &amp; Bellot ponuja dosledno strelivo za va\u0161o .40 S&amp;W oro\u017eje.<\/p>\n","protected":false},"excerpt":{"rendered":"<p>40 S&amp;W 180gr FMJ strelivo za rekreativno streljanje. Medeninast tulec, 295 m\/s, 50 nabojev\/\u0161katla.<\/p>\n","protected":false},"featured_media":248757,"template":"","meta":{"_acf_changed":false},"product_brand":[],"product_cat":[13458,13428],"product_tag":[],"class_list":{"0":"post-278334","1":"product","2":"type-product","3":"status-publish","4":"has-post-thumbnail","6":"product_cat-strelivo","7":"product_cat-strelivo-za-pistole","9":"first","10":"instock","11":"taxable","12":"shipping-taxable","13":"purchasable","14":"product-type-simple"},"acf":[],"_links":{"self":[{"href":"https:\/\/staging.nbg.eu\/sl\/wp-json\/wp\/v2\/product\/278334","targetHints":{"allow":["GET"]}}],"collection":[{"href":"https:\/\/staging.nbg.eu\/sl\/wp-json\/wp\/v2\/product"}],"about":[{"href":"https:\/\/staging.nbg.eu\/sl\/wp-json\/wp\/v2\/types\/product"}],"wp:featuredmedia":[{"embeddable":true,"href":"https:\/\/staging.nbg.eu\/sl\/wp-json\/wp\/v2\/media\/248757"}],"wp:attachment":[{"href":"https:\/\/staging.nbg.eu\/sl\/wp-json\/wp\/v2\/media?parent=278334"}],"wp:term":[{"taxonomy":"product_brand","embeddable":true,"href":"https:\/\/staging.nbg.eu\/sl\/wp-json\/wp\/v2\/product_brand?post=278334"},{"taxonomy":"product_cat","embeddable":true,"href":"https:\/\/staging.nbg.eu\/sl\/wp-json\/wp\/v2\/product_cat?post=278334"},{"taxonomy":"product_tag","embeddable":true,"href":"https:\/\/staging.nbg.eu\/sl\/wp-json\/wp\/v2\/product_tag?post=278334"}],"curies":[{"name":"wp","href":"https:\/\/api.w.org\/{rel}","templated":true}]}}