{"id":278068,"date":"2025-03-07T09:56:26","date_gmt":"2025-03-21T07:58:08","guid":{"rendered":"https:\/\/staging.nbg.eu\/product\/hornady-6mm-arc-103-gr-eld%e2%80%91x-precision-hunter\/"},"modified":"2025-03-21T08:00:16","modified_gmt":"2025-03-21T08:00:16","slug":"hornady-6mm-arc-103-gr-eldx-precision-hunter","status":"publish","type":"product","link":"https:\/\/staging.nbg.eu\/sl\/izdelek\/hornady-6mm-arc-103-gr-eldx-precision-hunter\/","title":{"rendered":"Hornady &#8211; 6mm ARC 103 gr ELD\u2011X\u00ae Precision Hunter\u00ae"},"content":{"rendered":"<div class=\"product-description\">\n<h2>Hornady 6mm ARC 103 gr ELD\u2011X\u00ae Precision Hunter\u00ae<\/h2>\n<p>6mm ARC je zasnovan za streljanje na dolge razdalje. Ta naboj ponuja:<\/p>\n<ul>\n<li>Natan\u010dnost in zmogljivost na dolgih razdaljah<\/li>\n<li>Primeren za lov, tekmovalno streljanje in osebno za\u0161\u010dito<\/li>\n<li>Optimiziran za platforme AR-15 in kratkocevne pu\u0161ke<\/li>\n<li>Visok balisti\u010dni koeficient za izbolj\u0161ano kon\u010dno zmogljivost<\/li>\n<li>Uravnote\u017eena zasnova naboja, komore in pogonskega sredstva<\/li>\n<li>Dolga \u017eivljenjska doba cevi<\/li>\n<\/ul>\n<p>6mm ARC je primeren za razli\u010dne namene, od osebne obrambe do lova na dolge razdalje. Zdru\u017eljiv je z razli\u010dnimi proizvajalci oro\u017eja, vklju\u010dno z Barrett, Mossberg in Wilson Combat.<\/p>\n<\/div>\n","protected":false},"excerpt":{"rendered":"<p>Vsestranski 6mm ARC za AR-15: U\u010dinkoviti, visoko-BC naboji za natan\u010den lov.<\/p>\n","protected":false},"featured_media":246037,"template":"","meta":{"_acf_changed":false},"product_brand":[11458],"product_cat":[13458,13495],"product_tag":[],"class_list":{"0":"post-278068","1":"product","2":"type-product","3":"status-publish","4":"has-post-thumbnail","6":"product_brand-hornady","7":"product_cat-strelivo","8":"product_cat-strelivo-za-puske","10":"first","11":"instock","12":"taxable","13":"shipping-taxable","14":"purchasable","15":"product-type-simple"},"acf":[],"_links":{"self":[{"href":"https:\/\/staging.nbg.eu\/sl\/wp-json\/wp\/v2\/product\/278068","targetHints":{"allow":["GET"]}}],"collection":[{"href":"https:\/\/staging.nbg.eu\/sl\/wp-json\/wp\/v2\/product"}],"about":[{"href":"https:\/\/staging.nbg.eu\/sl\/wp-json\/wp\/v2\/types\/product"}],"wp:featuredmedia":[{"embeddable":true,"href":"https:\/\/staging.nbg.eu\/sl\/wp-json\/wp\/v2\/media\/246037"}],"wp:attachment":[{"href":"https:\/\/staging.nbg.eu\/sl\/wp-json\/wp\/v2\/media?parent=278068"}],"wp:term":[{"taxonomy":"product_brand","embeddable":true,"href":"https:\/\/staging.nbg.eu\/sl\/wp-json\/wp\/v2\/product_brand?post=278068"},{"taxonomy":"product_cat","embeddable":true,"href":"https:\/\/staging.nbg.eu\/sl\/wp-json\/wp\/v2\/product_cat?post=278068"},{"taxonomy":"product_tag","embeddable":true,"href":"https:\/\/staging.nbg.eu\/sl\/wp-json\/wp\/v2\/product_tag?post=278068"}],"curies":[{"name":"wp","href":"https:\/\/api.w.org\/{rel}","templated":true}]}}