{"id":277710,"date":"2025-03-07T07:46:42","date_gmt":"2025-03-07T07:46:42","guid":{"rendered":"https:\/\/staging.nbg.eu\/product\/gun-oil-go-juice-4-oz\/"},"modified":"2025-03-21T07:16:45","modified_gmt":"2025-03-21T07:16:45","slug":"gun-oil-go-juice-4-oz","status":"publish","type":"product","link":"https:\/\/staging.nbg.eu\/sl\/izdelek\/gun-oil-go-juice-4-oz\/","title":{"rendered":"Gun Oil Go Juice 4 oz"},"content":{"rendered":"<div class=\"product-description\">\n<h2>ALG Go-Juice\u00ae (GJ\u00ae) stekleni\u010dka 118 ml<\/h2>\n<p>ALG Go-Juice\u00ae je biosinteti\u010dno mazivo za strelno oro\u017eje, zasnovano za sisteme mazanja s popolno izgubo. Glavne zna\u010dilnosti vklju\u010dujejo:<\/p>\n<ul>\n<li>5-krat bolj gladko kot voja\u0161ki CLP<\/li>\n<li>Odpornost proti koroziji<\/li>\n<li>Dolgoro\u010dna stabilnost<\/li>\n<li>Netoksi\u010dna formula, varna za ko\u017eo<\/li>\n<li>Primerno za avtomatsko oro\u017eje in oro\u017eje za prikrito no\u0161enje<\/li>\n<\/ul>\n<p>Izdelano iz gensko spremenjenih oljnih semen, Go-Juice\u00ae dobro deluje v testih pospe\u0161enega staranja in slanega pr\u0161enja. To mazivo, ki ni na osnovi nafte, ohranja va\u0161e oro\u017eje v dobrem stanju v zahtevnih pogojih.<\/p>\n<\/div>\n","protected":false},"excerpt":{"rendered":"<p>&#8220;Ultra gladko, nestrupeno bio-sinteti\u010dno mazivo za strelno oro\u017eje za vrhunsko delovanje.&#8221;<\/p>\n","protected":false},"featured_media":245944,"template":"","meta":{"_acf_changed":false},"product_brand":[11389,11397],"product_cat":[13464,13452],"product_tag":[],"class_list":{"0":"post-277710","1":"product","2":"type-product","3":"status-publish","4":"has-post-thumbnail","6":"product_brand-geissele","8":"product_cat-ciscenje-orozja","9":"product_cat-maziva","11":"first","12":"instock","13":"taxable","14":"shipping-taxable","15":"purchasable","16":"product-type-simple"},"acf":[],"_links":{"self":[{"href":"https:\/\/staging.nbg.eu\/sl\/wp-json\/wp\/v2\/product\/277710","targetHints":{"allow":["GET"]}}],"collection":[{"href":"https:\/\/staging.nbg.eu\/sl\/wp-json\/wp\/v2\/product"}],"about":[{"href":"https:\/\/staging.nbg.eu\/sl\/wp-json\/wp\/v2\/types\/product"}],"wp:featuredmedia":[{"embeddable":true,"href":"https:\/\/staging.nbg.eu\/sl\/wp-json\/wp\/v2\/media\/245944"}],"wp:attachment":[{"href":"https:\/\/staging.nbg.eu\/sl\/wp-json\/wp\/v2\/media?parent=277710"}],"wp:term":[{"taxonomy":"product_brand","embeddable":true,"href":"https:\/\/staging.nbg.eu\/sl\/wp-json\/wp\/v2\/product_brand?post=277710"},{"taxonomy":"product_cat","embeddable":true,"href":"https:\/\/staging.nbg.eu\/sl\/wp-json\/wp\/v2\/product_cat?post=277710"},{"taxonomy":"product_tag","embeddable":true,"href":"https:\/\/staging.nbg.eu\/sl\/wp-json\/wp\/v2\/product_tag?post=277710"}],"curies":[{"name":"wp","href":"https:\/\/api.w.org\/{rel}","templated":true}]}}