{"id":276252,"date":"2025-03-07T07:40:34","date_gmt":"2025-03-20T13:41:32","guid":{"rendered":"https:\/\/staging.nbg.eu\/product\/silicone-gel-pads-for-3m-peltor\/"},"modified":"2025-03-20T13:43:33","modified_gmt":"2025-03-20T13:43:33","slug":"silikonske-gel-blazinice-za-3m-peltor","status":"publish","type":"product","link":"https:\/\/staging.nbg.eu\/sl\/izdelek\/silikonske-gel-blazinice-za-3m-peltor\/","title":{"rendered":"Silikonske gel blazinice za 3M Peltor"},"content":{"rendered":"<div class=\"product-description\">\n<h2>Silikonske gel blazinice za 3M Peltor<\/h2>\n<p>Nadomestne silikonske gel u\u0161esne blazinice za 3M Peltor za\u0161\u010dito sluha. Zdru\u017eljive so z razli\u010dnimi modeli Peltor, vklju\u010dno s Sportac, WS Sportac, Protac III in X4A pasivnimi.<\/p>\n<ul>\n<li>Enostavna namestitev: Preprosto se pritrdi, brez potrebnih prilagoditev<\/li>\n<li>Udobje: Gel blazinice se prilagodijo obliki glave<\/li>\n<li>Izbolj\u0161ano tesnjenje: Ustvari tesno pregrado okoli ro\u010dk o\u010dal<\/li>\n<li>Trpe\u017ena konstrukcija: Ultrazvo\u010dno varjeni sestav za dolgotrajno uporabo<\/li>\n<li>Zdru\u017eljivost: Primerne za ve\u010dino modelov Peltor za\u0161\u010dite sluha<\/li>\n<\/ul>\n<p>Te silikonske gel blazinice so primerne za dolgotrajno no\u0161enje in za\u0161\u010dito sluha.<\/p>\n<\/div>\n","protected":false},"excerpt":{"rendered":"<p>Udobne, enostavno namestljive gel blazinice za 3M Peltor za\u0161\u010ditne slu\u0161alke.<\/p>\n","protected":false},"featured_media":245736,"template":"","meta":{"_acf_changed":false},"product_brand":[11026],"product_cat":[13450,13445],"product_tag":[],"class_list":{"0":"post-276252","1":"product","2":"type-product","3":"status-publish","4":"has-post-thumbnail","6":"product_brand-3m","7":"product_cat-oprema","8":"product_cat-zascita-za-usesa","10":"first","11":"instock","12":"taxable","13":"shipping-taxable","14":"purchasable","15":"product-type-simple"},"acf":[],"_links":{"self":[{"href":"https:\/\/staging.nbg.eu\/sl\/wp-json\/wp\/v2\/product\/276252","targetHints":{"allow":["GET"]}}],"collection":[{"href":"https:\/\/staging.nbg.eu\/sl\/wp-json\/wp\/v2\/product"}],"about":[{"href":"https:\/\/staging.nbg.eu\/sl\/wp-json\/wp\/v2\/types\/product"}],"wp:featuredmedia":[{"embeddable":true,"href":"https:\/\/staging.nbg.eu\/sl\/wp-json\/wp\/v2\/media\/245736"}],"wp:attachment":[{"href":"https:\/\/staging.nbg.eu\/sl\/wp-json\/wp\/v2\/media?parent=276252"}],"wp:term":[{"taxonomy":"product_brand","embeddable":true,"href":"https:\/\/staging.nbg.eu\/sl\/wp-json\/wp\/v2\/product_brand?post=276252"},{"taxonomy":"product_cat","embeddable":true,"href":"https:\/\/staging.nbg.eu\/sl\/wp-json\/wp\/v2\/product_cat?post=276252"},{"taxonomy":"product_tag","embeddable":true,"href":"https:\/\/staging.nbg.eu\/sl\/wp-json\/wp\/v2\/product_tag?post=276252"}],"curies":[{"name":"wp","href":"https:\/\/api.w.org\/{rel}","templated":true}]}}