{"id":276113,"date":"2025-03-02T17:08:39","date_gmt":"2025-03-02T17:08:39","guid":{"rendered":"https:\/\/staging.nbg.eu\/product\/bore-tech-decimator-suppressor-cleaner\/"},"modified":"2025-03-20T13:32:21","modified_gmt":"2025-03-20T13:32:21","slug":"bore-tech-decimator-cistilo-za-dusilce","status":"publish","type":"product","link":"https:\/\/staging.nbg.eu\/sl\/izdelek\/bore-tech-decimator-cistilo-za-dusilce\/","title":{"rendered":"Bore Tech Decimator cistilo za dusilce"},"content":{"rendered":"<div class=\"product-description\">\n<h2>Bore Tech Decimator \u010distilo za du\u0161ilce<\/h2>\n<p>Bore Tech Decimator \u010distilo za du\u0161ilce je dvodelna formula, namenjena \u010di\u0161\u010denju ekstremnih oblog v du\u0161ilcih za malokalibrsko in centralno v\u017eigano strelivo.<\/p>\n<ul>\n<li>Varno za du\u0161ilce<\/li>\n<li>Nenevarna in brez amonijaka<\/li>\n<li>Brez vonja in biorazgradljiva<\/li>\n<li>Varno za aluminij, nerjavno jeklo, titan in razli\u010dne zlitine<\/li>\n<\/ul>\n<p>Del A je namenjen odstranjevanju ogljika\/svinca, del B pa odstranjevanju bakra. Uporablja se s sistemom Decimator za \u010di\u0161\u010denje du\u0161ilcev in je primerno za vzdr\u017eevanje du\u0161ilcev, ustni\u0161kih zavor, hitrih pritrditev in plamenskih du\u0161ilcev.<\/p>\n<p>Bore Tech Decimator \u010distilo za du\u0161ilce pomaga vzdr\u017eevati in ohranjati u\u010dinkovitost du\u0161ilcev.<\/p>\n<\/div>\n","protected":false},"excerpt":{"rendered":"<p>U\u010dinkovito in varno \u010distilo za du\u0161ilce zvoka, namenjeno odstranjevanju ekstremnih ne\u010disto\u010d.<\/p>\n","protected":false},"featured_media":235258,"template":"","meta":{"_acf_changed":false},"product_brand":[],"product_cat":[13464,13499],"product_tag":[],"class_list":{"0":"post-276113","1":"product","2":"type-product","3":"status-publish","4":"has-post-thumbnail","6":"product_cat-ciscenje-orozja","7":"product_cat-nekategorizirano","9":"first","10":"instock","11":"taxable","12":"shipping-taxable","13":"purchasable","14":"product-type-simple"},"acf":[],"_links":{"self":[{"href":"https:\/\/staging.nbg.eu\/sl\/wp-json\/wp\/v2\/product\/276113","targetHints":{"allow":["GET"]}}],"collection":[{"href":"https:\/\/staging.nbg.eu\/sl\/wp-json\/wp\/v2\/product"}],"about":[{"href":"https:\/\/staging.nbg.eu\/sl\/wp-json\/wp\/v2\/types\/product"}],"wp:featuredmedia":[{"embeddable":true,"href":"https:\/\/staging.nbg.eu\/sl\/wp-json\/wp\/v2\/media\/235258"}],"wp:attachment":[{"href":"https:\/\/staging.nbg.eu\/sl\/wp-json\/wp\/v2\/media?parent=276113"}],"wp:term":[{"taxonomy":"product_brand","embeddable":true,"href":"https:\/\/staging.nbg.eu\/sl\/wp-json\/wp\/v2\/product_brand?post=276113"},{"taxonomy":"product_cat","embeddable":true,"href":"https:\/\/staging.nbg.eu\/sl\/wp-json\/wp\/v2\/product_cat?post=276113"},{"taxonomy":"product_tag","embeddable":true,"href":"https:\/\/staging.nbg.eu\/sl\/wp-json\/wp\/v2\/product_tag?post=276113"}],"curies":[{"name":"wp","href":"https:\/\/api.w.org\/{rel}","templated":true}]}}