{"id":275711,"date":"2025-03-07T18:52:50","date_gmt":"2025-03-20T12:41:43","guid":{"rendered":"https:\/\/staging.nbg.eu\/product\/vortex-defender-xl-micro-red-dot\/"},"modified":"2025-03-20T12:43:53","modified_gmt":"2025-03-20T12:43:53","slug":"vortex-defender-xl-micro-red-dot","status":"publish","type":"product","link":"https:\/\/staging.nbg.eu\/sl\/izdelek\/vortex-defender-xl-micro-red-dot\/","title":{"rendered":"Vortex &#8211; Defender-XL\u2122 &#8211; Micro Red Dot"},"content":{"rendered":"<div class=\"product-description\">\n<h2>Vortex &#8211; Defender-XL\u2122 &#8211; Mikro rde\u010da pika<\/h2>\n<p>Vortex Defender-XL\u2122 je mikro rde\u010da pika. Ta optika ima veliko okno za pogled, ki omogo\u010da bolj\u0161i periferni vid in ve\u010djo hitrost za nadaljnje strele.<\/p>\n<h2>Klju\u010dne lastnosti:<\/h2>\n<ul>\n<li><strong>5 MOA rde\u010da pika:<\/strong> Vidna in omogo\u010da pridobivanje tar\u010d v vseh svetlobnih pogojih<\/li>\n<li><strong>10 nastavitev svetlosti:<\/strong> 8 za dnevno uporabo in 2 za zdru\u017eljivost z no\u010dnim vidom<\/li>\n<li><strong>Veliko okno za gledanje:<\/strong> Hitro pridobivanje tar\u010d in \u0161iroko vidno polje<\/li>\n<li><strong>Asferi\u010dna le\u010da:<\/strong> Slika brez popa\u010denja z bolj resni\u010dnimi barvami<\/li>\n<li><strong>ShockShield\u2122 polimerni vlo\u017eek:<\/strong> Za\u0161\u010dita pred vsakodnevno uporabo<\/li>\n<li><strong>Fast-Rack\u2122 tekstura:<\/strong> Tekstura za la\u017eje napenjanje zaklopa<\/li>\n<li><strong>Aktivacija z gibanjem:<\/strong> Samodejni vklop z 10-minutnim samodejnim izklopom za var\u010devanje z baterijo<\/li>\n<li><strong>Zaklepanje gumbov:<\/strong> Prepre\u010duje nenamerno prilagajanje svetlosti<\/li>\n<li><strong>Baterija na vrhu:<\/strong> Enostavna zamenjava baterije brez ponovnega ni\u010dlanja<\/li>\n<\/ul>\n<h2>Tehni\u010dne specifikacije:<\/h2>\n<ul>\n<li>Monta\u017eni odtis: DeltaPoint\u00ae Pro<\/li>\n<li>Vrsta namestitve: Picatinny<\/li>\n<li>Pove\u010dava: 1x<\/li>\n<li>Vrsta baterije: CR2032<\/li>\n<li>\u017divljenjska doba baterije: 25.000 ur<\/li>\n<li>Stopnja prilagoditve: 1 MOA<\/li>\n<li>Najve\u010dja prilagoditev vi\u0161ine: 120 MOA<\/li>\n<li>Najve\u010dja prilagoditev vetra: 115 MOA<\/li>\n<li>Dol\u017eina: 5,08 cm<\/li>\n<li>Te\u017ea: 54,7 g<\/li>\n<\/ul>\n<h2>Trpe\u017enost in zmogljivost:<\/h2>\n<ul>\n<li>Vodotesnost: O-tesnila za zanesljivo delovanje v vseh okoljih<\/li>\n<li>Odpornost na meglo: Zasnovano za prena\u0161anje \u0161irokega razpona temperatur<\/li>\n<li>Odpornost na udarce: Robustna konstrukcija za prena\u0161anje odsuna in udarcev<\/li>\n<li>Mat \u010drna anodizirana povr\u0161ina z nizkim sijajem: Korozijsko odporna in odporna na obrabo<\/li>\n<li>Enodelno ohi\u0161je: Kompaktna in lahka zasnova<\/li>\n<li>Brez paralakse: Zanemarljiva paralaksa za izbolj\u0161ano natan\u010dnost<\/li>\n<li>Neomejena razdalja o\u010desa: Nekriti\u010dna razdalja o\u010desa za hitro pridobivanje tar\u010d<\/li>\n<\/ul>\n<p>Vortex Defender-XL\u2122 Mikro rde\u010da pika je primerna za strelce, ki zahtevajo najbolj\u0161e.<\/p>\n<\/div>\n","protected":false},"excerpt":{"rendered":"<p>Trpe\u017een, kompakten rde\u010di pik\u010dasti merek z velikim oknom za hitro zaznavanje tar\u010de. 5 MOA pika, 10 nastavitev svetlosti.<\/p>\n","protected":false},"featured_media":249122,"template":"","meta":{"_acf_changed":false},"product_brand":[11962],"product_cat":[13459,13493,13440,13439,13460],"product_tag":[],"class_list":{"0":"post-275711","1":"product","2":"type-product","3":"status-publish","4":"has-post-thumbnail","6":"product_brand-vortex","7":"product_cat-meritev","8":"product_cat-pistne-pike-za-puske","9":"product_cat-pistola","10":"product_cat-pistolske-pike","11":"product_cat-rdece-pike","13":"first","14":"instock","15":"sale","16":"taxable","17":"shipping-taxable","18":"purchasable","19":"product-type-variable","20":"wvs-archive-product-wrapper"},"acf":[],"_links":{"self":[{"href":"https:\/\/staging.nbg.eu\/sl\/wp-json\/wp\/v2\/product\/275711","targetHints":{"allow":["GET"]}}],"collection":[{"href":"https:\/\/staging.nbg.eu\/sl\/wp-json\/wp\/v2\/product"}],"about":[{"href":"https:\/\/staging.nbg.eu\/sl\/wp-json\/wp\/v2\/types\/product"}],"wp:featuredmedia":[{"embeddable":true,"href":"https:\/\/staging.nbg.eu\/sl\/wp-json\/wp\/v2\/media\/249122"}],"wp:attachment":[{"href":"https:\/\/staging.nbg.eu\/sl\/wp-json\/wp\/v2\/media?parent=275711"}],"wp:term":[{"taxonomy":"product_brand","embeddable":true,"href":"https:\/\/staging.nbg.eu\/sl\/wp-json\/wp\/v2\/product_brand?post=275711"},{"taxonomy":"product_cat","embeddable":true,"href":"https:\/\/staging.nbg.eu\/sl\/wp-json\/wp\/v2\/product_cat?post=275711"},{"taxonomy":"product_tag","embeddable":true,"href":"https:\/\/staging.nbg.eu\/sl\/wp-json\/wp\/v2\/product_tag?post=275711"}],"curies":[{"name":"wp","href":"https:\/\/api.w.org\/{rel}","templated":true}]}}