{"id":275022,"date":"2025-03-03T19:13:19","date_gmt":"2025-03-20T10:49:45","guid":{"rendered":"https:\/\/staging.nbg.eu\/product\/bore-tech-patch-guide\/"},"modified":"2025-03-20T10:51:49","modified_gmt":"2025-03-20T10:51:49","slug":"bore-tech-vodilo-za-krpice","status":"publish","type":"product","link":"https:\/\/staging.nbg.eu\/sl\/izdelek\/bore-tech-vodilo-za-krpice\/","title":{"rendered":"Bore Tech vodilo za krpice"},"content":{"rendered":"<h2>Bore Tech vodilo za krpe za AR-15\/AR-10<\/h2>\n<p>Bore Tech vodilo za krpe je sistem za name\u0161\u010danje krp brez rok, ki poenostavi postopek \u010di\u0161\u010denja.<\/p>\n<ul>\n<li>CNC strojno obdelane aluminijaste komponente<\/li>\n<li>Eloksirana povr\u0161ina za trpe\u017enost<\/li>\n<li>Poravna palico za \u010di\u0161\u010denje z cevjo pu\u0161ke<\/li>\n<li>Prepre\u010duje po\u0161kodbe zaklepnih u\u0161es in robov komore<\/li>\n<li>Zamenljivi sprednji adapterji, odporni na topila<\/li>\n<li>Na voljo za razli\u010dne kalibre AR-15 in AR-10<\/li>\n<\/ul>\n<p>Olaj\u0161a \u010di\u0161\u010denje in \u0161\u010diti pu\u0161ko ter palico za \u010di\u0161\u010denje. Bore Tech vodilo za krpe je orodje za lastnike oro\u017eja. Izdelano v ZDA.<\/p>\n<p><strong>Izberite Bore Tech.<\/strong><\/p>\n","protected":false},"excerpt":{"rendered":"<p>Enostavno in \u010disto \u010di\u0161\u010denje AR-15\/AR-10 brez rok z avtomatskim name\u0161\u010danjem krpic.<\/p>\n","protected":false},"featured_media":235537,"template":"","meta":{"_acf_changed":false},"product_brand":[11159],"product_cat":[13464,13490,13448],"product_tag":[],"class_list":{"0":"post-275022","1":"product","2":"type-product","3":"status-publish","4":"has-post-thumbnail","6":"product_brand-boretech","7":"product_cat-ciscenje-orozja","8":"product_cat-krpice","9":"product_cat-oblizi-in-aplikatorji","10":"pa_model-ar-10-sl","11":"pa_model-ar-15-sl","13":"first","14":"instock","15":"taxable","16":"shipping-taxable","17":"purchasable","18":"product-type-variable","19":"wvs-archive-product-wrapper"},"acf":[],"_links":{"self":[{"href":"https:\/\/staging.nbg.eu\/sl\/wp-json\/wp\/v2\/product\/275022","targetHints":{"allow":["GET"]}}],"collection":[{"href":"https:\/\/staging.nbg.eu\/sl\/wp-json\/wp\/v2\/product"}],"about":[{"href":"https:\/\/staging.nbg.eu\/sl\/wp-json\/wp\/v2\/types\/product"}],"wp:featuredmedia":[{"embeddable":true,"href":"https:\/\/staging.nbg.eu\/sl\/wp-json\/wp\/v2\/media\/235537"}],"wp:attachment":[{"href":"https:\/\/staging.nbg.eu\/sl\/wp-json\/wp\/v2\/media?parent=275022"}],"wp:term":[{"taxonomy":"product_brand","embeddable":true,"href":"https:\/\/staging.nbg.eu\/sl\/wp-json\/wp\/v2\/product_brand?post=275022"},{"taxonomy":"product_cat","embeddable":true,"href":"https:\/\/staging.nbg.eu\/sl\/wp-json\/wp\/v2\/product_cat?post=275022"},{"taxonomy":"product_tag","embeddable":true,"href":"https:\/\/staging.nbg.eu\/sl\/wp-json\/wp\/v2\/product_tag?post=275022"}],"curies":[{"name":"wp","href":"https:\/\/api.w.org\/{rel}","templated":true}]}}