{"id":274688,"date":"2025-03-06T20:28:07","date_gmt":"2025-03-20T10:01:43","guid":{"rendered":"https:\/\/staging.nbg.eu\/product\/3m-peltor-protac-iii-slim-headset\/"},"modified":"2025-03-20T10:03:58","modified_gmt":"2025-03-20T10:03:58","slug":"3m-peltor-protac-iii-slim-slusalke","status":"publish","type":"product","link":"https:\/\/staging.nbg.eu\/sl\/izdelek\/3m-peltor-protac-iii-slim-slusalke\/","title":{"rendered":"3M PELTOR ProTac III Slim slusalke"},"content":{"rendered":"<div class=\"product-description\">\n<h2>3M\u2122 PELTOR\u2122 ProTac III Slim slu\u0161alke<\/h2>\n<p>ProTac III Slim slu\u0161alke. Te slu\u0161alke nudijo:<\/p>\n<ul>\n<li>23dB ocena zmanj\u0161anja hrupa (NRR) za za\u0161\u010dito<\/li>\n<li>Okoljski mikrofoni za za\u0161\u010dito sluha, odvisno od ravni<\/li>\n<li>Zmo\u017enost poslu\u0161anja okolice za zavedanje situacije<\/li>\n<li>Tehnologija omejevanja zvoka, ki omejuje glasnost zvo\u010dnika na 82 dBA<\/li>\n<li>3,5mm stereo vhod samo za poslu\u0161anje zunanjih naprav (mobilni telefoni, dvosmerni radiji, iPodi)<\/li>\n<\/ul>\n<p>Zna\u010dilnosti vklju\u010dujejo:<\/p>\n<ul>\n<li>\u010crna zasnova<\/li>\n<li>Naglavni trak<\/li>\n<li>\u017di\u010dna povezava<\/li>\n<\/ul>\n<p>Primerno za strokovnjake, ki potrebujejo komunikacijske zmo\u017enosti in za\u0161\u010dito sluha.<\/p>\n<\/div>\n","protected":false},"excerpt":{"rendered":"<p>Pametna za\u0161\u010dita sluha z ambientalnim poslu\u0161anjem in povezljivostjo z napravami.<\/p>\n","protected":false},"featured_media":245688,"template":"","meta":{"_acf_changed":false},"product_brand":[11026],"product_cat":[13450,13445],"product_tag":[],"class_list":{"0":"post-274688","1":"product","2":"type-product","3":"status-publish","4":"has-post-thumbnail","6":"product_brand-3m","7":"product_cat-oprema","8":"product_cat-zascita-za-usesa","10":"first","11":"instock","12":"taxable","13":"shipping-taxable","14":"purchasable","15":"product-type-simple"},"acf":[],"_links":{"self":[{"href":"https:\/\/staging.nbg.eu\/sl\/wp-json\/wp\/v2\/product\/274688","targetHints":{"allow":["GET"]}}],"collection":[{"href":"https:\/\/staging.nbg.eu\/sl\/wp-json\/wp\/v2\/product"}],"about":[{"href":"https:\/\/staging.nbg.eu\/sl\/wp-json\/wp\/v2\/types\/product"}],"wp:featuredmedia":[{"embeddable":true,"href":"https:\/\/staging.nbg.eu\/sl\/wp-json\/wp\/v2\/media\/245688"}],"wp:attachment":[{"href":"https:\/\/staging.nbg.eu\/sl\/wp-json\/wp\/v2\/media?parent=274688"}],"wp:term":[{"taxonomy":"product_brand","embeddable":true,"href":"https:\/\/staging.nbg.eu\/sl\/wp-json\/wp\/v2\/product_brand?post=274688"},{"taxonomy":"product_cat","embeddable":true,"href":"https:\/\/staging.nbg.eu\/sl\/wp-json\/wp\/v2\/product_cat?post=274688"},{"taxonomy":"product_tag","embeddable":true,"href":"https:\/\/staging.nbg.eu\/sl\/wp-json\/wp\/v2\/product_tag?post=274688"}],"curies":[{"name":"wp","href":"https:\/\/api.w.org\/{rel}","templated":true}]}}