{"id":274554,"date":"2025-03-03T19:48:45","date_gmt":"2025-03-03T19:48:45","guid":{"rendered":"https:\/\/staging.nbg.eu\/product\/daa-dry-fire-target-set-classic-ipsc\/"},"modified":"2025-03-20T09:17:59","modified_gmt":"2025-03-20T09:17:59","slug":"daa-komplet-tarc-za-suho-streljanje-classic-ipsc","status":"publish","type":"product","link":"https:\/\/staging.nbg.eu\/sl\/izdelek\/daa-komplet-tarc-za-suho-streljanje-classic-ipsc\/","title":{"rendered":"DAA komplet tarc za suho streljanje (Classic-IPSC)"},"content":{"rendered":"<h2>DAA Komplet tar\u010d za suho streljanje (Classic-IPSC)<\/h2>\n<p>Komplet tar\u010d za suho streljanje vsebuje 20 pomanj\u0161anih IPSC Classic tar\u010d. Namenjene so vadbi v zaprtih prostorih, te lesene tar\u010de, izrezane z laserjem, simulirajo realisti\u010dne razdalje in slike ciljev.<\/p>\n<ul>\n<li>3mm debele lesene plo\u0161\u010de za vzdr\u017eljivost in avtenti\u010dno barvo<\/li>\n<li>Velikosti: 32% (18.5cm), 20% (11.5cm) in 12% (6.8cm) polne velikosti tar\u010d<\/li>\n<li>Vklju\u010duje 3 male popper tar\u010de in delne tar\u010de<\/li>\n<li>Luknje za obe\u0161anje za enostavno postavitev<\/li>\n<\/ul>\n<p>Izbolj\u0161ajte svojo strelsko tehniko brez stro\u0161kov streliva ali \u010dasa na streli\u0161\u010du. Vadite z lastno opremo in razvijajte kriti\u010dne podzavestne ve\u0161\u010dine. Postavite tar\u010de 2.5-3 metre stran za simulacijo razdalj 15, 20 in 30 metrov. Izpopolnite svojo sliko cilja in nadzor spro\u017eilca v udobju svojega doma.<\/p>\n<p>DAA Komplet tar\u010d za suho streljanje je na voljo za va\u0161o vadbo.<\/p>\n","protected":false},"excerpt":{"rendered":"<p>Realisti\u010dne, pomanj\u0161ane IPSC tar\u010de za u\u010dinkovito suho vadbo streljanja doma.<\/p>\n","protected":false},"featured_media":235936,"template":"","meta":{"_acf_changed":false},"product_brand":[11274],"product_cat":[13456,13481],"product_tag":[],"class_list":{"0":"post-274554","1":"product","2":"type-product","3":"status-publish","4":"has-post-thumbnail","6":"product_brand-doublealpha","7":"product_cat-papirnate-tarce","8":"product_cat-tarce","10":"first","11":"outofstock","12":"taxable","13":"shipping-taxable","14":"purchasable","15":"product-type-simple"},"acf":[],"_links":{"self":[{"href":"https:\/\/staging.nbg.eu\/sl\/wp-json\/wp\/v2\/product\/274554","targetHints":{"allow":["GET"]}}],"collection":[{"href":"https:\/\/staging.nbg.eu\/sl\/wp-json\/wp\/v2\/product"}],"about":[{"href":"https:\/\/staging.nbg.eu\/sl\/wp-json\/wp\/v2\/types\/product"}],"wp:featuredmedia":[{"embeddable":true,"href":"https:\/\/staging.nbg.eu\/sl\/wp-json\/wp\/v2\/media\/235936"}],"wp:attachment":[{"href":"https:\/\/staging.nbg.eu\/sl\/wp-json\/wp\/v2\/media?parent=274554"}],"wp:term":[{"taxonomy":"product_brand","embeddable":true,"href":"https:\/\/staging.nbg.eu\/sl\/wp-json\/wp\/v2\/product_brand?post=274554"},{"taxonomy":"product_cat","embeddable":true,"href":"https:\/\/staging.nbg.eu\/sl\/wp-json\/wp\/v2\/product_cat?post=274554"},{"taxonomy":"product_tag","embeddable":true,"href":"https:\/\/staging.nbg.eu\/sl\/wp-json\/wp\/v2\/product_tag?post=274554"}],"curies":[{"name":"wp","href":"https:\/\/api.w.org\/{rel}","templated":true}]}}