{"id":274438,"date":"2025-03-07T10:50:10","date_gmt":"2025-03-20T09:01:18","guid":{"rendered":"https:\/\/staging.nbg.eu\/product\/nitehog-spot-hawk-4x24\/"},"modified":"2025-03-20T09:03:18","modified_gmt":"2025-03-20T09:03:18","slug":"nitehog-spot-hawk-4x24","status":"publish","type":"product","link":"https:\/\/staging.nbg.eu\/sl\/izdelek\/nitehog-spot-hawk-4x24\/","title":{"rendered":"NiteHog &#8211; SPOT HAWK 4&#215;24"},"content":{"rendered":"<article class=\"product-description\">\n<h2>NiteHog &#8211; SPOT HAWK 4&#215;24<\/h2>\n<p>SPOT HAWK 4&#215;24 je 4&#215;24 CQB prizma merek za pu\u0161ke in karabinke.<\/p>\n<h2>Optika<\/h2>\n<p>Prizma opti\u010dni sistem zagotavlja jasno sliko od roba do roba. SPOT HAWK zagotavlja natan\u010dno sliko v vseh pogojih.<\/p>\n<h2>Konstrukcija<\/h2>\n<p>Izdelan iz aluminijeve zlitine. Snemljiva zasnova plo\u0161\u010de omogo\u010da enostavno odstranitev, ko ni v uporabi.<\/p>\n<h2>Osvetlitev<\/h2>\n<p>10 stopenj rde\u010de osvetlitve, vklju\u010dno z zelo svetlimi in zatemnjenim nastavitvami. Zdru\u017eljiv z napravami za no\u010dno videnje.<\/p>\n<h2>Zdru\u017eljivost z rde\u010do piko<\/h2>\n<p>Snemljiva zgornja platforma MAG je zdru\u017eljiva z merilniki z rde\u010do piko RMS.<\/p>\n<h2>Klju\u010dne specifikacije<\/h2>\n<ul>\n<li>Objektiv: 24mm<\/li>\n<li>Pove\u010dava: 4x<\/li>\n<li>Vidno polje: 5,5\u00b0, 9,6m na 100 metrov<\/li>\n<li>Vrednost klika: 1 MOA<\/li>\n<li>Razpon elevacije in vetra: &gt; 40 MOA<\/li>\n<li>Merilni kri\u017e: VEPS-MBR vgraviran BDC steklo<\/li>\n<li>Nastavitev paralakse: 91 metrov<\/li>\n<li>Za\u0161\u010dita: Odporen na udarce, IP67 vodotesen in odporen na meglo (polnjen z du\u0161ikom)<\/li>\n<li>Dimenzije: 81mm dol\u017eina, 36mm vi\u0161ina (od dna do sredine)<\/li>\n<\/ul>\n<h2>Dodatne lastnosti<\/h2>\n<p>SPOT HAWK vklju\u010duje sen\u010dilo, nastavljiv klju\u010d, monta\u017eno podlago in krpo za le\u010de. \u010crna mat povr\u0161ina nudi dodatno za\u0161\u010dito pred obrabo.<\/p>\n<p><strong>Opomba:<\/strong> Baterija ni prilo\u017eena.<\/p>\n<p>SPOT HAWK 4&#215;24 je primeren za profesionalne strelce in ljubitelje, ki i\u0161\u010dejo kakovostno optiko.<\/p>\n<\/article>\n","protected":false},"excerpt":{"rendered":"<p>Robustni 4&#215;24 prizmati\u010dni daljnogled s kristalno \u010distimi opti\u010dnimi elementi, 10-stopenjsko osvetlitvijo in zdru\u017eljivostjo z rde\u010do piko.<\/p>\n","protected":false},"featured_media":246536,"template":"","meta":{"_acf_changed":false},"product_brand":[11599],"product_cat":[13459,13414],"product_tag":[],"class_list":{"0":"post-274438","1":"product","2":"type-product","3":"status-publish","4":"has-post-thumbnail","6":"product_brand-nitehog","7":"product_cat-meritev","8":"product_cat-termicni","10":"first","11":"instock","12":"taxable","13":"shipping-taxable","14":"purchasable","15":"product-type-simple"},"acf":[],"_links":{"self":[{"href":"https:\/\/staging.nbg.eu\/sl\/wp-json\/wp\/v2\/product\/274438","targetHints":{"allow":["GET"]}}],"collection":[{"href":"https:\/\/staging.nbg.eu\/sl\/wp-json\/wp\/v2\/product"}],"about":[{"href":"https:\/\/staging.nbg.eu\/sl\/wp-json\/wp\/v2\/types\/product"}],"wp:featuredmedia":[{"embeddable":true,"href":"https:\/\/staging.nbg.eu\/sl\/wp-json\/wp\/v2\/media\/246536"}],"wp:attachment":[{"href":"https:\/\/staging.nbg.eu\/sl\/wp-json\/wp\/v2\/media?parent=274438"}],"wp:term":[{"taxonomy":"product_brand","embeddable":true,"href":"https:\/\/staging.nbg.eu\/sl\/wp-json\/wp\/v2\/product_brand?post=274438"},{"taxonomy":"product_cat","embeddable":true,"href":"https:\/\/staging.nbg.eu\/sl\/wp-json\/wp\/v2\/product_cat?post=274438"},{"taxonomy":"product_tag","embeddable":true,"href":"https:\/\/staging.nbg.eu\/sl\/wp-json\/wp\/v2\/product_tag?post=274438"}],"curies":[{"name":"wp","href":"https:\/\/api.w.org\/{rel}","templated":true}]}}