{"id":214550,"date":"2024-09-02T10:51:57","date_gmt":"2025-02-19T16:47:36","guid":{"rendered":"https:\/\/staging.nbg.eu\/product\/badger-ordnance-30mm-condition-one-accessory-ring-cap\/"},"modified":"2025-02-19T16:49:40","modified_gmt":"2025-02-19T16:49:40","slug":"surefire-m640v-pro-scout-light-pro-infrardeca","status":"publish","type":"product","link":"https:\/\/staging.nbg.eu\/sl\/izdelek\/surefire-m640v-pro-scout-light-pro-infrardeca\/","title":{"rendered":"SureFire M640V-PRO (SCOUT LIGHT PRO infrarde\u010da)"},"content":{"rendered":"<div class=\"product-description\">\n<h2>BADGER ORDNANCE 30MM CONDITION ONE DODATNI OBRO\u010c<\/h2>\n<p>Badger Ordnance 30MM Condition One dodatni obro\u010d je zasnovan za integracijo z va\u0161im obstoje\u010dim nosilcem za pu\u0161koskop in nudi dodatno funkcionalnost ter mo\u017enosti prilagajanja.<\/p>\n<ul>\n<li><strong>Barva:<\/strong> \u010crna<\/li>\n<li><strong>Material:<\/strong> 7075 T6 aluminij<\/li>\n<li><strong>Platforma:<\/strong> Univerzalna zasnova<\/li>\n<li><strong>Te\u017ea:<\/strong> 1,8 oz.<\/li>\n<\/ul>\n<p>Ta dodatni obro\u010d nudi varno in zanesljivo re\u0161itev za monta\u017eo razli\u010dnih dodatkov. Primeren je za takti\u010dne in tekmovalne strelce.<\/p>\n<\/div>\n","protected":false},"excerpt":{"rendered":"<p>Lahek aluminijast pokrov\u010dek za daljnoglede s premerom 30 mm. Trpe\u017ena \u010drna povr\u0161inska obdelava.<\/p>\n","protected":false},"featured_media":83059,"template":"","meta":{"_acf_changed":false},"product_brand":[11094],"product_cat":[13459,13432,13427,13483],"product_tag":[],"class_list":{"0":"post-214550","1":"product","2":"type-product","3":"status-publish","4":"has-post-thumbnail","6":"product_brand-badger-ordnance","7":"product_cat-meritev","8":"product_cat-nastavitve-puske","9":"product_cat-povecevalne-optike","10":"product_cat-puska","12":"first","13":"instock","14":"taxable","15":"shipping-taxable","16":"purchasable","17":"product-type-simple"},"acf":[],"_links":{"self":[{"href":"https:\/\/staging.nbg.eu\/sl\/wp-json\/wp\/v2\/product\/214550","targetHints":{"allow":["GET"]}}],"collection":[{"href":"https:\/\/staging.nbg.eu\/sl\/wp-json\/wp\/v2\/product"}],"about":[{"href":"https:\/\/staging.nbg.eu\/sl\/wp-json\/wp\/v2\/types\/product"}],"wp:featuredmedia":[{"embeddable":true,"href":"https:\/\/staging.nbg.eu\/sl\/wp-json\/wp\/v2\/media\/83059"}],"wp:attachment":[{"href":"https:\/\/staging.nbg.eu\/sl\/wp-json\/wp\/v2\/media?parent=214550"}],"wp:term":[{"taxonomy":"product_brand","embeddable":true,"href":"https:\/\/staging.nbg.eu\/sl\/wp-json\/wp\/v2\/product_brand?post=214550"},{"taxonomy":"product_cat","embeddable":true,"href":"https:\/\/staging.nbg.eu\/sl\/wp-json\/wp\/v2\/product_cat?post=214550"},{"taxonomy":"product_tag","embeddable":true,"href":"https:\/\/staging.nbg.eu\/sl\/wp-json\/wp\/v2\/product_tag?post=214550"}],"curies":[{"name":"wp","href":"https:\/\/api.w.org\/{rel}","templated":true}]}}