{"id":214407,"date":"2024-01-13T11:03:57","date_gmt":"2024-01-13T11:03:57","guid":{"rendered":"https:\/\/staging.nbg.eu\/product\/surefire-m640v-pro-scout-light-pro-infrared\/"},"modified":"2025-02-19T16:47:06","modified_gmt":"2025-02-19T16:47:06","slug":"sabre-red-prsilo-52cft10-mk3-crossfire-gel-15oz45ml","status":"publish","type":"product","link":"https:\/\/staging.nbg.eu\/sl\/izdelek\/sabre-red-prsilo-52cft10-mk3-crossfire-gel-15oz45ml\/","title":{"rendered":"Sabre Red pr\u0161ilo 52CFT10 MK3 Crossfire GEL 1.5oz\/45ml"},"content":{"rendered":"<div class=\"product-description\">\n<h2>SureFire M640V-PRO SCOUT LIGHT PRO INFRARDE\u010cA<\/h2>\n<p>M640V-PRO vklju\u010duje:<\/p>\n<ul>\n<li>Hibridni vzorec \u017earka za identifikacijo na dolge razdalje in situacijsko zavedanje<\/li>\n<li>Novo nizkoprofilno pritrditev za optimalno namestitev in zdru\u017eljivost z dodatki na tirnicah<\/li>\n<li>Mo\u017enosti pritrditve za Picatinny ali M-Lok tirnice<\/li>\n<li>Dvojni spekter: 350 lumnov bele svetlobe \/ 120 mW IR izhod<\/li>\n<li>Izbira spektra z rotacijo obro\u010da<\/li>\n<li>TIR le\u010da za daljnose\u017eni \u017earek z dovolj okoli\u0161ke svetlobe<\/li>\n<li>Aktivacija s pritiskom na gumb na zadnjem pokrov\u010dku<\/li>\n<li>Izdelava iz letalskega aluminija s trdo anodizirano povr\u0161ino po voja\u0161kih specifikacijah<\/li>\n<li>O-tesnilo za zanesljivost v vseh vremenskih pogojih<\/li>\n<\/ul>\n<p>Ta oro\u017ena svetilka je robustna in vsestranska.<\/p>\n<\/div>\n","protected":false},"excerpt":{"rendered":"<p>Vsestranska IR oro\u017ena svetilka s hibridnim snopom in nizko profilno namestitvijo.<\/p>\n","protected":false},"featured_media":214408,"template":"","meta":{"_acf_changed":false},"product_brand":[11879],"product_cat":[13474,13434,13483],"product_tag":[],"class_list":{"0":"post-214407","1":"product","2":"type-product","3":"status-publish","4":"has-post-thumbnail","6":"product_brand-surefire","7":"product_cat-luci","8":"product_cat-luci-za-puske","9":"product_cat-puska","11":"first","12":"instock","13":"taxable","14":"shipping-taxable","15":"purchasable","16":"product-type-simple"},"acf":[],"_links":{"self":[{"href":"https:\/\/staging.nbg.eu\/sl\/wp-json\/wp\/v2\/product\/214407","targetHints":{"allow":["GET"]}}],"collection":[{"href":"https:\/\/staging.nbg.eu\/sl\/wp-json\/wp\/v2\/product"}],"about":[{"href":"https:\/\/staging.nbg.eu\/sl\/wp-json\/wp\/v2\/types\/product"}],"wp:featuredmedia":[{"embeddable":true,"href":"https:\/\/staging.nbg.eu\/sl\/wp-json\/wp\/v2\/media\/214408"}],"wp:attachment":[{"href":"https:\/\/staging.nbg.eu\/sl\/wp-json\/wp\/v2\/media?parent=214407"}],"wp:term":[{"taxonomy":"product_brand","embeddable":true,"href":"https:\/\/staging.nbg.eu\/sl\/wp-json\/wp\/v2\/product_brand?post=214407"},{"taxonomy":"product_cat","embeddable":true,"href":"https:\/\/staging.nbg.eu\/sl\/wp-json\/wp\/v2\/product_cat?post=214407"},{"taxonomy":"product_tag","embeddable":true,"href":"https:\/\/staging.nbg.eu\/sl\/wp-json\/wp\/v2\/product_tag?post=214407"}],"curies":[{"name":"wp","href":"https:\/\/api.w.org\/{rel}","templated":true}]}}