{"id":213974,"date":"2024-10-31T21:14:39","date_gmt":"2025-02-19T16:24:42","guid":{"rendered":"https:\/\/staging.nbg.eu\/product\/sabre-red-spray-52cft10-mk3-crossfire-gel-1-5oz-45ml\/"},"modified":"2025-02-19T16:26:37","modified_gmt":"2025-02-19T16:26:37","slug":"blue-force-gear-univerzalna-zicna-zanka","status":"publish","type":"product","link":"https:\/\/staging.nbg.eu\/sl\/izdelek\/blue-force-gear-univerzalna-zicna-zanka\/","title":{"rendered":"Blue Force Gear univerzalna \u017ei\u010dna zanka"},"content":{"rendered":"<div class=\"product-description\">\n<h2>Sabre Red 52CFT10-G MK-3 Crossfire Stream<\/h2>\n<p>Ta 1,5 oz solzivec uporabljajo organi pregona po vsem svetu. Vsebuje ve\u010djo koncentracijo kapsaicinoidov. Zna\u010dilnosti vklju\u010dujejo:<\/p>\n<ul>\n<li>SABRE Crossfire\u00ae tehnologija za uporabo iz katerega koli kota<\/li>\n<li>8 enosekundnih curkov z dosegom 15-20 \u010devljev<\/li>\n<li>1,33% MC formulacija<\/li>\n<li>5-letni rok uporabnosti<\/li>\n<li>ISO 9001:2008 certificiran<\/li>\n<li>Preizku\u0161en za o\u010di, ko\u017eo in vdihavanje<\/li>\n<li>UV ozna\u010devalno barvilo za identifikacijo osumljencev<\/li>\n<li>Nevnetljiv in zdru\u017eljiv z EID<\/li>\n<\/ul>\n<p>Primeren za organe pregona in osebno za\u0161\u010dito. Izdelano v ZDA s strani Security Equipment Corp.<\/p>\n<\/div>\n","protected":false},"excerpt":{"rendered":"<p>Mo\u010dan solzivec policijske kakovosti. Tehnologija Crossfire, doseg 4,5-6 metrov.<\/p>\n","protected":false},"featured_media":75082,"template":"","meta":{"_acf_changed":false},"product_brand":[11764],"product_cat":[13473],"product_tag":[],"class_list":{"0":"post-213974","1":"product","2":"type-product","3":"status-publish","4":"has-post-thumbnail","6":"product_brand-sabre","7":"product_cat-edc","9":"first","10":"instock","11":"taxable","12":"shipping-taxable","13":"purchasable","14":"product-type-simple"},"acf":[],"_links":{"self":[{"href":"https:\/\/staging.nbg.eu\/sl\/wp-json\/wp\/v2\/product\/213974","targetHints":{"allow":["GET"]}}],"collection":[{"href":"https:\/\/staging.nbg.eu\/sl\/wp-json\/wp\/v2\/product"}],"about":[{"href":"https:\/\/staging.nbg.eu\/sl\/wp-json\/wp\/v2\/types\/product"}],"wp:featuredmedia":[{"embeddable":true,"href":"https:\/\/staging.nbg.eu\/sl\/wp-json\/wp\/v2\/media\/75082"}],"wp:attachment":[{"href":"https:\/\/staging.nbg.eu\/sl\/wp-json\/wp\/v2\/media?parent=213974"}],"wp:term":[{"taxonomy":"product_brand","embeddable":true,"href":"https:\/\/staging.nbg.eu\/sl\/wp-json\/wp\/v2\/product_brand?post=213974"},{"taxonomy":"product_cat","embeddable":true,"href":"https:\/\/staging.nbg.eu\/sl\/wp-json\/wp\/v2\/product_cat?post=213974"},{"taxonomy":"product_tag","embeddable":true,"href":"https:\/\/staging.nbg.eu\/sl\/wp-json\/wp\/v2\/product_tag?post=213974"}],"curies":[{"name":"wp","href":"https:\/\/api.w.org\/{rel}","templated":true}]}}