{"id":212974,"date":"2024-07-22T11:51:56","date_gmt":"2024-07-22T11:51:56","guid":{"rendered":"https:\/\/staging.nbg.eu\/product\/blue-force-gear-universal-wire-loop\/"},"modified":"2025-02-19T15:18:03","modified_gmt":"2025-02-19T15:18:03","slug":"surefire-xsc-orozna-svetilka","status":"publish","type":"product","link":"https:\/\/staging.nbg.eu\/sl\/izdelek\/surefire-xsc-orozna-svetilka\/","title":{"rendered":"SureFire XSC oro\u017ena svetilka"},"content":{"rendered":"<h2>Blue Force Gear univerzalna \u017ei\u010dna zanka<\/h2>\n<p>Univerzalna \u017ei\u010dna zanka (UWL\u2122) je vsestranska to\u010dka za pritrditev jermena, zasnovana za ve\u010d aplikacij. Na voljo je v dol\u017einah zanke 3,25&#8243;, 4,5&#8243; in 6,25&#8243; in ima naslednje lastnosti:<\/p>\n<ul>\n<li>Prilagodljiva najlonska prevleka iz nerjave\u010dega jekla za enostavno pritrditev<\/li>\n<li>CNC-strojno obdelano aluminijasto ohi\u0161je 6061-T6 z neodsevno povr\u0161ino<\/li>\n<li>Trdo anodizirana za vzdr\u017eljivost<\/li>\n<li>Kabel letalske kakovosti s kroglastimi konci<\/li>\n<li>Ti\u0161ja in mo\u010dnej\u0161a od tradicionalnih kavljastih pritrditev<\/li>\n<li>Ne obrabi o\u010desc<\/li>\n<\/ul>\n<p>Primerna za uporabo z bojnimi aplikacijskimi jermeni Vickers\u2122, UWL\u2122 ponuja neomejene mo\u017enosti pritrditve. Medtem ko lahko ekstremna vro\u010dina cevi deformira zunanjo prevleko, jedro iz nerjave\u010dega jekla ostane nedotaknjeno, kar zagotavlja zanesljivost v zahtevnih situacijah.<\/p>\n","protected":false},"excerpt":{"rendered":"<p>Vsestranski nastavek za pas s prilagodljivo \u017eico za razli\u010dne mo\u017enosti monta\u017ee.<\/p>\n","protected":false},"featured_media":50219,"template":"","meta":{"_acf_changed":false},"product_brand":[11138],"product_cat":[13450,13446],"product_tag":[],"class_list":{"0":"post-212974","1":"product","2":"type-product","3":"status-publish","4":"has-post-thumbnail","6":"product_brand-blue-force-gear","7":"product_cat-oprema","8":"product_cat-pasovi-za-nosenje","10":"first","11":"instock","12":"taxable","13":"shipping-taxable","14":"purchasable","15":"product-type-variable","16":"wvs-archive-product-wrapper"},"acf":[],"_links":{"self":[{"href":"https:\/\/staging.nbg.eu\/sl\/wp-json\/wp\/v2\/product\/212974","targetHints":{"allow":["GET"]}}],"collection":[{"href":"https:\/\/staging.nbg.eu\/sl\/wp-json\/wp\/v2\/product"}],"about":[{"href":"https:\/\/staging.nbg.eu\/sl\/wp-json\/wp\/v2\/types\/product"}],"wp:featuredmedia":[{"embeddable":true,"href":"https:\/\/staging.nbg.eu\/sl\/wp-json\/wp\/v2\/media\/50219"}],"wp:attachment":[{"href":"https:\/\/staging.nbg.eu\/sl\/wp-json\/wp\/v2\/media?parent=212974"}],"wp:term":[{"taxonomy":"product_brand","embeddable":true,"href":"https:\/\/staging.nbg.eu\/sl\/wp-json\/wp\/v2\/product_brand?post=212974"},{"taxonomy":"product_cat","embeddable":true,"href":"https:\/\/staging.nbg.eu\/sl\/wp-json\/wp\/v2\/product_cat?post=212974"},{"taxonomy":"product_tag","embeddable":true,"href":"https:\/\/staging.nbg.eu\/sl\/wp-json\/wp\/v2\/product_tag?post=212974"}],"curies":[{"name":"wp","href":"https:\/\/api.w.org\/{rel}","templated":true}]}}