{"id":212401,"date":"2024-07-30T18:47:47","date_gmt":"2025-02-19T14:30:06","guid":{"rendered":"https:\/\/staging.nbg.eu\/product\/surefire-xsc-weaponlight\/"},"modified":"2025-02-19T14:32:02","modified_gmt":"2025-02-19T14:32:02","slug":"iosso-krtaca-za-zaklepni-okvir","status":"publish","type":"product","link":"https:\/\/staging.nbg.eu\/sl\/izdelek\/iosso-krtaca-za-zaklepni-okvir\/","title":{"rendered":"Iosso krta\u010da za zaklepni okvir"},"content":{"rendered":"<div class=\"product-description\">\n<h2>SureFire XSC ORO\u017dNA SVETILKA<\/h2>\n<p>SureFire XSC je oro\u017ena svetilka za prikrito no\u0161enje. Zasnovana je za priljubljene mikro-kompaktne in podkompaktne pi\u0161tole in je orodje za osvetlitev v situacijah s slabo svetlobo.<\/p>\n<h2>Klju\u010dne lastnosti:<\/h2>\n<ul>\n<li>350 lumnov bele svetlobe<\/li>\n<li>Hibridni vzorec \u017earka za prepoznavanje tar\u010de<\/li>\n<li>Ultra-kompaktna in trpe\u017ena zasnova<\/li>\n<li>Polnilna litij-polimerna baterija z mo\u017enostjo hitre zamenjave<\/li>\n<li>Intuitivno, obojestransko stikalo<\/li>\n<li>Telo iz letalskorazrednega aluminija s trdo anodizacijo po voja\u0161kem standardu<\/li>\n<li>IPX4 ocena za odpornost proti vremenskim vplivom<\/li>\n<\/ul>\n<h2>Specifikacije:<\/h2>\n<ul>\n<li>Izhod: 350 lumnov<\/li>\n<li>\u010cas delovanja: 30 minut<\/li>\n<li>Te\u017ea: 48,2 g<\/li>\n<li>Dol\u017eina: 4,9 cm<\/li>\n<li>Najve\u010dja intenzivnost \u017earka: 2.000 kandel<\/li>\n<li>Doseg \u017earka: 90 metrov<\/li>\n<\/ul>\n<p>Izberite pravi model za va\u0161e oro\u017eje:<\/p>\n<ul>\n<li>XSC-A za Glock 43X in 48 z vodilom<\/li>\n<li>XSC-P365 za SIG SAUER P365 in P365 XL<\/li>\n<li>XSC-HELLCAT za Springfield Armory Hellcat<\/li>\n<li>XSC-B za razli\u010dne druge podkompaktne modele<\/li>\n<\/ul>\n<p>SureFire XSC ORO\u017dNA SVETILKA je mo\u017enost za osvetlitev v kriti\u010dnih situacijah.<\/p>\n<\/div>\n","protected":false},"excerpt":{"rendered":"<p>Kompaktna, zmogljiva 350-lumenska svetilka za prikrito no\u0161ene pi\u0161tole.<\/p>\n","protected":false},"featured_media":212402,"template":"","meta":{"_acf_changed":false},"product_brand":[11879],"product_cat":[13474,13467,13440],"product_tag":[],"class_list":{"0":"post-212401","1":"product","2":"type-product","3":"status-publish","4":"has-post-thumbnail","6":"product_brand-surefire","7":"product_cat-luci","8":"product_cat-luci-za-pistole","9":"product_cat-pistola","10":"pa_light-p-365-sl","11":"pa_light-xsc-a-sl-2","12":"pa_light-xsc-b-sl","14":"first","15":"instock","16":"taxable","17":"shipping-taxable","18":"purchasable","19":"product-type-variable","20":"wvs-archive-product-wrapper"},"acf":[],"_links":{"self":[{"href":"https:\/\/staging.nbg.eu\/sl\/wp-json\/wp\/v2\/product\/212401","targetHints":{"allow":["GET"]}}],"collection":[{"href":"https:\/\/staging.nbg.eu\/sl\/wp-json\/wp\/v2\/product"}],"about":[{"href":"https:\/\/staging.nbg.eu\/sl\/wp-json\/wp\/v2\/types\/product"}],"wp:featuredmedia":[{"embeddable":true,"href":"https:\/\/staging.nbg.eu\/sl\/wp-json\/wp\/v2\/media\/212402"}],"wp:attachment":[{"href":"https:\/\/staging.nbg.eu\/sl\/wp-json\/wp\/v2\/media?parent=212401"}],"wp:term":[{"taxonomy":"product_brand","embeddable":true,"href":"https:\/\/staging.nbg.eu\/sl\/wp-json\/wp\/v2\/product_brand?post=212401"},{"taxonomy":"product_cat","embeddable":true,"href":"https:\/\/staging.nbg.eu\/sl\/wp-json\/wp\/v2\/product_cat?post=212401"},{"taxonomy":"product_tag","embeddable":true,"href":"https:\/\/staging.nbg.eu\/sl\/wp-json\/wp\/v2\/product_tag?post=212401"}],"curies":[{"name":"wp","href":"https:\/\/api.w.org\/{rel}","templated":true}]}}