{"id":211547,"date":"2024-01-24T19:30:39","date_gmt":"2025-02-19T13:02:45","guid":{"rendered":"https:\/\/staging.nbg.eu\/product\/iosso-bolt-carrier-brush\/"},"modified":"2025-02-19T13:15:27","modified_gmt":"2025-02-19T13:15:27","slug":"badger-ordnance-c1-modularna-varovalka","status":"publish","type":"product","link":"https:\/\/staging.nbg.eu\/sl\/izdelek\/badger-ordnance-c1-modularna-varovalka\/","title":{"rendered":"Badger Ordnance C1 modularna varovalka"},"content":{"rendered":"<p style=\"text-align: center\"><strong><span style=\"font-size: 170%\">\u0160\u010detke za nosilec zaklepa losso<\/span><\/strong><\/p>\n<p>Ta komplet vsebuje pakete \u0161\u010detk za nosilec zaklepa in le\u017ei\u0161\u010de naboja. Dimenzijsko so natan\u010dno izdelane za natan\u010dno \u010di\u0161\u010denje. Narejene so iz modrega vlakna, ki je debelo, togo in dobro ohranja obliko. To omogo\u010da gibanje naprej in nazaj, za razliko od tradicionalnih \u0161\u010detk iz medenine in brona. Lahko se uporabijo ve\u010dkrat, preden se obrabijo.<\/p>\n<table width=\"305\">\n<tbody>\n<tr>\n<td width=\"305\"><strong>AR-15 Nosilec zaklepa z zati\u010dem, 2 kosa<\/strong><\/td>\n<\/tr>\n<tr>\n<td><strong>AR.308 Pu\u0161ka Nosilec zaklepa z zati\u010dem, 2 kosa<\/strong><\/td>\n<\/tr>\n<\/tbody>\n<\/table>\n","protected":false},"excerpt":{"rendered":"<p><strong>Dimenzionirano na tesno toleranco za natan\u010dno \u010di\u0161\u010denje<\/strong><\/p>\n","protected":false},"featured_media":107718,"template":"","meta":{"_acf_changed":false},"product_brand":[11485],"product_cat":[13464,13491],"product_tag":[],"class_list":{"0":"post-211547","1":"product","2":"type-product","3":"status-publish","4":"has-post-thumbnail","6":"product_brand-iosso","7":"product_cat-ciscenje-orozja","8":"product_cat-krtace","9":"pa_model-ar-308-sl","10":"pa_model-ar-15-sl","12":"first","13":"instock","14":"taxable","15":"shipping-taxable","16":"purchasable","17":"product-type-variable","18":"wvs-archive-product-wrapper"},"acf":[],"_links":{"self":[{"href":"https:\/\/staging.nbg.eu\/sl\/wp-json\/wp\/v2\/product\/211547","targetHints":{"allow":["GET"]}}],"collection":[{"href":"https:\/\/staging.nbg.eu\/sl\/wp-json\/wp\/v2\/product"}],"about":[{"href":"https:\/\/staging.nbg.eu\/sl\/wp-json\/wp\/v2\/types\/product"}],"wp:featuredmedia":[{"embeddable":true,"href":"https:\/\/staging.nbg.eu\/sl\/wp-json\/wp\/v2\/media\/107718"}],"wp:attachment":[{"href":"https:\/\/staging.nbg.eu\/sl\/wp-json\/wp\/v2\/media?parent=211547"}],"wp:term":[{"taxonomy":"product_brand","embeddable":true,"href":"https:\/\/staging.nbg.eu\/sl\/wp-json\/wp\/v2\/product_brand?post=211547"},{"taxonomy":"product_cat","embeddable":true,"href":"https:\/\/staging.nbg.eu\/sl\/wp-json\/wp\/v2\/product_cat?post=211547"},{"taxonomy":"product_tag","embeddable":true,"href":"https:\/\/staging.nbg.eu\/sl\/wp-json\/wp\/v2\/product_tag?post=211547"}],"curies":[{"name":"wp","href":"https:\/\/api.w.org\/{rel}","templated":true}]}}