{"id":208891,"date":"2024-09-02T10:47:02","date_gmt":"2025-02-16T17:06:24","guid":{"rendered":"https:\/\/staging.nbg.eu\/product\/badger-ordnance-c1-modular-safety\/"},"modified":"2025-02-16T17:08:10","modified_gmt":"2025-02-16T17:08:10","slug":"bore-tech-friction-guard-xp-120ml","status":"publish","type":"product","link":"https:\/\/staging.nbg.eu\/sl\/izdelek\/bore-tech-friction-guard-xp-120ml\/","title":{"rendered":"Bore Tech Friction Guard XP 120ml"},"content":{"rendered":"<div class=\"product-description\">\n<h2>Badger Ordnance C1 Modularna Varnostna Ro\u010dica<\/h2>\n<p>C1 polavtomatska varnostna ro\u010dica za pu\u0161ke tipa M16\/AR-15\/AR-10\/SR-25. Ta modularni komplet ponuja:<\/p>\n<ul>\n<li>Enostransko ali obojestransko upravljanje<\/li>\n<li>Upravljanje z levo ali desno roko<\/li>\n<li>Mo\u017enosti 60\u00b0 ali 90\u00b0 premika<\/li>\n<li>Rde\u010d indikator za enostavno vizualno preverjanje<\/li>\n<\/ul>\n<p>Komplet vklju\u010duje:<\/p>\n<ul>\n<li>Dolga ro\u010dica za mo\u010dnej\u0161o stran<\/li>\n<li>Kratka ro\u010dica za \u0161ibkej\u0161o stran<\/li>\n<li>Pokrov\u010dek indikatorja stanja za \u0161ibkej\u0161o stran<\/li>\n<li>Valjasti zati\u010di in varnostni zati\u010d (kaljeni na 60Rc)<\/li>\n<\/ul>\n<p>Izdelano iz jekla 4140, povr\u0161insko kaljeno in prevle\u010deno z manganovim fosfatom. Enostavna namestitev.<\/p>\n<p><strong>Barva:<\/strong> \u010crna<br \/>\n |<br \/>\n<strong>Potrebno dovoljenje za oro\u017eje:<\/strong> Ne | <strong>Specifi\u010dno za platformo:<\/strong> Ne<\/p>\n<\/div>\n","protected":false},"excerpt":{"rendered":"<p>Vsestranska varnostna ro\u010dica za AR: obojero\u010dna, 60\u00b0\/90\u00b0 zasuk, rde\u010di indikatorji<\/p>\n","protected":false},"featured_media":35396,"template":"","meta":{"_acf_changed":false},"product_brand":[11092],"product_cat":[13444,13488,13432,13483],"product_tag":[],"class_list":{"0":"post-208891","1":"product","2":"type-product","3":"status-publish","4":"has-post-thumbnail","6":"product_brand-badger-ordnance","7":"product_cat-ar-nastavitve","8":"product_cat-izbirniki-varovanja","9":"product_cat-nastavitve-puske","10":"product_cat-puska","12":"first","13":"instock","14":"taxable","15":"shipping-taxable","16":"purchasable","17":"product-type-simple"},"acf":[],"_links":{"self":[{"href":"https:\/\/staging.nbg.eu\/sl\/wp-json\/wp\/v2\/product\/208891","targetHints":{"allow":["GET"]}}],"collection":[{"href":"https:\/\/staging.nbg.eu\/sl\/wp-json\/wp\/v2\/product"}],"about":[{"href":"https:\/\/staging.nbg.eu\/sl\/wp-json\/wp\/v2\/types\/product"}],"wp:featuredmedia":[{"embeddable":true,"href":"https:\/\/staging.nbg.eu\/sl\/wp-json\/wp\/v2\/media\/35396"}],"wp:attachment":[{"href":"https:\/\/staging.nbg.eu\/sl\/wp-json\/wp\/v2\/media?parent=208891"}],"wp:term":[{"taxonomy":"product_brand","embeddable":true,"href":"https:\/\/staging.nbg.eu\/sl\/wp-json\/wp\/v2\/product_brand?post=208891"},{"taxonomy":"product_cat","embeddable":true,"href":"https:\/\/staging.nbg.eu\/sl\/wp-json\/wp\/v2\/product_cat?post=208891"},{"taxonomy":"product_tag","embeddable":true,"href":"https:\/\/staging.nbg.eu\/sl\/wp-json\/wp\/v2\/product_tag?post=208891"}],"curies":[{"name":"wp","href":"https:\/\/api.w.org\/{rel}","templated":true}]}}