{"id":208680,"date":"2024-07-29T13:02:15","date_gmt":"2024-07-29T13:02:15","guid":{"rendered":"https:\/\/staging.nbg.eu\/product\/bore-tech-friction-guard-xp-120ml\/"},"modified":"2025-02-16T16:55:45","modified_gmt":"2025-02-16T16:55:45","slug":"luger-maxx-tech-9x19-strelivo","status":"publish","type":"product","link":"https:\/\/staging.nbg.eu\/sl\/izdelek\/luger-maxx-tech-9x19-strelivo\/","title":{"rendered":"Luger Maxx Tech 9&#215;19 strelivo"},"content":{"rendered":"<h2>Bore Tech Friction Guard XP olje za oro\u017eje &#8211; 120ml<\/h2>\n<p>Bore Tech Friction Guard XP olje za oro\u017eje je sinteti\u010dna me\u0161anica, ki presega zahteve MIL-PRF-63460E in ponuja:<\/p>\n<ul>\n<li>Mazanje od -73\u00b0C do 316\u00b0C<\/li>\n<li>95% zmanj\u0161anje trenja in obrabe<\/li>\n<li>Za\u0161\u010dita pred korozijo<\/li>\n<li>Prodiranje in vezanje na kovinske povr\u0161ine<\/li>\n<li>Izbolj\u0161ana trdnost filma za lastnosti proti obrabi<\/li>\n<li>Odpornost na ekstremne temperature<\/li>\n<li>Ve\u010d kot 100 ur za\u0161\u010dite pri testu s solnim pr\u0161ilom<\/li>\n<li>Izpodrivanje vlage<\/li>\n<li>Odbijanje prahu in delcev<\/li>\n<\/ul>\n<p>Primerno za strelce, lovce in druge uporabnike oro\u017eja. Friction Guard XP \u0161\u010diti cev oro\u017eja med uporabo in shranjevanjem.<\/p>\n","protected":false},"excerpt":{"rendered":"<p>Visoko zmogljivo sinteti\u010dno olje za oro\u017eje za vrhunsko mazanje in za\u0161\u010dito.<\/p>\n","protected":false},"featured_media":150493,"template":"","meta":{"_acf_changed":false},"product_brand":[11159],"product_cat":[13464,13452],"product_tag":[],"class_list":{"0":"post-208680","1":"product","2":"type-product","3":"status-publish","4":"has-post-thumbnail","6":"product_brand-boretech","7":"product_cat-ciscenje-orozja","8":"product_cat-maziva","10":"first","11":"instock","12":"taxable","13":"shipping-taxable","14":"purchasable","15":"product-type-simple"},"acf":[],"_links":{"self":[{"href":"https:\/\/staging.nbg.eu\/sl\/wp-json\/wp\/v2\/product\/208680","targetHints":{"allow":["GET"]}}],"collection":[{"href":"https:\/\/staging.nbg.eu\/sl\/wp-json\/wp\/v2\/product"}],"about":[{"href":"https:\/\/staging.nbg.eu\/sl\/wp-json\/wp\/v2\/types\/product"}],"wp:featuredmedia":[{"embeddable":true,"href":"https:\/\/staging.nbg.eu\/sl\/wp-json\/wp\/v2\/media\/150493"}],"wp:attachment":[{"href":"https:\/\/staging.nbg.eu\/sl\/wp-json\/wp\/v2\/media?parent=208680"}],"wp:term":[{"taxonomy":"product_brand","embeddable":true,"href":"https:\/\/staging.nbg.eu\/sl\/wp-json\/wp\/v2\/product_brand?post=208680"},{"taxonomy":"product_cat","embeddable":true,"href":"https:\/\/staging.nbg.eu\/sl\/wp-json\/wp\/v2\/product_cat?post=208680"},{"taxonomy":"product_tag","embeddable":true,"href":"https:\/\/staging.nbg.eu\/sl\/wp-json\/wp\/v2\/product_tag?post=208680"}],"curies":[{"name":"wp","href":"https:\/\/api.w.org\/{rel}","templated":true}]}}