{"id":205400,"date":"2024-08-16T18:01:15","date_gmt":"2025-02-13T15:24:56","guid":{"rendered":"https:\/\/staging.nbg.eu\/product\/rhh-ipsc-holster-mount-509\/"},"modified":"2025-02-13T15:26:41","modified_gmt":"2025-02-13T15:26:41","slug":"badger-ordnance-c1-12-oclock-vrhnja-opticna-platforma-za-trijicon-rmr","status":"publish","type":"product","link":"https:\/\/staging.nbg.eu\/sl\/izdelek\/badger-ordnance-c1-12-oclock-vrhnja-opticna-platforma-za-trijicon-rmr\/","title":{"rendered":"Badger Ordnance C1 12 O&#8217;clock vrhnja opti\u010dna platforma za Trijicon RMR"},"content":{"rendered":"<div class=\"product-description\">\n<h2>RHH IPSC nosilec za tok .509<\/h2>\n<p>RHH IPSC nosilec za tok .509 ponuja prilagodljivost za va\u0161o postavitev toka:<\/p>\n<ul>\n<li><strong>Nastavljiv naklon:<\/strong> Nastavite kot v katerokoli smer po va\u0161ih \u017eeljah, z mo\u017enostjo enostavnih sprememb kadarkoli.<\/li>\n<li><strong>Ve\u010dosna konfiguracija:<\/strong> Kombinirajte z nastavitvijo vi\u0161ine za neprekinjene spremembe v do treh oseh ob ohranjanju \u017eelene vi\u0161ine.<\/li>\n<li><strong>Nadzor stranskega nagiba:<\/strong> Prilagodite nagib toka z zategovanjem vijakov. Vklju\u010duje dva kompleta vijakov in podlo\u017ek za razli\u010dne razdalje od telesa.<\/li>\n<li><strong>Prilagodljiva nastavitev vi\u0161ine:<\/strong> Ve\u010d lukenj za vijake omogo\u010da optimizacijo vi\u0161ine toka glede na va\u0161 pas za la\u017eje izvle\u010denje oro\u017eja.<\/li>\n<\/ul>\n<p><strong>Te\u017ea:<\/strong> 0,19 kg<\/p>\n<p>RHH IPSC nosilec za tok .509 omogo\u010da prilagojeno in u\u010dinkovito strelsko postavitev.<\/p>\n<\/div>\n","protected":false},"excerpt":{"rendered":"<p>Nastavljiv nosilec za IPSC tok: prilagodljiv nagib, vi\u0161ina in kot.<\/p>\n","protected":false},"featured_media":23143,"template":"","meta":{"_acf_changed":false},"product_brand":[11648],"product_cat":[13470,13475],"product_tag":[],"class_list":{"0":"post-205400","1":"product","2":"type-product","3":"status-publish","4":"has-post-thumbnail","6":"product_brand-rh-holsters","7":"product_cat-dodatki-za-toke","8":"product_cat-sportni-tok","10":"first","11":"instock","12":"taxable","13":"shipping-taxable","14":"purchasable","15":"product-type-simple"},"acf":[],"_links":{"self":[{"href":"https:\/\/staging.nbg.eu\/sl\/wp-json\/wp\/v2\/product\/205400","targetHints":{"allow":["GET"]}}],"collection":[{"href":"https:\/\/staging.nbg.eu\/sl\/wp-json\/wp\/v2\/product"}],"about":[{"href":"https:\/\/staging.nbg.eu\/sl\/wp-json\/wp\/v2\/types\/product"}],"wp:featuredmedia":[{"embeddable":true,"href":"https:\/\/staging.nbg.eu\/sl\/wp-json\/wp\/v2\/media\/23143"}],"wp:attachment":[{"href":"https:\/\/staging.nbg.eu\/sl\/wp-json\/wp\/v2\/media?parent=205400"}],"wp:term":[{"taxonomy":"product_brand","embeddable":true,"href":"https:\/\/staging.nbg.eu\/sl\/wp-json\/wp\/v2\/product_brand?post=205400"},{"taxonomy":"product_cat","embeddable":true,"href":"https:\/\/staging.nbg.eu\/sl\/wp-json\/wp\/v2\/product_cat?post=205400"},{"taxonomy":"product_tag","embeddable":true,"href":"https:\/\/staging.nbg.eu\/sl\/wp-json\/wp\/v2\/product_tag?post=205400"}],"curies":[{"name":"wp","href":"https:\/\/api.w.org\/{rel}","templated":true}]}}