{"id":205288,"date":"2024-09-02T10:50:03","date_gmt":"2025-02-13T15:10:59","guid":{"rendered":"https:\/\/staging.nbg.eu\/product\/badger-ordnance-c1-12-oclock-top-optical-platform-for-trijicon-rmr\/"},"modified":"2025-02-13T15:12:51","modified_gmt":"2025-02-13T15:12:51","slug":"rh-owb-sportna-kabura","status":"publish","type":"product","link":"https:\/\/staging.nbg.eu\/sl\/izdelek\/rh-owb-sportna-kabura\/","title":{"rendered":"RH OWB \u0161portna kabura"},"content":{"rendered":"<div class=\"product-description\">\n<h2>Badger Ordnance C1 12 O&#8217;clock zgornja opti\u010dna platforma za Trijicon RMR<\/h2>\n<p>Badger Ordnance C1 12TOP je monta\u017ena re\u0161itev, zasnovana za vgradnjo optike Trijicon RMR ali zdru\u017eljive optike na va\u0161 sistem C1 ARC. Ta platforma ponuja konfiguracijo rde\u010de pike, name\u0161\u010dene na 12 uri, ki omogo\u010da hitro pridobivanje tar\u010de.<\/p>\n<h2>Klju\u010dne lastnosti:<\/h2>\n<ul>\n<li>Izdelano iz aluminija 6061 T6<\/li>\n<li>Tip III trdo anodiziran zaklju\u010dek za trajnost<\/li>\n<li>Lahka zasnova, te\u017ea samo 0,5 oz<\/li>\n<li>Vklju\u010duje lepilno vodotesno podlogo za varno monta\u017eo<\/li>\n<li>Zdru\u017eljivo z razli\u010dnimi optikami, ki uporabljajo podno\u017eje Trijicon RMR<\/li>\n<\/ul>\n<h2>Zdru\u017eljivost:<\/h2>\n<p>C1 12TOP je zdru\u017eljiv z razli\u010dnimi optikami, vklju\u010dno z:<\/p>\n<ul>\n<li>Trijicon RMR in SRO<\/li>\n<li>Holosun HS407C, HS507C in HS508T<\/li>\n<li>Swampfox Kingslayer, Liberty RMR 1&#215;22 in Justice RMR 1&#215;27<\/li>\n<li>NcStar VISM FlipDot Pro<\/li>\n<li>Riton X3 Tactix PRD<\/li>\n<li>Vector Optics Frenzy 1x22x26<\/li>\n<\/ul>\n<p>Badger Ordnance C1 12 O&#8217;clock zgornja opti\u010dna platforma omogo\u010da izbolj\u0161ano natan\u010dnost in vsestranskost pri streljanju.<\/p>\n<\/div>\n","protected":false},"excerpt":{"rendered":"<p>Badger C1 12TOP: Lahek RMR nosilec za optiko na polo\u017eaju 12 ur<\/p>\n","protected":false},"featured_media":35420,"template":"","meta":{"_acf_changed":false},"product_brand":[11092],"product_cat":[13459,13460],"product_tag":[],"class_list":{"0":"post-205288","1":"product","2":"type-product","3":"status-publish","4":"has-post-thumbnail","6":"product_brand-badger-ordnance","7":"product_cat-meritev","8":"product_cat-rdece-pike","10":"first","11":"instock","12":"taxable","13":"shipping-taxable","14":"purchasable","15":"product-type-simple"},"acf":[],"_links":{"self":[{"href":"https:\/\/staging.nbg.eu\/sl\/wp-json\/wp\/v2\/product\/205288","targetHints":{"allow":["GET"]}}],"collection":[{"href":"https:\/\/staging.nbg.eu\/sl\/wp-json\/wp\/v2\/product"}],"about":[{"href":"https:\/\/staging.nbg.eu\/sl\/wp-json\/wp\/v2\/types\/product"}],"wp:featuredmedia":[{"embeddable":true,"href":"https:\/\/staging.nbg.eu\/sl\/wp-json\/wp\/v2\/media\/35420"}],"wp:attachment":[{"href":"https:\/\/staging.nbg.eu\/sl\/wp-json\/wp\/v2\/media?parent=205288"}],"wp:term":[{"taxonomy":"product_brand","embeddable":true,"href":"https:\/\/staging.nbg.eu\/sl\/wp-json\/wp\/v2\/product_brand?post=205288"},{"taxonomy":"product_cat","embeddable":true,"href":"https:\/\/staging.nbg.eu\/sl\/wp-json\/wp\/v2\/product_cat?post=205288"},{"taxonomy":"product_tag","embeddable":true,"href":"https:\/\/staging.nbg.eu\/sl\/wp-json\/wp\/v2\/product_tag?post=205288"}],"curies":[{"name":"wp","href":"https:\/\/api.w.org\/{rel}","templated":true}]}}