{"id":199730,"date":"2024-07-29T13:09:29","date_gmt":"2025-02-11T11:07:59","guid":{"rendered":"https:\/\/staging.nbg.eu\/product\/single-pistol-belt-pouch\/"},"modified":"2025-02-11T11:10:13","modified_gmt":"2025-02-11T11:10:13","slug":"blue-force-gear-komplet-za-prvo-pomoc-now-srednji","status":"publish","type":"product","link":"https:\/\/staging.nbg.eu\/sl\/izdelek\/blue-force-gear-komplet-za-prvo-pomoc-now-srednji\/","title":{"rendered":"Blue Force Gear komplet za prvo pomo\u010d NOW! &#8211; srednji"},"content":{"rendered":"<div class=\"product-description\">\n<h2>Enojna torbica za pas za pi\u0161tolo<\/h2>\n<p>Enojna torbica za pas za pi\u0161tolo dr\u017ei en nabojnik za pi\u0161tolo in omogo\u010da hiter dostop za slu\u017ebeno ali prikrito no\u0161enje.<\/p>\n<ul>\n<li>Primerna za pasove do \u0161irine 5 cm<\/li>\n<li>Udobna za celodnevno no\u0161enje brez ostrih robov<\/li>\n<li>Elasti\u010dna sprednja stran z laminatom<\/li>\n<li>Sistem zapiranja s kavljem in zanko<\/li>\n<li>Primerna za enojne ali dvojne nabojnike (do velikosti HK45\/USP)<\/li>\n<li>Primerna tudi za svetilke, ve\u010dnamenska orodja ali podobne predmete<\/li>\n<li>Odstranljiva pritrditev na pas za vodoravno namestitev<\/li>\n<\/ul>\n<p>Velikost: 5,7 cm x 11,4 cm | Te\u017ea: 20 gramov<\/p>\n<p>Ta torbica je lahka, trpe\u017ena in prilagodljiva.<\/p>\n<\/div>\n","protected":false},"excerpt":{"rendered":"<p>Varna, ozka pasna torbica za nabojnik pi\u0161tole ali orodje. Hiter dostop.<\/p>\n","protected":false},"featured_media":164235,"template":"","meta":{"_acf_changed":false},"product_brand":[11139],"product_cat":[13426,13450,13441],"product_tag":[],"class_list":{"0":"post-199730","1":"product","2":"type-product","3":"status-publish","4":"has-post-thumbnail","6":"product_brand-blue-force-gear","7":"product_cat-drzala-za-nabojnike","8":"product_cat-oprema","9":"product_cat-torbice","11":"first","12":"instock","13":"taxable","14":"shipping-taxable","15":"purchasable","16":"product-type-simple"},"acf":[],"_links":{"self":[{"href":"https:\/\/staging.nbg.eu\/sl\/wp-json\/wp\/v2\/product\/199730","targetHints":{"allow":["GET"]}}],"collection":[{"href":"https:\/\/staging.nbg.eu\/sl\/wp-json\/wp\/v2\/product"}],"about":[{"href":"https:\/\/staging.nbg.eu\/sl\/wp-json\/wp\/v2\/types\/product"}],"wp:featuredmedia":[{"embeddable":true,"href":"https:\/\/staging.nbg.eu\/sl\/wp-json\/wp\/v2\/media\/164235"}],"wp:attachment":[{"href":"https:\/\/staging.nbg.eu\/sl\/wp-json\/wp\/v2\/media?parent=199730"}],"wp:term":[{"taxonomy":"product_brand","embeddable":true,"href":"https:\/\/staging.nbg.eu\/sl\/wp-json\/wp\/v2\/product_brand?post=199730"},{"taxonomy":"product_cat","embeddable":true,"href":"https:\/\/staging.nbg.eu\/sl\/wp-json\/wp\/v2\/product_cat?post=199730"},{"taxonomy":"product_tag","embeddable":true,"href":"https:\/\/staging.nbg.eu\/sl\/wp-json\/wp\/v2\/product_tag?post=199730"}],"curies":[{"name":"wp","href":"https:\/\/api.w.org\/{rel}","templated":true}]}}