{"id":199117,"date":"2024-06-17T21:23:15","date_gmt":"2025-02-11T09:32:07","guid":{"rendered":"https:\/\/staging.nbg.eu\/product\/blue-force-gear-trauma-kit-now-medium\/"},"modified":"2025-02-11T09:34:02","modified_gmt":"2025-02-11T09:34:02","slug":"badger-ordnance-nizkoprofilni-izboljsani-komplet-dvonoznika-s-picatinny-montazo","status":"publish","type":"product","link":"https:\/\/staging.nbg.eu\/sl\/izdelek\/badger-ordnance-nizkoprofilni-izboljsani-komplet-dvonoznika-s-picatinny-montazo\/","title":{"rendered":"Badger Ordnance nizkoprofilni izbolj\u0161ani komplet dvono\u017enika s Picatinny monta\u017eo"},"content":{"rendered":"<h2>Blue Force Gear Trauma Kit NOW! &#8211; Srednji prazen<\/h2>\n<p>Trauma Kit NOW! &#8211; SREDNJI je komplet za nujno medicinsko pomo\u010d, zasnovan za uporabo z eno roko. Prvotno je bil ustvarjen za vsebino Army IFAK, prilagodljiv je razli\u010dnim medicinskim naborom.<\/p>\n<ul>\n<li>Dvodelna zasnova: zunanja torbica MOLLE s sistemom pritrditve Helium Whisper in odstranljiv notranji nosilec za zaloge<\/li>\n<li>Zo\u017eena zunanja torbica za varno zadr\u017eevanje in enostavno odstranjevanje<\/li>\n<li>Notranji nosilec za hitro uporabo z Ball Loaded Index Point (BLIP) za uporabo v zahtevnih pogojih<\/li>\n<li>MOLLE polja za zunanjo pritrditev tourniquet-a<\/li>\n<li>Ve\u010dnamenska zasnova, primerna za voja\u0161ko, policijsko in civilno uporabo<\/li>\n<\/ul>\n<p>Eden najhitreje uporabljanih kompletov za travme na trgu, zasnovan za kriti\u010dne situacije, kjer je vsaka sekunda pomembna.<\/p>\n","protected":false},"excerpt":{"rendered":"<p>Medicinska torbica za hitro namestitev z odstranljivo notranjo organizacijsko plo\u0161\u010do za prilagajanje.<\/p>\n","protected":false},"featured_media":153810,"template":"","meta":{"_acf_changed":false},"product_brand":[11139],"product_cat":[13485,13450],"product_tag":[],"class_list":{"0":"post-199117","1":"product","2":"type-product","3":"status-publish","4":"has-post-thumbnail","6":"product_brand-blue-force-gear","7":"product_cat-medicinski","8":"product_cat-oprema","10":"first","11":"instock","12":"taxable","13":"shipping-taxable","14":"purchasable","15":"product-type-variable","16":"wvs-archive-product-wrapper"},"acf":[],"_links":{"self":[{"href":"https:\/\/staging.nbg.eu\/sl\/wp-json\/wp\/v2\/product\/199117","targetHints":{"allow":["GET"]}}],"collection":[{"href":"https:\/\/staging.nbg.eu\/sl\/wp-json\/wp\/v2\/product"}],"about":[{"href":"https:\/\/staging.nbg.eu\/sl\/wp-json\/wp\/v2\/types\/product"}],"wp:featuredmedia":[{"embeddable":true,"href":"https:\/\/staging.nbg.eu\/sl\/wp-json\/wp\/v2\/media\/153810"}],"wp:attachment":[{"href":"https:\/\/staging.nbg.eu\/sl\/wp-json\/wp\/v2\/media?parent=199117"}],"wp:term":[{"taxonomy":"product_brand","embeddable":true,"href":"https:\/\/staging.nbg.eu\/sl\/wp-json\/wp\/v2\/product_brand?post=199117"},{"taxonomy":"product_cat","embeddable":true,"href":"https:\/\/staging.nbg.eu\/sl\/wp-json\/wp\/v2\/product_cat?post=199117"},{"taxonomy":"product_tag","embeddable":true,"href":"https:\/\/staging.nbg.eu\/sl\/wp-json\/wp\/v2\/product_tag?post=199117"}],"curies":[{"name":"wp","href":"https:\/\/api.w.org\/{rel}","templated":true}]}}