{"id":190145,"date":"2024-09-18T17:53:25","date_gmt":"2024-09-18T17:53:25","guid":{"rendered":"https:\/\/staging.nbg.eu\/product\/holosun-he509t-rd-x2\/"},"modified":"2025-02-04T15:12:16","modified_gmt":"2025-02-04T15:12:16","slug":"holosun-he509t-rd-x2","status":"publish","type":"product","link":"https:\/\/staging.nbg.eu\/sl\/izdelek\/holosun-he509t-rd-x2\/","title":{"rendered":"Holosun HE509T-RD X2"},"content":{"rendered":"<h2>Holosun HE509T-RD X2: Zaprta LED pika<\/h2>\n<p>Holosun HE509T-RD X2 je zaprta LED pika, zasnovana za pi\u0161tole. Ta optika zdru\u017euje trpe\u017enost, vsestranskost in tehnologijo za dobro delovanje v razli\u010dnih situacijah.<\/p>\n<h2>Klju\u010dne lastnosti:<\/h2>\n<ul>\n<li>Ohi\u0161je iz titana razreda 5 za trdnost in odpornost proti koroziji<\/li>\n<li>Polnjeno z du\u0161ikom za prepre\u010devanje meglenja<\/li>\n<li>LED tehnologija z do 50.000 ur \u017eivljenjske dobe baterije<\/li>\n<li>Sistem z ve\u010d merilnimi to\u010dkami (MRS) z 2 MOA piko, 32 MOA krogom ali kombinacijo kroga in pike<\/li>\n<li>Solarna tehnologija za rezervno napajanje<\/li>\n<li>Tehnologija Shake Awake za podalj\u0161ano \u017eivljenjsko dobo baterije<\/li>\n<li>12 nastavitev svetlosti, vklju\u010dno z 2 na\u010dinoma za no\u010dno vidljivost<\/li>\n<li>Izbolj\u0161ana jasnost stekla v razli\u010dici X2<\/li>\n<li>Na\u010din zaklepanja za varne nastavitve<\/li>\n<li>Prilo\u017eena adapterska plo\u0161\u010da za zdru\u017eljivost z RMR podno\u017ejem<\/li>\n<\/ul>\n<h2>Napredne tehnologije:<\/h2>\n<h3>Solar Failsafe\u2122<\/h3>\n<p>Ta funkcija zagotavlja rezervno napajanje z naravno ali umetno svetlobo. V samodejnem na\u010dinu se intenzivnost merilne to\u010dke prilagaja glede na svetlobne pogoje.<\/p>\n<h3>Shake Awake\u2122<\/h3>\n<p>Tehnologija Shake Awake deaktivira LED, ko ni v uporabi, in ga takoj reaktivira ob zaznavi gibanja. Nastavitve so prilagodljive.<\/p>\n<h3>Sistem z ve\u010d merilnimi to\u010dkami (MRS)<\/h3>\n<p>Izbirate lahko med 2 MOA piko, 32 MOA krogom ali kombinacijo kroga in pike za razli\u010dne situacije in osebne preference.<\/p>\n<h3>Titanovo ohi\u0161je<\/h3>\n<p>Ohi\u0161je iz titana razreda 5 nudi trdnost, trpe\u017enost in odpornost proti koroziji, primerno za zahtevna okolja, vklju\u010dno z uporabo na morju.<\/p>\n<h3>Ve\u010dplastno odbojno steklo<\/h3>\n<p>Steklene le\u010de z naprednimi ve\u010dplastnimi premazi zagotavljajo maksimalen prenos svetlobe, zmanj\u0161ano ble\u0161\u010danje ter intenzivnost in jasnost merilne to\u010dke.<\/p>\n<h2>Tehni\u010dne specifikacije:<\/h2>\n<ul>\n<li>Velikost okna: 0,66&#8243; x 0,9&#8243;<\/li>\n<li>Dimenzije: 1,6&#8243; x 1,16&#8243; x 1,13&#8243;<\/li>\n<li>Te\u017ea: 1,72 oz<\/li>\n<li>Material ohi\u0161ja: Titan razreda 5<\/li>\n<li>Prilagoditev na klik: 1 MOA<\/li>\n<li>Razpon nastavitve po \u0161irini in vi\u0161ini: \u00b130 MOA<\/li>\n<li>Delovna temperatura: -30\u00b0C do 60\u00b0C<\/li>\n<li>Temperatura shranjevanja: -40\u00b0C do 70\u00b0C<\/li>\n<li>Vodoodpornost: IP67<\/li>\n<li>Odpornost na vibracije: 5000G<\/li>\n<\/ul>\n<p>Holosun HE509T-RD X2 zdru\u017euje trpe\u017enost, napredno tehnologijo in natan\u010dno delovanje v kompaktnem paketu.<\/p>\n","protected":false},"excerpt":{"rendered":"<p>Robusten z titanom obdan LED merek za pi\u0161tole. Solarno napajanje, funkcija Shake Awake, ve\u010d vrst merilnih mre\u017eic.<\/p>\n","protected":false},"featured_media":64766,"template":"","meta":{"_acf_changed":false},"product_brand":[11440],"product_cat":[13459,13440,13439,13460],"product_tag":[],"class_list":{"0":"post-190145","1":"product","2":"type-product","3":"status-publish","4":"has-post-thumbnail","6":"product_brand-holosun","7":"product_cat-meritev","8":"product_cat-pistola","9":"product_cat-pistolske-pike","10":"product_cat-rdece-pike","12":"first","13":"outofstock","14":"taxable","15":"shipping-taxable","16":"purchasable","17":"product-type-simple"},"acf":[],"_links":{"self":[{"href":"https:\/\/staging.nbg.eu\/sl\/wp-json\/wp\/v2\/product\/190145","targetHints":{"allow":["GET"]}}],"collection":[{"href":"https:\/\/staging.nbg.eu\/sl\/wp-json\/wp\/v2\/product"}],"about":[{"href":"https:\/\/staging.nbg.eu\/sl\/wp-json\/wp\/v2\/types\/product"}],"wp:featuredmedia":[{"embeddable":true,"href":"https:\/\/staging.nbg.eu\/sl\/wp-json\/wp\/v2\/media\/64766"}],"wp:attachment":[{"href":"https:\/\/staging.nbg.eu\/sl\/wp-json\/wp\/v2\/media?parent=190145"}],"wp:term":[{"taxonomy":"product_brand","embeddable":true,"href":"https:\/\/staging.nbg.eu\/sl\/wp-json\/wp\/v2\/product_brand?post=190145"},{"taxonomy":"product_cat","embeddable":true,"href":"https:\/\/staging.nbg.eu\/sl\/wp-json\/wp\/v2\/product_cat?post=190145"},{"taxonomy":"product_tag","embeddable":true,"href":"https:\/\/staging.nbg.eu\/sl\/wp-json\/wp\/v2\/product_tag?post=190145"}],"curies":[{"name":"wp","href":"https:\/\/api.w.org\/{rel}","templated":true}]}}