{"id":176759,"date":"2024-11-26T18:35:58","date_gmt":"2025-01-28T10:22:51","guid":{"rendered":"https:\/\/staging.nbg.eu\/product\/geissele-border-patrol-rifle-16-5-56mm-black\/"},"modified":"2025-01-28T10:24:42","modified_gmt":"2025-01-28T10:24:42","slug":"geissele-border-patrol-puska-16-556mm-crna","status":"publish","type":"product","link":"https:\/\/staging.nbg.eu\/sl\/izdelek\/geissele-border-patrol-puska-16-556mm-crna\/","title":{"rendered":"Geissele Border Patrol Pu\u0161ka, 16&#8243;, 5.56MM &#8211; \u010crna"},"content":{"rendered":"<h2>Geissele pu\u0161ka za mejno policijo, 16&#8243;, 5,56MM &#8211; \u010crna<\/h2>\n<p>Geissele pu\u0161ka za mejno policijo je polno opremljena slu\u017ebena pu\u0161ka, zasnovana za zanesljivost in zmogljivost. Ta AR-15 nudi leta zanesljive uporabe in je primerna izbira za strokovnjake in navdu\u0161ence.<\/p>\n<h2>Klju\u010dne lastnosti:<\/h2>\n<ul>\n<li>16,25&#8243; hladno kovana cev s kromiranim vrtanjem<\/li>\n<li>1:7 korak navoja in 5,56x45mm NATO le\u017ei\u0161\u010de naboja<\/li>\n<li>Geissele dol\u017eina plinskega sistema s 17-4 plinskim blokom iz nerjave\u010dega jekla<\/li>\n<li>14,6&#8243; MK 20 modularna tirnica z M-Lok re\u017eami<\/li>\n<li>Super Duty kovano zgornje in spodnje ohi\u0161je iz aluminija 7075 T6<\/li>\n<li>Geissele ro\u010dica za napenjanje za obojero\u010dno uporabo<\/li>\n<li>H2 bla\u017eilnik in vzmet bla\u017eilnika iz pletene \u017eice za ve\u010djo zanesljivost<\/li>\n<li>ALG Defense napredni bojni spro\u017eilec (ACT) z izbolj\u0161animi premazi<\/li>\n<\/ul>\n<h2>Specifikacije:<\/h2>\n<ul>\n<li>Dol\u017eina: 82,55 cm (skraj\u0161ana) do 91,44 cm (podalj\u0161ana)<\/li>\n<li>Te\u017ea: Pribli\u017eno 2,99 kg<\/li>\n<li>Kaliber: 5,56MM<\/li>\n<li>Barva: \u010crna<\/li>\n<li>Nosilec zaklepa: Geissele nosilec s prevleko iz manganovega fosfata<\/li>\n<li>Velikost plinske odprtine: 1,905 mm<\/li>\n<li>Ustni\u0161ki pripomo\u010dek: A2 Bla\u017eilec plamena<\/li>\n<li>Kopito: BCM Mod 0, \u010crno<\/li>\n<li>Ro\u010daj: B5 Ro\u010daj z Geissele logotipom<\/li>\n<\/ul>\n<p>Pu\u0161ka za mejno policijo je zasnovana tako, da je lahka in okretna, hkrati pa robustna in zanesljiva. Vsaka komponenta je skrbno izbrana za dolgotrajno uporabo v te\u017ekih pogojih. Skeletna MK 20 modularna tirnica zmanj\u0161uje te\u017eo in zagotavlja trdno monta\u017eno platformo, sistem spajanja pa zagotavlja stabilnost prednjega ro\u010daja med intenzivno uporabo.<\/p>\n<p>S svojimi komponentami, vklju\u010dno z Geissele ro\u010dico za napenjanje, Super 42 bla\u017eilnim sistemom in ALG naprednim bojnim spro\u017eilcem, ta pu\u0161ka nudi visoko zmogljivost in zanesljivost. Bodisi ste strokovnjak v organih pregona ali civilist, ki i\u0161\u010de vrhunsko AR-15 pu\u0161ko, Geissele pu\u0161ka za mejno policijo zagotavlja kakovost in funkcionalnost.<\/p>\n","protected":false},"excerpt":{"rendered":"<p>Zanesljiva 16-pal\u010dna 5,56 mm AR-15 pu\u0161ka s prvorazrednimi funkcijami za dolgoro\u010dno slu\u017ebeno uporabo.<\/p>\n","protected":false},"featured_media":81506,"template":"","meta":{"_acf_changed":false},"product_brand":[11389,11397],"product_cat":[13480,13483],"product_tag":[],"class_list":{"0":"post-176759","1":"product","2":"type-product","3":"status-publish","4":"has-post-thumbnail","6":"product_brand-geissele","8":"product_cat-karabinke","9":"product_cat-puska","11":"first","12":"instock","13":"taxable","14":"shipping-taxable","15":"product-type-simple"},"acf":[],"_links":{"self":[{"href":"https:\/\/staging.nbg.eu\/sl\/wp-json\/wp\/v2\/product\/176759","targetHints":{"allow":["GET"]}}],"collection":[{"href":"https:\/\/staging.nbg.eu\/sl\/wp-json\/wp\/v2\/product"}],"about":[{"href":"https:\/\/staging.nbg.eu\/sl\/wp-json\/wp\/v2\/types\/product"}],"wp:featuredmedia":[{"embeddable":true,"href":"https:\/\/staging.nbg.eu\/sl\/wp-json\/wp\/v2\/media\/81506"}],"wp:attachment":[{"href":"https:\/\/staging.nbg.eu\/sl\/wp-json\/wp\/v2\/media?parent=176759"}],"wp:term":[{"taxonomy":"product_brand","embeddable":true,"href":"https:\/\/staging.nbg.eu\/sl\/wp-json\/wp\/v2\/product_brand?post=176759"},{"taxonomy":"product_cat","embeddable":true,"href":"https:\/\/staging.nbg.eu\/sl\/wp-json\/wp\/v2\/product_cat?post=176759"},{"taxonomy":"product_tag","embeddable":true,"href":"https:\/\/staging.nbg.eu\/sl\/wp-json\/wp\/v2\/product_tag?post=176759"}],"curies":[{"name":"wp","href":"https:\/\/api.w.org\/{rel}","templated":true}]}}