{"id":173248,"date":"2024-11-06T20:28:36","date_gmt":"2024-11-06T20:28:36","guid":{"rendered":"https:\/\/staging.nbg.eu\/product\/vortex-optics-strike-eagle-se-31802-ffp-ebr-7c-mrad-3-18%d1%8544-2\/"},"modified":"2025-01-23T11:33:36","modified_gmt":"2025-01-23T11:33:36","slug":"vortex-optics-strike-eagle-se-31802-ffp-ebr-7c-mrad-3-18x44","status":"publish","type":"product","link":"https:\/\/staging.nbg.eu\/sl\/izdelek\/vortex-optics-strike-eagle-se-31802-ffp-ebr-7c-mrad-3-18x44\/","title":{"rendered":"Vortex Optics Strike Eagle &#8211; SE-31802 FFP EBR-7C MRAD 3-18&#215;44"},"content":{"rendered":"<div class=\"product-description\">\n<h2>Vortex Optics Strike Eagle &#8211; SE-31802 FFP EBR-7C MRAD 3-18\u044544<\/h2>\n<p>Vortex Optics Strike Eagle 3-18&#215;44 FFP je opti\u010dna naprava za takti\u010dno streljanje na srednje in dolge razdalje. Ta vsestranska optika prve fokalne ravnine je zasnovana za hitro prilagajanje v hitro spreminjajo\u010dih se scenarijih ciljev in je primerna za karabinke ali DMR pu\u0161ke.<\/p>\n<h2>Klju\u010dne lastnosti:<\/h2>\n<ul>\n<li><strong>Merilna mre\u017ea prve fokalne ravnine:<\/strong> Ohranja stalne dimenzije za natan\u010dno ciljanje pri vseh pove\u010davah.<\/li>\n<li><strong>XD opti\u010dni sistem:<\/strong> Steklo z izjemno nizko disperzijo za bolj\u0161o lo\u010dljivost in barvno natan\u010dnost.<\/li>\n<li><strong>Osvetljena merilna mre\u017ea:<\/strong> Zagotavlja natan\u010dno ciljanje v slabih svetlobnih pogojih.<\/li>\n<li><strong>RevStop\u2122 sistem ni\u010dte to\u010dke:<\/strong> Patentiran sistem za hitro vrnitev na ni\u010dto to\u010dko po prilagoditvah.<\/li>\n<li><strong>V steklo vgravirana merilna mre\u017ea:<\/strong> Omogo\u010da zapleteno zasnovo in maksimalno trpe\u017enost.<\/li>\n<li><strong>Ve\u010dplastno prevle\u010dene le\u010de:<\/strong> Pove\u010duje prenos svetlobe za bolj\u0161o jasnost in delovanje v slabi svetlobi.<\/li>\n<\/ul>\n<h2>Konstrukcija in trpe\u017enost:<\/h2>\n<ul>\n<li><strong>ArmorTek\u00ae:<\/strong> Izjemno trda, proti praskam odporna prevleka le\u010d.<\/li>\n<li><strong>Enodelna cev:<\/strong> Izbolj\u0161a natan\u010dnost, trdnost in vodotesnost.<\/li>\n<li><strong>Aluminij letalske kakovosti:<\/strong> Zagotavlja trdnost in togost.<\/li>\n<li><strong>Mat \u010drna anodizirana prevleka z nizkim sijajem:<\/strong> Odporna proti koroziji in pomaga prikriti strel\u010dev polo\u017eaj.<\/li>\n<li><strong>Napolnjena z du\u0161ikom:<\/strong> Prepre\u010duje meglenje in zagotavlja vodotesnost v vseh pogojih.<\/li>\n<li><strong>Odporna proti udarcem:<\/strong> Zasnovana za prena\u0161anje visokih ravni povratnega udarca in udarcev.<\/li>\n<\/ul>\n<h2>Opti\u010dne specifikacije:<\/h2>\n<ul>\n<li>Pove\u010dava: 3-18x<\/li>\n<li>Premer objektiva: 44 mm<\/li>\n<li>Razdalja o\u010desa: 3,8&#8243;<\/li>\n<li>Vidno polje: 39,3&#8242; &#8211; 6,7&#8242; @ 100 jardov<\/li>\n<li>Premer cevi: 34 mm<\/li>\n<li>Nastavitev paralakse: 10 jardov &#8211; \u221e<\/li>\n<\/ul>\n<h2>Funkcije prilagajanja:<\/h2>\n<ul>\n<li>Slog gumbov: Izpostavljen za elevacijo, pokrit za vetrovni odmik<\/li>\n<li>Stopnja prilagajanja: 1 MRAD<\/li>\n<li>Premik na obrat: 10 MRAD<\/li>\n<li>Najve\u010dji elevacijski odmik: 45 MRAD<\/li>\n<li>Najve\u010dji vetrovni odmik: 18 MRAD<\/li>\n<\/ul>\n<h2>EBR-7C (MRAD) merilna mre\u017ea:<\/h2>\n<p>Merilna mre\u017ea EBR-7C je zasnovana za optimizacijo streljanja in merjenja razdalje na dolge razdalje. Vklju\u010duje:<\/p>\n<ul>\n<li>Ultra-natan\u010dno lasersko graviranje za ozke tolerance<\/li>\n<li>Tanke sredinske niti za optimalno ravnovesje med natan\u010dnim merjenjem in vidljivostjo v slabi svetlobi<\/li>\n<li>Referen\u010dne to\u010dke za vetrovni odmik na linijah padca<\/li>\n<\/ul>\n<h2><\/h2>\n<\/div>\n","protected":false},"excerpt":{"rendered":"<p>Vsestranski 3-18&#215;44 FFP strelni daljnogled z EBR-7C MRAD merilno mre\u017eico. Jasna optika, robustna konstrukcija, hitre nastavitve.<\/p>\n","protected":false},"featured_media":78047,"template":"","meta":{"_acf_changed":false},"product_brand":[11962],"product_cat":[13459,13427],"product_tag":[],"class_list":{"0":"post-173248","1":"product","2":"type-product","3":"status-publish","4":"has-post-thumbnail","6":"product_brand-vortex","7":"product_cat-meritev","8":"product_cat-povecevalne-optike","10":"first","11":"outofstock","12":"taxable","13":"shipping-taxable","14":"purchasable","15":"product-type-simple"},"acf":[],"_links":{"self":[{"href":"https:\/\/staging.nbg.eu\/sl\/wp-json\/wp\/v2\/product\/173248","targetHints":{"allow":["GET"]}}],"collection":[{"href":"https:\/\/staging.nbg.eu\/sl\/wp-json\/wp\/v2\/product"}],"about":[{"href":"https:\/\/staging.nbg.eu\/sl\/wp-json\/wp\/v2\/types\/product"}],"wp:featuredmedia":[{"embeddable":true,"href":"https:\/\/staging.nbg.eu\/sl\/wp-json\/wp\/v2\/media\/78047"}],"wp:attachment":[{"href":"https:\/\/staging.nbg.eu\/sl\/wp-json\/wp\/v2\/media?parent=173248"}],"wp:term":[{"taxonomy":"product_brand","embeddable":true,"href":"https:\/\/staging.nbg.eu\/sl\/wp-json\/wp\/v2\/product_brand?post=173248"},{"taxonomy":"product_cat","embeddable":true,"href":"https:\/\/staging.nbg.eu\/sl\/wp-json\/wp\/v2\/product_cat?post=173248"},{"taxonomy":"product_tag","embeddable":true,"href":"https:\/\/staging.nbg.eu\/sl\/wp-json\/wp\/v2\/product_tag?post=173248"}],"curies":[{"name":"wp","href":"https:\/\/api.w.org\/{rel}","templated":true}]}}