{"id":173120,"date":"2024-08-16T19:55:05","date_gmt":"2025-01-23T11:17:33","guid":{"rendered":"https:\/\/staging.nbg.eu\/product\/barwarus-bw-t4-handguards-with-m-lok\/"},"modified":"2025-01-23T11:19:09","modified_gmt":"2025-01-23T11:19:09","slug":"barwarus-bw-t4-rocaji-z-m-lok","status":"publish","type":"product","link":"https:\/\/staging.nbg.eu\/sl\/izdelek\/barwarus-bw-t4-rocaji-z-m-lok\/","title":{"rendered":"Barwarus BW-T4 Ro\u010daji z M-Lok"},"content":{"rendered":"<div class=\"product-description\">\n<h2>Barwarus BW-T4 Ro\u010daji z M-Lok<\/h2>\n<p>BW-T4 komplet ro\u010dajev za AK pu\u0161ke z dolgimi cevmi (16&#8243;). Ta sistem omogo\u010da namestitev M-LOK dodatkov.<\/p>\n<ul>\n<li>Zdru\u017eljiv z razli\u010dnimi modeli AK (AKUSA 100 serija, AK-74, Saiga, Vepr in drugi)<\/li>\n<li>Izdelan iz zlitine 6082-T6<\/li>\n<li>\u010crna Cerakote povr\u0161inska obdelava<\/li>\n<li>Vgrajene M-LOK re\u017ee na vseh straneh<\/li>\n<li>Izbolj\u0161a hlajenje cevi in odvajanje toplote<\/li>\n<li>Lahka zasnova<\/li>\n<li>Deluje v ekstremnih temperaturah (-50\u00b0C do +50\u00b0C)<\/li>\n<\/ul>\n<p>Barwarus BW-T4 Ro\u010daji omogo\u010dajo prilagajanje, upravljanje toplote in trajnost.<\/p>\n<\/div>\n","protected":false},"excerpt":{"rendered":"<p>Ro\u010dni \u0161\u010ditniki Barwarus BW-T4: Zdru\u017eljivi z M-Lok sistemom, nadgradnja za AK pu\u0161ke za izbolj\u0161ano hlajenje in namestitev dodatne opreme.<\/p>\n","protected":false},"featured_media":23627,"template":"","meta":{"_acf_changed":false},"product_brand":[11119],"product_cat":[13417,13432,13431],"product_tag":[],"class_list":{"0":"post-173120","1":"product","2":"type-product","3":"status-publish","4":"has-post-thumbnail","6":"product_brand-barwarus","7":"product_cat-ak-nastavitve","8":"product_cat-nastavitve-puske","9":"product_cat-tirnice","11":"first","12":"instock","13":"taxable","14":"shipping-taxable","15":"product-type-variable","16":"wvs-archive-product-wrapper"},"acf":[],"_links":{"self":[{"href":"https:\/\/staging.nbg.eu\/sl\/wp-json\/wp\/v2\/product\/173120","targetHints":{"allow":["GET"]}}],"collection":[{"href":"https:\/\/staging.nbg.eu\/sl\/wp-json\/wp\/v2\/product"}],"about":[{"href":"https:\/\/staging.nbg.eu\/sl\/wp-json\/wp\/v2\/types\/product"}],"wp:featuredmedia":[{"embeddable":true,"href":"https:\/\/staging.nbg.eu\/sl\/wp-json\/wp\/v2\/media\/23627"}],"wp:attachment":[{"href":"https:\/\/staging.nbg.eu\/sl\/wp-json\/wp\/v2\/media?parent=173120"}],"wp:term":[{"taxonomy":"product_brand","embeddable":true,"href":"https:\/\/staging.nbg.eu\/sl\/wp-json\/wp\/v2\/product_brand?post=173120"},{"taxonomy":"product_cat","embeddable":true,"href":"https:\/\/staging.nbg.eu\/sl\/wp-json\/wp\/v2\/product_cat?post=173120"},{"taxonomy":"product_tag","embeddable":true,"href":"https:\/\/staging.nbg.eu\/sl\/wp-json\/wp\/v2\/product_tag?post=173120"}],"curies":[{"name":"wp","href":"https:\/\/api.w.org\/{rel}","templated":true}]}}