{"id":171035,"date":"2024-08-16T20:04:24","date_gmt":"2025-01-21T10:27:09","guid":{"rendered":"https:\/\/staging.nbg.eu\/product\/barwarus-alpha-1-set-bw-t33-alpha-1\/"},"modified":"2025-01-21T10:28:59","modified_gmt":"2025-01-21T10:28:59","slug":"barwarus-alpha-1-set-bw-t33-in-alpha-1","status":"publish","type":"product","link":"https:\/\/staging.nbg.eu\/sl\/izdelek\/barwarus-alpha-1-set-bw-t33-in-alpha-1\/","title":{"rendered":"Barwarus ALPHA-1 SET (BW-T33 in ALPHA-1)"},"content":{"rendered":"<div class=\"product-description\">\n<h2>Barwarus ALPHA-1 SET (BW-T33 in ALPHA-1)<\/h2>\n<p>Barwarus ALPHA-1 SET za AK pu\u0161ke vklju\u010duje ALPHA-1 ro\u010daje in BW-T33 pokrov za prah. Set vsebuje:<\/p>\n<ul>\n<li>ALPHA-1 kratke kvadratne Picatinny ro\u010daje (zgornji in spodnji)<\/li>\n<li>BW-T33 pokrov za prah z vgrajeno Picatinny tirnico<\/li>\n<\/ul>\n<p>ALPHA-1 ro\u010daji so izdelani iz aluminija 6082-T6 in obdelani s Cerakote za\u0161\u010dito. Zdru\u017eljivi so z AK modeli s kovanim ohi\u0161jem, vklju\u010dno z AK 103, 104, 105, 74S, 74M, AKM, AKMS in Saiga.<\/p>\n<p>BW-T33 pokrov za prah je izdelan iz aluminijeve zlitine 7075 T6 in omogo\u010da namestitev optike brez motenja kovinskih merkov. Barwarus ALPHA-1 SET omogo\u010da natan\u010dnost in vsestranskost.<\/p>\n<\/div>\n","protected":false},"excerpt":{"rendered":"<p>Nadgradnja vrhunskega AK: \u0160tiridelno vodilo za ro\u010daj in pokrov za prah z vodilom<\/p>\n","protected":false},"featured_media":280698,"template":"","meta":{"_acf_changed":false},"product_brand":[11111],"product_cat":[13417,13432,13431],"product_tag":[],"class_list":{"0":"post-171035","1":"product","2":"type-product","3":"status-publish","4":"has-post-thumbnail","6":"product_brand-barwarus","7":"product_cat-ak-nastavitve","8":"product_cat-nastavitve-puske","9":"product_cat-tirnice","11":"first","12":"instock","13":"taxable","14":"shipping-taxable","15":"product-type-variable","16":"wvs-archive-product-wrapper"},"acf":[],"_links":{"self":[{"href":"https:\/\/staging.nbg.eu\/sl\/wp-json\/wp\/v2\/product\/171035","targetHints":{"allow":["GET"]}}],"collection":[{"href":"https:\/\/staging.nbg.eu\/sl\/wp-json\/wp\/v2\/product"}],"about":[{"href":"https:\/\/staging.nbg.eu\/sl\/wp-json\/wp\/v2\/types\/product"}],"wp:featuredmedia":[{"embeddable":true,"href":"https:\/\/staging.nbg.eu\/sl\/wp-json\/wp\/v2\/media\/280698"}],"wp:attachment":[{"href":"https:\/\/staging.nbg.eu\/sl\/wp-json\/wp\/v2\/media?parent=171035"}],"wp:term":[{"taxonomy":"product_brand","embeddable":true,"href":"https:\/\/staging.nbg.eu\/sl\/wp-json\/wp\/v2\/product_brand?post=171035"},{"taxonomy":"product_cat","embeddable":true,"href":"https:\/\/staging.nbg.eu\/sl\/wp-json\/wp\/v2\/product_cat?post=171035"},{"taxonomy":"product_tag","embeddable":true,"href":"https:\/\/staging.nbg.eu\/sl\/wp-json\/wp\/v2\/product_tag?post=171035"}],"curies":[{"name":"wp","href":"https:\/\/api.w.org\/{rel}","templated":true}]}}