{"id":141616,"date":"2025-01-01T20:56:43","date_gmt":"2025-01-10T22:55:55","guid":{"rendered":"https:\/\/staging.nbg.eu\/product\/area-419-ruger-american-short-action-scope-base\/"},"modified":"2025-01-10T22:57:32","modified_gmt":"2025-01-10T22:57:32","slug":"area-419-ruger-american-short-action-osnova-za-strelni-daljnogled","status":"publish","type":"product","link":"https:\/\/staging.nbg.eu\/sl\/izdelek\/area-419-ruger-american-short-action-osnova-za-strelni-daljnogled\/","title":{"rendered":"Area 419 &#8211; Ruger American Short Action Osnova za Strelni Daljnogled"},"content":{"rendered":"<div class=\"product-description\">\n<h2>Area 419 &#8211; Osnova za strelni daljnogled za Ruger American s kratkim zaklepom<\/h2>\n<p>Nadgradite svojo pu\u0161ko Ruger American z na\u0161o osnovo za strelni daljnogled. Izdelana iz enega kosa aluminija T7075, ta osnova je:<\/p>\n<ul>\n<li>Strojna obdelana za natan\u010dno prileganje<\/li>\n<li>Mo\u010dna in trpe\u017ena<\/li>\n<li>\u010crno anodizirana tip III<\/li>\n<li>Zasnovana z 20MOA nagibom za dalj\u0161e strele<\/li>\n<\/ul>\n<p>Vklju\u010duje klju\u010d za privijanje vijakov (priporo\u010deno: 15 in\/lb). Primerna za streljanje na dolge razdalje.<\/p>\n<h3>Specifikacije:<\/h3>\n<ul>\n<li>Te\u017ea: 0,09 kg<\/li>\n<li>Dimenzije: 21,6 \u00d7 2,54 \u00d7 2,54 cm<\/li>\n<li>Proizvajalec: Area 419<\/li>\n<li>Velikost: 20MOA<\/li>\n<\/ul>\n<\/div>\n","protected":false},"excerpt":{"rendered":"<p>Precizno izdelana 20MOA osnova za strelni daljnogled za pu\u0161ke Ruger American.<\/p>\n","protected":false},"featured_media":112134,"template":"","meta":{"_acf_changed":false},"product_brand":[11052],"product_cat":[13483,13431,390],"product_tag":[],"class_list":{"0":"post-141616","1":"product","2":"type-product","3":"status-publish","4":"has-post-thumbnail","6":"product_brand-area-419","7":"product_cat-puska","8":"product_cat-tirnice","9":"product_cat-aiming","11":"first","12":"instock","13":"taxable","14":"shipping-taxable","15":"purchasable","16":"product-type-simple"},"acf":[],"_links":{"self":[{"href":"https:\/\/staging.nbg.eu\/sl\/wp-json\/wp\/v2\/product\/141616","targetHints":{"allow":["GET"]}}],"collection":[{"href":"https:\/\/staging.nbg.eu\/sl\/wp-json\/wp\/v2\/product"}],"about":[{"href":"https:\/\/staging.nbg.eu\/sl\/wp-json\/wp\/v2\/types\/product"}],"wp:featuredmedia":[{"embeddable":true,"href":"https:\/\/staging.nbg.eu\/sl\/wp-json\/wp\/v2\/media\/112134"}],"wp:attachment":[{"href":"https:\/\/staging.nbg.eu\/sl\/wp-json\/wp\/v2\/media?parent=141616"}],"wp:term":[{"taxonomy":"product_brand","embeddable":true,"href":"https:\/\/staging.nbg.eu\/sl\/wp-json\/wp\/v2\/product_brand?post=141616"},{"taxonomy":"product_cat","embeddable":true,"href":"https:\/\/staging.nbg.eu\/sl\/wp-json\/wp\/v2\/product_cat?post=141616"},{"taxonomy":"product_tag","embeddable":true,"href":"https:\/\/staging.nbg.eu\/sl\/wp-json\/wp\/v2\/product_tag?post=141616"}],"curies":[{"name":"wp","href":"https:\/\/api.w.org\/{rel}","templated":true}]}}