{"id":141288,"date":"2025-01-04T07:26:25","date_gmt":"2025-01-10T21:46:57","guid":{"rendered":"https:\/\/staging.nbg.eu\/product\/area-419-arcalock-clamp-black\/"},"modified":"2025-01-10T21:48:33","modified_gmt":"2025-01-10T21:48:33","slug":"area-419-arcalock-objemka-crna","status":"publish","type":"product","link":"https:\/\/staging.nbg.eu\/sl\/izdelek\/area-419-arcalock-objemka-crna\/","title":{"rendered":"Area 419 &#8211; ARCALOCK Objemka \u010drna"},"content":{"rendered":"<div class=\"product-description\">\n<h2>Area 419 &#8211; ARCALOCK objemka (\u010drna)<\/h2>\n<p>ARCALOCK objemka Area 419 v \u010drni barvi. Ta objemka deluje na vseh standardnih ARCA\/1,5&#8243; lastovi\u010djih tirnicah in nudi mehansko zaklepno re\u0161itev za ve\u010djo stabilnost.<\/p>\n<ul>\n<li>Dvostopenjski vija\u010dni sistem za hitro premikanje in dodaten navor<\/li>\n<li>Zdru\u017eljiva z Atlas bipodi in prilagodljiva za Harris bipode<\/li>\n<li>Povratno zdru\u017eljiva s standardnimi ARCA tirnicami<\/li>\n<li>Izdelana iz 6061-T6 aluminija s \u010drno anodiziranim zaklju\u010dkom tipa III<\/li>\n<li>Vijak iz nerjave\u010dega jekla 303<\/li>\n<li>Te\u017ea: 72,5 gramov<\/li>\n<\/ul>\n<p>Area 419 ARCALOCK objemka, zasnovana in izdelana v ZDA.<\/p>\n<\/div>\n","protected":false},"excerpt":{"rendered":"<p>Varna pritrdilna sponka za ARCA vodilo s \u010drnim gumbom za precizijske pu\u0161ke.<\/p>\n","protected":false},"featured_media":115383,"template":"","meta":{"_acf_changed":false},"product_brand":[11052],"product_cat":[13483,13431,390],"product_tag":[],"class_list":{"0":"post-141288","1":"product","2":"type-product","3":"status-publish","4":"has-post-thumbnail","6":"product_brand-area-419","7":"product_cat-puska","8":"product_cat-tirnice","9":"product_cat-aiming","11":"first","12":"instock","13":"taxable","14":"shipping-taxable","15":"purchasable","16":"product-type-simple"},"acf":[],"_links":{"self":[{"href":"https:\/\/staging.nbg.eu\/sl\/wp-json\/wp\/v2\/product\/141288","targetHints":{"allow":["GET"]}}],"collection":[{"href":"https:\/\/staging.nbg.eu\/sl\/wp-json\/wp\/v2\/product"}],"about":[{"href":"https:\/\/staging.nbg.eu\/sl\/wp-json\/wp\/v2\/types\/product"}],"wp:featuredmedia":[{"embeddable":true,"href":"https:\/\/staging.nbg.eu\/sl\/wp-json\/wp\/v2\/media\/115383"}],"wp:attachment":[{"href":"https:\/\/staging.nbg.eu\/sl\/wp-json\/wp\/v2\/media?parent=141288"}],"wp:term":[{"taxonomy":"product_brand","embeddable":true,"href":"https:\/\/staging.nbg.eu\/sl\/wp-json\/wp\/v2\/product_brand?post=141288"},{"taxonomy":"product_cat","embeddable":true,"href":"https:\/\/staging.nbg.eu\/sl\/wp-json\/wp\/v2\/product_cat?post=141288"},{"taxonomy":"product_tag","embeddable":true,"href":"https:\/\/staging.nbg.eu\/sl\/wp-json\/wp\/v2\/product_tag?post=141288"}],"curies":[{"name":"wp","href":"https:\/\/api.w.org\/{rel}","templated":true}]}}