{"id":140887,"date":"2025-01-04T07:33:44","date_gmt":"2025-01-10T19:02:19","guid":{"rendered":"https:\/\/staging.nbg.eu\/product\/area-419-arcalock-qd-clamp\/"},"modified":"2025-01-10T19:03:58","modified_gmt":"2025-01-10T19:03:58","slug":"area-419-arcalock-qd-objemka","status":"publish","type":"product","link":"https:\/\/staging.nbg.eu\/sl\/izdelek\/area-419-arcalock-qd-objemka\/","title":{"rendered":"Area 419 &#8211; ARCALOCK QD Objemka"},"content":{"rendered":"<div class=\"product-description\">\n<h2>Area 419 &#8211; ARCALOCK QD objemka<\/h2>\n<p>Area 419 ARCALOCK QD objemka deluje na vseh standardnih ARCA\/1,5&#8243; vodilih in nudi mehansko zaklenjeno re\u0161itev za ve\u010djo stabilnost.<\/p>\n<ul>\n<li>Dvostopenjski vijak za hitro premikanje in dodatni navor<\/li>\n<li>Zdru\u017eljiva z Atlas dvono\u017eci in prilagodljiva za Harris dvono\u017ece<\/li>\n<li>Zdru\u017eljiva s standardnimi ARCA vodili<\/li>\n<li>Izdelana iz 6061-T6 aluminija s \u010drno anodizacijo tipa III<\/li>\n<li>Vijak iz nerjave\u010dega jekla 303 za trajnost<\/li>\n<li>Lahka, tehta le 72,5 gramov<\/li>\n<\/ul>\n<p>ARCALOCK QD objemka je zasnovana in izdelana v ZDA s strani Area 419.<\/p>\n<\/div>\n","protected":false},"excerpt":{"rendered":"<p>Hitro snemljiva ARCA objemka z zaklepnim mehanizmom za varno pritrditev.<\/p>\n","protected":false},"featured_media":115505,"template":"","meta":{"_acf_changed":false},"product_brand":[11052],"product_cat":[13483,13431,390],"product_tag":[],"class_list":{"0":"post-140887","1":"product","2":"type-product","3":"status-publish","4":"has-post-thumbnail","6":"product_brand-area-419","7":"product_cat-puska","8":"product_cat-tirnice","9":"product_cat-aiming","11":"first","12":"instock","13":"taxable","14":"shipping-taxable","15":"purchasable","16":"product-type-simple"},"acf":[],"_links":{"self":[{"href":"https:\/\/staging.nbg.eu\/sl\/wp-json\/wp\/v2\/product\/140887","targetHints":{"allow":["GET"]}}],"collection":[{"href":"https:\/\/staging.nbg.eu\/sl\/wp-json\/wp\/v2\/product"}],"about":[{"href":"https:\/\/staging.nbg.eu\/sl\/wp-json\/wp\/v2\/types\/product"}],"wp:featuredmedia":[{"embeddable":true,"href":"https:\/\/staging.nbg.eu\/sl\/wp-json\/wp\/v2\/media\/115505"}],"wp:attachment":[{"href":"https:\/\/staging.nbg.eu\/sl\/wp-json\/wp\/v2\/media?parent=140887"}],"wp:term":[{"taxonomy":"product_brand","embeddable":true,"href":"https:\/\/staging.nbg.eu\/sl\/wp-json\/wp\/v2\/product_brand?post=140887"},{"taxonomy":"product_cat","embeddable":true,"href":"https:\/\/staging.nbg.eu\/sl\/wp-json\/wp\/v2\/product_cat?post=140887"},{"taxonomy":"product_tag","embeddable":true,"href":"https:\/\/staging.nbg.eu\/sl\/wp-json\/wp\/v2\/product_tag?post=140887"}],"curies":[{"name":"wp","href":"https:\/\/api.w.org\/{rel}","templated":true}]}}