{"id":140612,"date":"2025-01-04T07:09:46","date_gmt":"2025-01-10T17:49:39","guid":{"rendered":"https:\/\/staging.nbg.eu\/product\/area-419-arcalock-arm-for-garmin-xero\/"},"modified":"2025-01-10T17:51:27","modified_gmt":"2025-01-10T17:51:27","slug":"area-419-arcalock-nosilec-za-garmin-xero","status":"publish","type":"product","link":"https:\/\/staging.nbg.eu\/sl\/izdelek\/area-419-arcalock-nosilec-za-garmin-xero\/","title":{"rendered":"Area 419 &#8211; ARCALOCK Nosilec za Garmin Xero"},"content":{"rendered":"<div class=\"product-description\">\n<h2>Area 419 &#8211; ARCALOCK roka za Garmin Xero C1<\/h2>\n<p>Pove\u010dajte uporabnost va\u0161ega Garmin Xero C1 z na\u0161o ARCALOCK roko. Ta dodatek omogo\u010da ve\u010d mo\u017enosti monta\u017ee:<\/p>\n<ul>\n<li>V liniji s cevjo (monta\u017ea na odsko\u010dno desko ali stransko)<\/li>\n<li>Odmaknjeno z uporabo ARCA tirnice ali podalj\u0161ane pic tirnice<\/li>\n<li>Snemljivo za uporabo na katerem koli ARCA zdru\u017eljivem stojalu<\/li>\n<\/ul>\n<p>Izdelana iz aluminija, ta roka ima 17S vzorec monta\u017ee, zdru\u017eljiv z na\u0161imi Arcalock sponkami ali QD picatinny ro\u010dico za vpenjanje. Dodatek za va\u0161 Garmin Xero C1 Kronograf!<\/p>\n<h3>Specifikacije:<\/h3>\n<ul>\n<li>Te\u017ea: 454 g<\/li>\n<li>Dimenzije: 15,24 cm \u00d7 10,16 cm \u00d7 2,54 cm<\/li>\n<\/ul>\n<\/div>\n","protected":false},"excerpt":{"rendered":"<p>Vsestranski nosilec za Garmin Xero C1: Zdru\u017eljiv s cevjo, tirnico ali stojalom.<\/p>\n","protected":false},"featured_media":114893,"template":"","meta":{"_acf_changed":false},"product_brand":[11052],"product_cat":[13483,13431],"product_tag":[],"class_list":{"0":"post-140612","1":"product","2":"type-product","3":"status-publish","4":"has-post-thumbnail","6":"product_brand-area-419","7":"product_cat-puska","8":"product_cat-tirnice","10":"first","11":"instock","12":"taxable","13":"shipping-taxable","14":"purchasable","15":"product-type-variable","16":"wvs-archive-product-wrapper"},"acf":[],"_links":{"self":[{"href":"https:\/\/staging.nbg.eu\/sl\/wp-json\/wp\/v2\/product\/140612","targetHints":{"allow":["GET"]}}],"collection":[{"href":"https:\/\/staging.nbg.eu\/sl\/wp-json\/wp\/v2\/product"}],"about":[{"href":"https:\/\/staging.nbg.eu\/sl\/wp-json\/wp\/v2\/types\/product"}],"wp:featuredmedia":[{"embeddable":true,"href":"https:\/\/staging.nbg.eu\/sl\/wp-json\/wp\/v2\/media\/114893"}],"wp:attachment":[{"href":"https:\/\/staging.nbg.eu\/sl\/wp-json\/wp\/v2\/media?parent=140612"}],"wp:term":[{"taxonomy":"product_brand","embeddable":true,"href":"https:\/\/staging.nbg.eu\/sl\/wp-json\/wp\/v2\/product_brand?post=140612"},{"taxonomy":"product_cat","embeddable":true,"href":"https:\/\/staging.nbg.eu\/sl\/wp-json\/wp\/v2\/product_cat?post=140612"},{"taxonomy":"product_tag","embeddable":true,"href":"https:\/\/staging.nbg.eu\/sl\/wp-json\/wp\/v2\/product_tag?post=140612"}],"curies":[{"name":"wp","href":"https:\/\/api.w.org\/{rel}","templated":true}]}}