{"id":140349,"date":"2025-01-04T04:41:18","date_gmt":"2025-01-10T15:17:12","guid":{"rendered":"https:\/\/staging.nbg.eu\/product\/area-419-arcalock-12-m-lok-dovetail-rail\/"},"modified":"2025-01-10T15:19:00","modified_gmt":"2025-01-10T15:19:00","slug":"area-419-arcalock-12-m-lok-dvorepa-tirnica","status":"publish","type":"product","link":"https:\/\/staging.nbg.eu\/sl\/izdelek\/area-419-arcalock-12-m-lok-dvorepa-tirnica\/","title":{"rendered":"Area 419 &#8211; ARCALOCK 12&#8243; M-LOK Dvorepa Tirnica"},"content":{"rendered":"<div class=\"product-description\">\n<h2>Area 419 &#8211; ARCALOCK 12&#8243; M-LOK Vodilo z lastovi\u010djim repom<\/h2>\n<p>ARCALOCK 12&#8243; M-LOK vodilo z lastovi\u010djim repom od Area 419 vklju\u010duje:<\/p>\n<ul>\n<li>Nazob\u010dane stranice vodila za mehansko zaklepanje s sponkami Area 419<\/li>\n<li>Zdru\u017eljivost s standardnimi Arca dodatki<\/li>\n<li>Dol\u017eina 12 palcev<\/li>\n<li>Te\u017ea 4,1 un\u010de<\/li>\n<li>Zdru\u017eljivost s standardom RRS 1,5&#8243; lastovi\u010djega repa<\/li>\n<li>Posneti robovi in zaobljeni vogali<\/li>\n<li>Trdo anodiziran premaz tipa 3 za trajnost<\/li>\n<li>Izdelano v ZDA iz aluminija 6061-T6<\/li>\n<li>M-LOK re\u017ee na spodnji strani za dodatne pritrditve<\/li>\n<\/ul>\n<p>ARCALOCK vodilo je zasnovano za prepre\u010devanje drsenja pod pritiskom. Vklju\u010duje vse potrebno okovje za pritrditev M-LOK.<\/p>\n<p><strong>Opomba:<\/strong> Za pritrditev je potrebnih 6 zaporednih MLOK re\u017e. Zadnji kotni omejevalnik za barikade se prodaja lo\u010deno.<\/p>\n<\/div>\n","protected":false},"excerpt":{"rendered":"<p>Zaklepna 12-pal\u010dna (30,5 cm) ARCA tirnica z M-LOK re\u017eami. Nazob\u010dene stranice, lahka, trpe\u017ena.<\/p>\n","protected":false},"featured_media":112422,"template":"","meta":{"_acf_changed":false},"product_brand":[11052],"product_cat":[13483,13431,390],"product_tag":[],"class_list":{"0":"post-140349","1":"product","2":"type-product","3":"status-publish","4":"has-post-thumbnail","6":"product_brand-area-419","7":"product_cat-puska","8":"product_cat-tirnice","9":"product_cat-aiming","11":"first","12":"instock","13":"taxable","14":"shipping-taxable","15":"purchasable","16":"product-type-variable","17":"wvs-archive-product-wrapper"},"acf":[],"_links":{"self":[{"href":"https:\/\/staging.nbg.eu\/sl\/wp-json\/wp\/v2\/product\/140349","targetHints":{"allow":["GET"]}}],"collection":[{"href":"https:\/\/staging.nbg.eu\/sl\/wp-json\/wp\/v2\/product"}],"about":[{"href":"https:\/\/staging.nbg.eu\/sl\/wp-json\/wp\/v2\/types\/product"}],"wp:featuredmedia":[{"embeddable":true,"href":"https:\/\/staging.nbg.eu\/sl\/wp-json\/wp\/v2\/media\/112422"}],"wp:attachment":[{"href":"https:\/\/staging.nbg.eu\/sl\/wp-json\/wp\/v2\/media?parent=140349"}],"wp:term":[{"taxonomy":"product_brand","embeddable":true,"href":"https:\/\/staging.nbg.eu\/sl\/wp-json\/wp\/v2\/product_brand?post=140349"},{"taxonomy":"product_cat","embeddable":true,"href":"https:\/\/staging.nbg.eu\/sl\/wp-json\/wp\/v2\/product_cat?post=140349"},{"taxonomy":"product_tag","embeddable":true,"href":"https:\/\/staging.nbg.eu\/sl\/wp-json\/wp\/v2\/product_tag?post=140349"}],"curies":[{"name":"wp","href":"https:\/\/api.w.org\/{rel}","templated":true}]}}