{"id":140182,"date":"2025-01-04T04:53:09","date_gmt":"2025-01-10T14:01:34","guid":{"rendered":"https:\/\/staging.nbg.eu\/product\/area-419-arcalock-12-universal-dovetail-rail\/"},"modified":"2025-01-10T14:03:11","modified_gmt":"2025-01-10T14:03:11","slug":"area-419-arcalock-12-univerzalna-tirnica-na-lastin-rep","status":"publish","type":"product","link":"https:\/\/staging.nbg.eu\/sl\/izdelek\/area-419-arcalock-12-univerzalna-tirnica-na-lastin-rep\/","title":{"rendered":"Area 419 &#8211; ARCALOCK 12&#8243; univerzalna tirnica na lastin rep"},"content":{"rendered":"<div class=\"product-description\">\n<h2>Area 419 &#8211; ARCALOCK 12&#8243; Univerzalna tirnica z lastovi\u010djim repom<\/h2>\n<p>Nadgradite svojo precizno pu\u0161ko z ARCALOCK 12&#8243; Univerzalno tirnico z lastovi\u010djim repom od Area 419. Ta tirnica vklju\u010duje:<\/p>\n<ul>\n<li>Nazob\u010dane stranice za mehansko zaklepanje s sponkami Area 419<\/li>\n<li>Zdru\u017eljivost za nazaj s standardnimi Arca dodatki<\/li>\n<li>12&#8243; dol\u017eina<\/li>\n<li>Te\u017ea 4,1 oz<\/li>\n<li>Zdru\u017eljivost z RRS 1,5&#8243; standardom lastovi\u010djega repa<\/li>\n<li>Zaobljeni robovi<\/li>\n<li>Ve\u010d pritrdilnih to\u010dk<\/li>\n<li>Tip 3 trdo anodiziran 6061-T6 aluminij<\/li>\n<li>Izdelano v ZDA<\/li>\n<\/ul>\n<p>MLOK oprema ni vklju\u010dena.<\/p>\n<\/div>\n","protected":false},"excerpt":{"rendered":"<p>Zaklepna 12-pal\u010dna (30,5 cm) ARCA tirnica za precizijske pu\u0161ke. Pritrdilni elementi MLOK niso vklju\u010deni.<\/p>\n","protected":false},"featured_media":114660,"template":"","meta":{"_acf_changed":false},"product_brand":[11052],"product_cat":[13483,13431,390],"product_tag":[],"class_list":{"0":"post-140182","1":"product","2":"type-product","3":"status-publish","4":"has-post-thumbnail","6":"product_brand-area-419","7":"product_cat-puska","8":"product_cat-tirnice","9":"product_cat-aiming","11":"first","12":"instock","13":"taxable","14":"shipping-taxable","15":"purchasable","16":"product-type-simple"},"acf":[],"_links":{"self":[{"href":"https:\/\/staging.nbg.eu\/sl\/wp-json\/wp\/v2\/product\/140182","targetHints":{"allow":["GET"]}}],"collection":[{"href":"https:\/\/staging.nbg.eu\/sl\/wp-json\/wp\/v2\/product"}],"about":[{"href":"https:\/\/staging.nbg.eu\/sl\/wp-json\/wp\/v2\/types\/product"}],"wp:featuredmedia":[{"embeddable":true,"href":"https:\/\/staging.nbg.eu\/sl\/wp-json\/wp\/v2\/media\/114660"}],"wp:attachment":[{"href":"https:\/\/staging.nbg.eu\/sl\/wp-json\/wp\/v2\/media?parent=140182"}],"wp:term":[{"taxonomy":"product_brand","embeddable":true,"href":"https:\/\/staging.nbg.eu\/sl\/wp-json\/wp\/v2\/product_brand?post=140182"},{"taxonomy":"product_cat","embeddable":true,"href":"https:\/\/staging.nbg.eu\/sl\/wp-json\/wp\/v2\/product_cat?post=140182"},{"taxonomy":"product_tag","embeddable":true,"href":"https:\/\/staging.nbg.eu\/sl\/wp-json\/wp\/v2\/product_tag?post=140182"}],"curies":[{"name":"wp","href":"https:\/\/api.w.org\/{rel}","templated":true}]}}