{"id":139633,"date":"2025-01-04T11:00:05","date_gmt":"2025-01-10T12:07:54","guid":{"rendered":"https:\/\/staging.nbg.eu\/product\/area-419-improved-bipod-picatinny-rail-ibr\/"},"modified":"2025-01-10T12:30:49","modified_gmt":"2025-01-10T12:30:49","slug":"area-419-izboljsana-picatinny-tirnica-za-dvonoznik-ibr","status":"publish","type":"product","link":"https:\/\/staging.nbg.eu\/sl\/izdelek\/area-419-izboljsana-picatinny-tirnica-za-dvonoznik-ibr\/","title":{"rendered":"Area 419 &#8211; izbolj\u0161ana Picatinny tirnica za dvono\u017enik (IBR)"},"content":{"rendered":"<div class=\"product-description\">\n<h2>Area 419 &#8211; Izbolj\u0161ana Bipod Picatinny tirnica (IBR)<\/h2>\n<p>Area 419 IBR. Ta 12,2 cm tirnica ima 10 re\u017e, kar ponuja 43% ve\u010d vsestranskosti kot konkurenca. Tehta 30,9 g.<\/p>\n<ul>\n<li>Natan\u010dno izdelana z zaobljenimi robovi in posnetimi robovi<\/li>\n<li>Primerna za razmik med luknjami za vijake od 3,8 cm do 8,8 cm<\/li>\n<li>Celotna \u0161irina dr\u017eala za bipod nosilce v slogu Larue<\/li>\n<li>Vse re\u017ee uporabne ne glede na postavitev vijakov<\/li>\n<li>Izdelana iz aluminija 7075-T651 za trdnost in nizko te\u017eo<\/li>\n<li>Izdelano v ZDA z ameri\u0161kimi materiali<\/li>\n<li>Vklju\u010duje monta\u017eno opremo za enostavno namestitev<\/li>\n<\/ul>\n<p>Area 419 IBR.<\/p>\n<\/div>\n","protected":false},"excerpt":{"rendered":"<p>IBR znamke Area 419: Lahek, trpe\u017een dvono\u017eni nosilec z 10 re\u017eami.<\/p>\n","protected":false},"featured_media":118186,"template":"","meta":{"_acf_changed":false},"product_brand":[11052],"product_cat":[13483,13431],"product_tag":[],"class_list":{"0":"post-139633","1":"product","2":"type-product","3":"status-publish","4":"has-post-thumbnail","6":"product_brand-area-419","7":"product_cat-puska","8":"product_cat-tirnice","10":"first","11":"instock","12":"taxable","13":"shipping-taxable","14":"purchasable","15":"product-type-variable","16":"wvs-archive-product-wrapper"},"acf":[],"_links":{"self":[{"href":"https:\/\/staging.nbg.eu\/sl\/wp-json\/wp\/v2\/product\/139633","targetHints":{"allow":["GET"]}}],"collection":[{"href":"https:\/\/staging.nbg.eu\/sl\/wp-json\/wp\/v2\/product"}],"about":[{"href":"https:\/\/staging.nbg.eu\/sl\/wp-json\/wp\/v2\/types\/product"}],"wp:featuredmedia":[{"embeddable":true,"href":"https:\/\/staging.nbg.eu\/sl\/wp-json\/wp\/v2\/media\/118186"}],"wp:attachment":[{"href":"https:\/\/staging.nbg.eu\/sl\/wp-json\/wp\/v2\/media?parent=139633"}],"wp:term":[{"taxonomy":"product_brand","embeddable":true,"href":"https:\/\/staging.nbg.eu\/sl\/wp-json\/wp\/v2\/product_brand?post=139633"},{"taxonomy":"product_cat","embeddable":true,"href":"https:\/\/staging.nbg.eu\/sl\/wp-json\/wp\/v2\/product_cat?post=139633"},{"taxonomy":"product_tag","embeddable":true,"href":"https:\/\/staging.nbg.eu\/sl\/wp-json\/wp\/v2\/product_tag?post=139633"}],"curies":[{"name":"wp","href":"https:\/\/api.w.org\/{rel}","templated":true}]}}