{"id":139332,"date":"2025-01-04T11:28:41","date_gmt":"2025-01-04T11:28:41","guid":{"rendered":"https:\/\/staging.nbg.eu\/product\/area-419-3-inch-stackable-drop-tube\/"},"modified":"2025-01-10T10:36:56","modified_gmt":"2025-01-10T10:36:56","slug":"area-419-3-palcna-zlozljiva-padna-cev","status":"publish","type":"product","link":"https:\/\/staging.nbg.eu\/sl\/izdelek\/area-419-3-palcna-zlozljiva-padna-cev\/","title":{"rendered":"Area 419 &#8211; 3-pal\u010dna zlo\u017eljiva padna cev"},"content":{"rendered":"<h2>Area 419 &#8211; 7,62 cm zlo\u017eljiva padna cev<\/h2>\n<p>Izbolj\u0161ajte natan\u010dnost ponovnega polnjenja z Area 419 7,62 cm zlo\u017eljivo padno cevjo. Zasnovana je za uporabo z ekstrudiranimi smodniki in omogo\u010da polnej\u0161e polnjenje tulcev.<\/p>\n<h2>Klju\u010dne lastnosti:<\/h2>\n<ul>\n<li>Zdru\u017eljiva s sistemom zamenljivih glav za lijak za smodnik Area 419<\/li>\n<li>Dol\u017eina 7,62 cm, zlo\u017eljiva za prilagojene vi\u0161ine<\/li>\n<li>Sprejema glave za specifi\u010dne kalibre<\/li>\n<li>Izdelana iz masivnega aluminija 6061-T6<\/li>\n<li>Povr\u0161inska obdelava z anodiziranjem tipa II<\/li>\n<\/ul>\n<h2>Specifikacije:<\/h2>\n<ul>\n<li>Te\u017ea: 90,7 g<\/li>\n<li>Dimenzije: 7,62 cm \u00d7 2,03 cm \u00d7 2,03 cm<\/li>\n<li>Proizvajalec: Area 419<\/li>\n<\/ul>\n<p>Ta vsestranska in natan\u010dno izdelana padna cev izbolj\u0161a va\u0161e ponovno polnjenje.<\/p>\n","protected":false},"excerpt":{"rendered":"<p>Zlo\u017eljiva 3-pal\u010dna cev za natan\u010dno doziranje smodnika za u\u010dinkovito polnjenje tulcev. Aluminij.<\/p>\n","protected":false},"featured_media":119173,"template":"","meta":{"_acf_changed":false},"product_brand":[11052],"product_cat":[13479,13433],"product_tag":[],"class_list":{"0":"post-139332","1":"product","2":"type-product","3":"status-publish","4":"has-post-thumbnail","6":"product_brand-area-419","7":"product_cat-ponovno-polnjenje","8":"product_cat-pribor-za-polnjenje","10":"first","11":"outofstock","12":"taxable","13":"shipping-taxable","14":"purchasable","15":"product-type-simple"},"acf":[],"_links":{"self":[{"href":"https:\/\/staging.nbg.eu\/sl\/wp-json\/wp\/v2\/product\/139332","targetHints":{"allow":["GET"]}}],"collection":[{"href":"https:\/\/staging.nbg.eu\/sl\/wp-json\/wp\/v2\/product"}],"about":[{"href":"https:\/\/staging.nbg.eu\/sl\/wp-json\/wp\/v2\/types\/product"}],"wp:featuredmedia":[{"embeddable":true,"href":"https:\/\/staging.nbg.eu\/sl\/wp-json\/wp\/v2\/media\/119173"}],"wp:attachment":[{"href":"https:\/\/staging.nbg.eu\/sl\/wp-json\/wp\/v2\/media?parent=139332"}],"wp:term":[{"taxonomy":"product_brand","embeddable":true,"href":"https:\/\/staging.nbg.eu\/sl\/wp-json\/wp\/v2\/product_brand?post=139332"},{"taxonomy":"product_cat","embeddable":true,"href":"https:\/\/staging.nbg.eu\/sl\/wp-json\/wp\/v2\/product_cat?post=139332"},{"taxonomy":"product_tag","embeddable":true,"href":"https:\/\/staging.nbg.eu\/sl\/wp-json\/wp\/v2\/product_tag?post=139332"}],"curies":[{"name":"wp","href":"https:\/\/api.w.org\/{rel}","templated":true}]}}