{"id":139205,"date":"2025-01-04T11:14:34","date_gmt":"2025-01-04T11:14:34","guid":{"rendered":"https:\/\/staging.nbg.eu\/product\/fixed-scope-level-for-area-419-rings-and-mounts\/"},"modified":"2025-01-10T10:28:36","modified_gmt":"2025-01-10T10:28:36","slug":"fiksna-libela-za-optiko-za-area-419-obroce-in-nosilce","status":"publish","type":"product","link":"https:\/\/staging.nbg.eu\/sl\/izdelek\/fiksna-libela-za-optiko-za-area-419-obroce-in-nosilce\/","title":{"rendered":"Fiksna libela za optiko za Area 419 obro\u010de in nosilce"},"content":{"rendered":"<div class=\"product-description\">\n<h2>Fiksna vodna tehtnica za Area 419 obro\u010dke in nosilce<\/h2>\n<p>Na\u0161a fiksna vodna tehtnica je zasnovana za dobro vidljivost in ponovljivost. Zna\u010dilnosti vklju\u010dujejo:<\/p>\n<ul>\n<li>Dobro vidna ampula za enostavno od\u010ditavanje<\/li>\n<li>Prilagodljiva zasnova, zdru\u017eljiva z ve\u010d to\u010dkami pritrditve<\/li>\n<li>Izdelana iz trpe\u017enega aluminija 6061<\/li>\n<li>Izdelano v Ameriki<\/li>\n<\/ul>\n<p>Primerno za strelce, ki zahtevajo natan\u010dnost. Namestite jo na katerega koli od na\u0161ih obro\u010dkov in nosilcev po va\u0161i izbiri.<\/p>\n<h3>Specifikacije:<\/h3>\n<ul>\n<li>Te\u017ea: 0,23 kg<\/li>\n<li>Dimenzije: 15,24 \u00d7 10,16 \u00d7 2,54 cm<\/li>\n<\/ul>\n<p>Fiksna vodna tehtnica zdru\u017euje preprostost in natan\u010dnost.<\/p>\n<\/div>\n","protected":false},"excerpt":{"rendered":"<p>&#8220;Viden, ponovljiv nivo pu\u0161kohledov. Aluminij izdelan v ZDA. Vsestranska monta\u017ea.&#8221;<\/p>\n","protected":false},"featured_media":118931,"template":"","meta":{"_acf_changed":false},"product_brand":[11052],"product_cat":[13459,13416],"product_tag":[],"class_list":{"0":"post-139205","1":"product","2":"type-product","3":"status-publish","4":"has-post-thumbnail","6":"product_brand-area-419","7":"product_cat-meritev","8":"product_cat-pribor-za-meritev","10":"first","11":"instock","12":"taxable","13":"shipping-taxable","14":"purchasable","15":"product-type-simple"},"acf":[],"_links":{"self":[{"href":"https:\/\/staging.nbg.eu\/sl\/wp-json\/wp\/v2\/product\/139205","targetHints":{"allow":["GET"]}}],"collection":[{"href":"https:\/\/staging.nbg.eu\/sl\/wp-json\/wp\/v2\/product"}],"about":[{"href":"https:\/\/staging.nbg.eu\/sl\/wp-json\/wp\/v2\/types\/product"}],"wp:featuredmedia":[{"embeddable":true,"href":"https:\/\/staging.nbg.eu\/sl\/wp-json\/wp\/v2\/media\/118931"}],"wp:attachment":[{"href":"https:\/\/staging.nbg.eu\/sl\/wp-json\/wp\/v2\/media?parent=139205"}],"wp:term":[{"taxonomy":"product_brand","embeddable":true,"href":"https:\/\/staging.nbg.eu\/sl\/wp-json\/wp\/v2\/product_brand?post=139205"},{"taxonomy":"product_cat","embeddable":true,"href":"https:\/\/staging.nbg.eu\/sl\/wp-json\/wp\/v2\/product_cat?post=139205"},{"taxonomy":"product_tag","embeddable":true,"href":"https:\/\/staging.nbg.eu\/sl\/wp-json\/wp\/v2\/product_tag?post=139205"}],"curies":[{"name":"wp","href":"https:\/\/api.w.org\/{rel}","templated":true}]}}