{"id":139098,"date":"2025-01-04T11:21:50","date_gmt":"2025-01-04T11:21:50","guid":{"rendered":"https:\/\/staging.nbg.eu\/product\/area-419-master-funnel-kit\/"},"modified":"2025-01-10T10:23:16","modified_gmt":"2025-01-10T10:23:16","slug":"area-419-komplet-glavnih-lijev","status":"publish","type":"product","link":"https:\/\/staging.nbg.eu\/sl\/izdelek\/area-419-komplet-glavnih-lijev\/","title":{"rendered":"Area 419 &#8211; komplet glavnih lijev"},"content":{"rendered":"<h2>Area 419 &#8211; Komplet glavnih lijakov<\/h2>\n<p>Komplet Area 419 glavnih lijakov vklju\u010duje:<\/p>\n<ul>\n<li>1 telo lijaka<\/li>\n<li>6 barvno kodiranih glav za specifi\u010dne kalibre (22 cal, 6mm\/243, 6.5mm\/264, 7mm\/284, 30 cal, 338 cal)<\/li>\n<li>1 blok za shranjevanje<\/li>\n<\/ul>\n<p>Izdelan iz aluminija 6061-T6, ta lijak zmanj\u0161uje stati\u010dno naelektrenje in omogo\u010da pretok smodnika. Zamenljive glave se prilegajo vsakemu kalibru. Zasnova vklju\u010duje:<\/p>\n<ul>\n<li>Narebreno notranjost za bolj\u0161i pretok smodnika<\/li>\n<li>Ro\u010daje za la\u017eji oprijem<\/li>\n<li>Gladke povr\u0161ine za prepre\u010devanje lepljenja smodnika<\/li>\n<\/ul>\n<p>Izdelano v ZDA, ta komplet je namenjen za natan\u010dno polnjenje nabojev.<\/p>\n","protected":false},"excerpt":{"rendered":"<p>Komplet glavnega lijaka Area 419: Natan\u010dno polnjenje z glavami za 6 kalibrov.<\/p>\n","protected":false},"featured_media":119075,"template":"","meta":{"_acf_changed":false},"product_brand":[11041],"product_cat":[13479,13433],"product_tag":[],"class_list":{"0":"post-139098","1":"product","2":"type-product","3":"status-publish","4":"has-post-thumbnail","6":"product_brand-area-419","7":"product_cat-ponovno-polnjenje","8":"product_cat-pribor-za-polnjenje","10":"first","11":"instock","12":"taxable","13":"shipping-taxable","14":"purchasable","15":"product-type-simple"},"acf":[],"_links":{"self":[{"href":"https:\/\/staging.nbg.eu\/sl\/wp-json\/wp\/v2\/product\/139098","targetHints":{"allow":["GET"]}}],"collection":[{"href":"https:\/\/staging.nbg.eu\/sl\/wp-json\/wp\/v2\/product"}],"about":[{"href":"https:\/\/staging.nbg.eu\/sl\/wp-json\/wp\/v2\/types\/product"}],"wp:featuredmedia":[{"embeddable":true,"href":"https:\/\/staging.nbg.eu\/sl\/wp-json\/wp\/v2\/media\/119075"}],"wp:attachment":[{"href":"https:\/\/staging.nbg.eu\/sl\/wp-json\/wp\/v2\/media?parent=139098"}],"wp:term":[{"taxonomy":"product_brand","embeddable":true,"href":"https:\/\/staging.nbg.eu\/sl\/wp-json\/wp\/v2\/product_brand?post=139098"},{"taxonomy":"product_cat","embeddable":true,"href":"https:\/\/staging.nbg.eu\/sl\/wp-json\/wp\/v2\/product_cat?post=139098"},{"taxonomy":"product_tag","embeddable":true,"href":"https:\/\/staging.nbg.eu\/sl\/wp-json\/wp\/v2\/product_tag?post=139098"}],"curies":[{"name":"wp","href":"https:\/\/api.w.org\/{rel}","templated":true}]}}