{"id":138370,"date":"2025-01-04T04:14:08","date_gmt":"2025-01-09T20:35:35","guid":{"rendered":"https:\/\/staging.nbg.eu\/product\/area-419-remington-700-long-action-improved-scope-rail-isr-la\/"},"modified":"2025-01-09T20:37:39","modified_gmt":"2025-01-09T20:37:39","slug":"area-419-remington-700-long-action-izboljsana-tirnica-za-optiko-isr-la","status":"publish","type":"product","link":"https:\/\/staging.nbg.eu\/sl\/izdelek\/area-419-remington-700-long-action-izboljsana-tirnica-za-optiko-isr-la\/","title":{"rendered":"Area 419 &#8211; Remington 700 Long Action izbolj\u0161ana tirnica za optiko (ISR-LA)"},"content":{"rendered":"<div class=\"product-description\">\n<h2>Area 419 &#8211; Izbolj\u0161ana monta\u017ena tirnica za daljnogled za Remington 700 Long Action (ISR-LA)<\/h2>\n<p>Area 419 ISR-LA monta\u017ena tirnica za daljnogled. Izdelana iz 7075 aluminija, ta tirnica vklju\u010duje:<\/p>\n<ul>\n<li>Vgrajen odbojni nastavek za ve\u010djo stabilnost<\/li>\n<li>Na voljo v izvedbah s polnimi re\u017eami in ARC Top<\/li>\n<li>Zdru\u017eljiva z vijaki #6 in #8<\/li>\n<li>20 MOA kot za pove\u010dan doseg<\/li>\n<li>Skladna s standardom MIL-STD-1913<\/li>\n<li>\u010crna anodizirana povr\u0161ina tipa III<\/li>\n<\/ul>\n<p>Vklju\u010duje pritrdilni material in Torx T10 klju\u010d. Izbirate lahko med izvedbo s polnimi re\u017eami za univerzalno zdru\u017eljivost ali ARC Top za poseben videz. Dimenzije: 8,25&#8243; \u00d7 1&#8243; \u00d7 1&#8243;, Te\u017ea: 0,2 lbs.<\/p>\n<\/div>\n","protected":false},"excerpt":{"rendered":"<p>Precizno izdelana 20 MOA monta\u017ena letev za daljnoglede za pu\u0161ke Remington 700 LA.<\/p>\n","protected":false},"featured_media":111615,"template":"","meta":{"_acf_changed":false},"product_brand":[11052],"product_cat":[13483,13431],"product_tag":[],"class_list":{"0":"post-138370","1":"product","2":"type-product","3":"status-publish","4":"has-post-thumbnail","6":"product_brand-area-419","7":"product_cat-puska","8":"product_cat-tirnice","10":"first","11":"instock","12":"taxable","13":"shipping-taxable","14":"purchasable","15":"product-type-variable","16":"wvs-archive-product-wrapper"},"acf":[],"_links":{"self":[{"href":"https:\/\/staging.nbg.eu\/sl\/wp-json\/wp\/v2\/product\/138370","targetHints":{"allow":["GET"]}}],"collection":[{"href":"https:\/\/staging.nbg.eu\/sl\/wp-json\/wp\/v2\/product"}],"about":[{"href":"https:\/\/staging.nbg.eu\/sl\/wp-json\/wp\/v2\/types\/product"}],"wp:featuredmedia":[{"embeddable":true,"href":"https:\/\/staging.nbg.eu\/sl\/wp-json\/wp\/v2\/media\/111615"}],"wp:attachment":[{"href":"https:\/\/staging.nbg.eu\/sl\/wp-json\/wp\/v2\/media?parent=138370"}],"wp:term":[{"taxonomy":"product_brand","embeddable":true,"href":"https:\/\/staging.nbg.eu\/sl\/wp-json\/wp\/v2\/product_brand?post=138370"},{"taxonomy":"product_cat","embeddable":true,"href":"https:\/\/staging.nbg.eu\/sl\/wp-json\/wp\/v2\/product_cat?post=138370"},{"taxonomy":"product_tag","embeddable":true,"href":"https:\/\/staging.nbg.eu\/sl\/wp-json\/wp\/v2\/product_tag?post=138370"}],"curies":[{"name":"wp","href":"https:\/\/api.w.org\/{rel}","templated":true}]}}